{"id":3625,"date":"2024-09-17T11:09:10","date_gmt":"2024-09-17T11:09:10","guid":{"rendered":"https:\/\/granat.ideea.studio\/?page_id=3625"},"modified":"2025-08-25T10:36:55","modified_gmt":"2025-08-25T10:36:55","slug":"cosmetologie-injectabila","status":"publish","type":"page","link":"https:\/\/granatmed.md\/ru\/servicii\/cosmetologie-injectabila\/","title":{"rendered":"\u0418\u043d\u044a\u0435\u043a\u0446\u0438\u043e\u043d\u043d\u0430\u044f \u043a\u043e\u0441\u043c\u0435\u0442\u043e\u043b\u043e\u0433\u0438\u044f"},"content":{"rendered":"<div data-elementor-type=\"wp-page\" data-elementor-id=\"3625\" class=\"elementor elementor-3625\" data-elementor-post-type=\"page\">\n\t\t\t\t\t\t<section class=\"elementor-section elementor-top-section elementor-element elementor-element-f995139 elementor-section-full_width elementor-section-height-default elementor-section-height-default\" data-id=\"f995139\" data-element_type=\"section\">\n\t\t\t\t\t\t<div class=\"elementor-container elementor-column-gap-no\">\n\t\t\t\t\t<div class=\"elementor-column elementor-col-100 elementor-top-column elementor-element elementor-element-39a8339\" data-id=\"39a8339\" data-element_type=\"column\">\n\t\t\t<div class=\"elementor-widget-wrap elementor-element-populated\">\n\t\t\t\t\t\t<div class=\"elementor-element elementor-element-8b2fbe9 elementor-widget elementor-widget-ideapark-page-header\" data-id=\"8b2fbe9\" data-element_type=\"widget\" data-widget_type=\"ideapark-page-header.default\">\n\t\t\t\t<div class=\"elementor-widget-container\">\n\t\t\t\t\t\t<header\n\t\tclass=\"l-section c-page-header c-page-header--header-type-1 c-page-header--default c-page-header--low\"\n\t\t>\n\n\t\t\t\t\t<div class=\"c-page-header__wrap\">\n\t\t\t\t\t\t\t\t\t<h1 class=\"c-page-header__title\">\u0418\u043d\u044a\u0435\u043a\u0446\u0438\u043e\u043d\u043d\u0430\u044f \u043a\u043e\u0441\u043c\u0435\u0442\u043e\u043b\u043e\u0433\u0438\u044f<\/h1>\n\t\t\t\t\t\t\t<\/div>\n\t\t\t\t<nav aria-label=\"breadcrumbs\" class=\"rank-math-breadcrumb c-breadcrumbs\"><div class=\"c-breadcrumbs__list\"><span class=\"last\">\u0413\u043b\u0430\u0432\u043d\u0430\u044f<\/span><\/div><\/nav>\t<\/header>\n\t\t\t\t<\/div>\n\t\t\t\t<\/div>\n\t\t\t\t\t<\/div>\n\t\t<\/div>\n\t\t\t\t\t<\/div>\n\t\t<\/section>\n\t\t<div class=\"elementor-element elementor-element-f8d8a5f e-grid e-con-boxed e-con e-parent\" data-id=\"f8d8a5f\" data-element_type=\"container\">\n\t\t\t\t\t<div class=\"e-con-inner\">\n\t\t<div class=\"elementor-element elementor-element-fb922f5 e-con-full e-flex e-con e-child\" data-id=\"fb922f5\" data-element_type=\"container\">\n\t\t\t\t<div class=\"elementor-element elementor-element-d5295cc elementor-widget elementor-widget-image\" data-id=\"d5295cc\" data-element_type=\"widget\" data-widget_type=\"image.default\">\n\t\t\t\t<div class=\"elementor-widget-container\">\n\t\t\t\t\t\t\t\t\t\t\t\t\t\t\t\t<a href=\"https:\/\/granatmed.md\/ru\/servicii\/cosmetologie-injectabila\/hiperhidroza\/\">\n\t\t\t\t\t\t\t<img fetchpriority=\"high\" decoding=\"async\" width=\"460\" height=\"460\" src=\"https:\/\/granatmed.md\/wp-content\/uploads\/2024\/09\/A-1-460x460.webp\" class=\"attachment-medium size-medium wp-image-3584\" alt=\"\" srcset=\"https:\/\/granatmed.md\/wp-content\/uploads\/2024\/09\/A-1-460x460.webp 460w, https:\/\/granatmed.md\/wp-content\/uploads\/2024\/09\/A-1-115x115.webp 115w, https:\/\/granatmed.md\/wp-content\/uploads\/2024\/09\/A-1-760x760.webp 760w, https:\/\/granatmed.md\/wp-content\/uploads\/2024\/09\/A-1-145x145.webp 145w, https:\/\/granatmed.md\/wp-content\/uploads\/2024\/09\/A-1-290x290.webp 290w, https:\/\/granatmed.md\/wp-content\/uploads\/2024\/09\/A-1.webp 900w\" sizes=\"(max-width: 460px) 100vw, 460px\" \/>\t\t\t\t\t\t\t\t<\/a>\n\t\t\t\t\t\t\t\t\t\t\t\t\t\t\t<\/div>\n\t\t\t\t<\/div>\n\t\t\t\t<div class=\"elementor-element elementor-element-1d9ab26 elementor-widget elementor-widget-text-editor\" data-id=\"1d9ab26\" data-element_type=\"widget\" data-widget_type=\"text-editor.default\">\n\t\t\t\t<div class=\"elementor-widget-container\">\n\t\t\t\t\t\t\t\t\t<p class=\"mt-4 text-sm text-gray-600\"><a href=\"https:\/\/granatmed.md\/ru\/servicii\/cosmetologie-injectabila\/hiperhidroza\/\">\u0413\u0438\u043f\u0435\u0440\u0433\u0438\u0434\u0440\u043e\u0437 (\u0427\u0440\u0435\u0437\u043c\u0435\u0440\u043d\u043e\u0435 \u043f\u043e\u0442\u043e\u043e\u0442\u0434\u0435\u043b\u0435\u043d\u0438\u0435)<\/a><\/p>\t\t\t\t\t\t\t\t<\/div>\n\t\t\t\t<\/div>\n\t\t\t\t<div class=\"elementor-element elementor-element-3c41f9e elementor-widget elementor-widget-ideapark-heading\" data-id=\"3c41f9e\" data-element_type=\"widget\" data-widget_type=\"ideapark-heading.default\">\n\t\t\t\t<div class=\"elementor-widget-container\">\n\t\t\t\t\t<div class=\"c-ip-heading c-ip-heading--medium c-ip-heading--left c-ip-heading--bullet-hide\"><span class=\"c-ip-heading__inner\"><a href=\"https:\/\/granatmed.md\/ru\/servicii\/cosmetologie-injectabila\/hiperhidroza\/\">3600-5000 MDL<\/a><\/span><\/div>\t\t\t\t<\/div>\n\t\t\t\t<\/div>\n\t\t\t\t<\/div>\n\t\t<div class=\"elementor-element elementor-element-f594106 e-con-full e-flex e-con e-child\" data-id=\"f594106\" data-element_type=\"container\">\n\t\t\t\t<div class=\"elementor-element elementor-element-8c468b0 elementor-widget elementor-widget-image\" data-id=\"8c468b0\" data-element_type=\"widget\" data-widget_type=\"image.default\">\n\t\t\t\t<div class=\"elementor-widget-container\">\n\t\t\t\t\t\t\t\t\t\t\t\t\t\t\t\t<a href=\"https:\/\/granatmed.md\/ru\/servicii\/cosmetologie-injectabila\/biorevitalizare\/\">\n\t\t\t\t\t\t\t<img decoding=\"async\" width=\"460\" height=\"460\" src=\"https:\/\/granatmed.md\/wp-content\/uploads\/2024\/09\/A-2-460x460.webp\" class=\"attachment-medium size-medium wp-image-3594\" alt=\"\" srcset=\"https:\/\/granatmed.md\/wp-content\/uploads\/2024\/09\/A-2-460x460.webp 460w, https:\/\/granatmed.md\/wp-content\/uploads\/2024\/09\/A-2-115x115.webp 115w, https:\/\/granatmed.md\/wp-content\/uploads\/2024\/09\/A-2-760x760.webp 760w, https:\/\/granatmed.md\/wp-content\/uploads\/2024\/09\/A-2-145x145.webp 145w, https:\/\/granatmed.md\/wp-content\/uploads\/2024\/09\/A-2-290x290.webp 290w, https:\/\/granatmed.md\/wp-content\/uploads\/2024\/09\/A-2.webp 900w\" sizes=\"(max-width: 460px) 100vw, 460px\" \/>\t\t\t\t\t\t\t\t<\/a>\n\t\t\t\t\t\t\t\t\t\t\t\t\t\t\t<\/div>\n\t\t\t\t<\/div>\n\t\t\t\t<div class=\"elementor-element elementor-element-7ed3160 elementor-widget elementor-widget-text-editor\" data-id=\"7ed3160\" data-element_type=\"widget\" data-widget_type=\"text-editor.default\">\n\t\t\t\t<div class=\"elementor-widget-container\">\n\t\t\t\t\t\t\t\t\t<p class=\"mt-4 text-sm text-gray-600\"><a href=\"https:\/\/granatmed.md\/ru\/servicii\/cosmetologie-injectabila\/biorevitalizare\/\">\u0411\u0438\u043e\u0440\u0435\u0432\u0438\u0442\u0430\u043b\u0438\u0437\u0430\u0446\u0438\u044f<\/a><\/p>\t\t\t\t\t\t\t\t<\/div>\n\t\t\t\t<\/div>\n\t\t\t\t<div class=\"elementor-element elementor-element-dd86405 elementor-widget elementor-widget-ideapark-heading\" data-id=\"dd86405\" data-element_type=\"widget\" data-widget_type=\"ideapark-heading.default\">\n\t\t\t\t<div class=\"elementor-widget-container\">\n\t\t\t\t\t<div class=\"c-ip-heading c-ip-heading--medium c-ip-heading--left c-ip-heading--bullet-hide\"><span class=\"c-ip-heading__inner\"><a href=\"https:\/\/granatmed.md\/ru\/servicii\/cosmetologie-injectabila\/biorevitalizare\/\">1600-4000 MDL<\/a><\/span><\/div>\t\t\t\t<\/div>\n\t\t\t\t<\/div>\n\t\t\t\t<\/div>\n\t\t<div class=\"elementor-element elementor-element-1c91e48 e-con-full e-flex e-con e-child\" data-id=\"1c91e48\" data-element_type=\"container\">\n\t\t\t\t<div class=\"elementor-element elementor-element-290f653 elementor-widget elementor-widget-image\" data-id=\"290f653\" data-element_type=\"widget\" data-widget_type=\"image.default\">\n\t\t\t\t<div class=\"elementor-widget-container\">\n\t\t\t\t\t\t\t\t\t\t\t\t\t\t\t\t<a href=\"https:\/\/granatmed.md\/ru\/servicii\/cosmetologie-injectabila\/mezoterapie\/\">\n\t\t\t\t\t\t\t<img decoding=\"async\" width=\"460\" height=\"460\" src=\"https:\/\/granatmed.md\/wp-content\/uploads\/2024\/09\/A-3-460x460.webp\" class=\"attachment-medium size-medium wp-image-3595\" alt=\"\" srcset=\"https:\/\/granatmed.md\/wp-content\/uploads\/2024\/09\/A-3-460x460.webp 460w, https:\/\/granatmed.md\/wp-content\/uploads\/2024\/09\/A-3-115x115.webp 115w, https:\/\/granatmed.md\/wp-content\/uploads\/2024\/09\/A-3-760x760.webp 760w, https:\/\/granatmed.md\/wp-content\/uploads\/2024\/09\/A-3-145x145.webp 145w, https:\/\/granatmed.md\/wp-content\/uploads\/2024\/09\/A-3-290x290.webp 290w, https:\/\/granatmed.md\/wp-content\/uploads\/2024\/09\/A-3.webp 900w\" sizes=\"(max-width: 460px) 100vw, 460px\" \/>\t\t\t\t\t\t\t\t<\/a>\n\t\t\t\t\t\t\t\t\t\t\t\t\t\t\t<\/div>\n\t\t\t\t<\/div>\n\t\t\t\t<div class=\"elementor-element elementor-element-8797636 elementor-widget elementor-widget-text-editor\" data-id=\"8797636\" data-element_type=\"widget\" data-widget_type=\"text-editor.default\">\n\t\t\t\t<div class=\"elementor-widget-container\">\n\t\t\t\t\t\t\t\t\t<p class=\"mt-4 text-sm text-gray-600\"><a href=\"https:\/\/granatmed.md\/ru\/servicii\/cosmetologie-injectabila\/mezoterapie\/\">MEZOTERAPIE<\/a><\/p>\t\t\t\t\t\t\t\t<\/div>\n\t\t\t\t<\/div>\n\t\t\t\t<div class=\"elementor-element elementor-element-c75ffcd elementor-widget elementor-widget-ideapark-heading\" data-id=\"c75ffcd\" data-element_type=\"widget\" data-widget_type=\"ideapark-heading.default\">\n\t\t\t\t<div class=\"elementor-widget-container\">\n\t\t\t\t\t<div class=\"c-ip-heading c-ip-heading--medium c-ip-heading--left c-ip-heading--bullet-hide\"><span class=\"c-ip-heading__inner\"><a href=\"https:\/\/granatmed.md\/ru\/servicii\/cosmetologie-injectabila\/mezoterapie\/\">800-2000 MDL<\/a><\/span><\/div>\t\t\t\t<\/div>\n\t\t\t\t<\/div>\n\t\t\t\t<\/div>\n\t\t<div class=\"elementor-element elementor-element-61c0b84 e-con-full e-flex e-con e-child\" data-id=\"61c0b84\" data-element_type=\"container\">\n\t\t\t\t<div class=\"elementor-element elementor-element-f889dc5 elementor-widget elementor-widget-image\" data-id=\"f889dc5\" data-element_type=\"widget\" data-widget_type=\"image.default\">\n\t\t\t\t<div class=\"elementor-widget-container\">\n\t\t\t\t\t\t\t\t\t\t\t\t\t\t\t\t<a href=\"https:\/\/granatmed.md\/ru\/servicii\/cosmetologie-injectabila\/plasmoterapie\/\">\n\t\t\t\t\t\t\t<img loading=\"lazy\" decoding=\"async\" width=\"460\" height=\"460\" src=\"https:\/\/granatmed.md\/wp-content\/uploads\/2024\/09\/A-4-460x460.webp\" class=\"attachment-medium size-medium wp-image-3596\" alt=\"\" srcset=\"https:\/\/granatmed.md\/wp-content\/uploads\/2024\/09\/A-4-460x460.webp 460w, https:\/\/granatmed.md\/wp-content\/uploads\/2024\/09\/A-4-115x115.webp 115w, https:\/\/granatmed.md\/wp-content\/uploads\/2024\/09\/A-4-760x760.webp 760w, https:\/\/granatmed.md\/wp-content\/uploads\/2024\/09\/A-4-145x145.webp 145w, https:\/\/granatmed.md\/wp-content\/uploads\/2024\/09\/A-4-290x290.webp 290w, https:\/\/granatmed.md\/wp-content\/uploads\/2024\/09\/A-4.webp 900w\" sizes=\"(max-width: 460px) 100vw, 460px\" \/>\t\t\t\t\t\t\t\t<\/a>\n\t\t\t\t\t\t\t\t\t\t\t\t\t\t\t<\/div>\n\t\t\t\t<\/div>\n\t\t\t\t<div class=\"elementor-element elementor-element-986d940 elementor-widget elementor-widget-text-editor\" data-id=\"986d940\" data-element_type=\"widget\" data-widget_type=\"text-editor.default\">\n\t\t\t\t<div class=\"elementor-widget-container\">\n\t\t\t\t\t\t\t\t\t<p class=\"mt-4 text-sm text-gray-600\"><a href=\"https:\/\/granatmed.md\/ru\/servicii\/cosmetologie-injectabila\/plasmoterapie\/\">PLASMOTERAPIE (PRP)<\/a><\/p>\t\t\t\t\t\t\t\t<\/div>\n\t\t\t\t<\/div>\n\t\t\t\t<div class=\"elementor-element elementor-element-818525c elementor-widget elementor-widget-ideapark-heading\" data-id=\"818525c\" data-element_type=\"widget\" data-widget_type=\"ideapark-heading.default\">\n\t\t\t\t<div class=\"elementor-widget-container\">\n\t\t\t\t\t<div class=\"c-ip-heading c-ip-heading--medium c-ip-heading--left c-ip-heading--bullet-hide\"><span class=\"c-ip-heading__inner\"><a href=\"https:\/\/granatmed.md\/ru\/servicii\/cosmetologie-injectabila\/plasmoterapie\/\">1800-2000 MDL<\/a><\/span><\/div>\t\t\t\t<\/div>\n\t\t\t\t<\/div>\n\t\t\t\t<\/div>\n\t\t<div class=\"elementor-element elementor-element-7233ad4 e-con-full e-flex e-con e-child\" data-id=\"7233ad4\" data-element_type=\"container\">\n\t\t\t\t<div class=\"elementor-element elementor-element-2dbae39 elementor-widget elementor-widget-image\" data-id=\"2dbae39\" data-element_type=\"widget\" data-widget_type=\"image.default\">\n\t\t\t\t<div class=\"elementor-widget-container\">\n\t\t\t\t\t\t\t\t\t\t\t\t\t\t\t\t<a href=\"https:\/\/granatmed.md\/ru\/servicii\/cosmetologie-injectabila\/botulinoterapie\/\">\n\t\t\t\t\t\t\t<img loading=\"lazy\" decoding=\"async\" width=\"460\" height=\"460\" src=\"https:\/\/granatmed.md\/wp-content\/uploads\/2024\/09\/A-5-460x460.webp\" class=\"attachment-medium size-medium wp-image-3597\" alt=\"\" srcset=\"https:\/\/granatmed.md\/wp-content\/uploads\/2024\/09\/A-5-460x460.webp 460w, https:\/\/granatmed.md\/wp-content\/uploads\/2024\/09\/A-5-115x115.webp 115w, https:\/\/granatmed.md\/wp-content\/uploads\/2024\/09\/A-5-760x760.webp 760w, https:\/\/granatmed.md\/wp-content\/uploads\/2024\/09\/A-5-145x145.webp 145w, https:\/\/granatmed.md\/wp-content\/uploads\/2024\/09\/A-5-290x290.webp 290w, https:\/\/granatmed.md\/wp-content\/uploads\/2024\/09\/A-5.webp 900w\" sizes=\"(max-width: 460px) 100vw, 460px\" \/>\t\t\t\t\t\t\t\t<\/a>\n\t\t\t\t\t\t\t\t\t\t\t\t\t\t\t<\/div>\n\t\t\t\t<\/div>\n\t\t\t\t<div class=\"elementor-element elementor-element-25d5eef elementor-widget elementor-widget-text-editor\" data-id=\"25d5eef\" data-element_type=\"widget\" data-widget_type=\"text-editor.default\">\n\t\t\t\t<div class=\"elementor-widget-container\">\n\t\t\t\t\t\t\t\t\t<p class=\"mt-4 text-sm text-gray-600\"><a href=\"https:\/\/granatmed.md\/ru\/servicii\/cosmetologie-injectabila\/botulinoterapie\/\">BOTULINOTERAPIE<\/a><\/p>\t\t\t\t\t\t\t\t<\/div>\n\t\t\t\t<\/div>\n\t\t\t\t<div class=\"elementor-element elementor-element-dd73a7a elementor-widget elementor-widget-ideapark-heading\" data-id=\"dd73a7a\" data-element_type=\"widget\" data-widget_type=\"ideapark-heading.default\">\n\t\t\t\t<div class=\"elementor-widget-container\">\n\t\t\t\t\t<div class=\"c-ip-heading c-ip-heading--medium c-ip-heading--left c-ip-heading--bullet-hide\"><span class=\"c-ip-heading__inner\"><a href=\"https:\/\/granatmed.md\/ru\/servicii\/cosmetologie-injectabila\/botulinoterapie\/\">1800-7000 MDL<\/a><\/span><\/div>\t\t\t\t<\/div>\n\t\t\t\t<\/div>\n\t\t\t\t<\/div>\n\t\t<div class=\"elementor-element elementor-element-91817b0 e-con-full e-flex e-con e-child\" data-id=\"91817b0\" data-element_type=\"container\">\n\t\t\t\t<div class=\"elementor-element elementor-element-28e5cee elementor-widget elementor-widget-image\" data-id=\"28e5cee\" data-element_type=\"widget\" data-widget_type=\"image.default\">\n\t\t\t\t<div class=\"elementor-widget-container\">\n\t\t\t\t\t\t\t\t\t\t\t\t\t\t\t\t<a href=\"https:\/\/granatmed.md\/ru\/servicii\/cosmetologie-injectabila\/plastia-de-contur\/\">\n\t\t\t\t\t\t\t<img loading=\"lazy\" decoding=\"async\" width=\"460\" height=\"460\" src=\"https:\/\/granatmed.md\/wp-content\/uploads\/2024\/09\/A-6-460x460.webp\" class=\"attachment-medium size-medium wp-image-3599\" alt=\"\" srcset=\"https:\/\/granatmed.md\/wp-content\/uploads\/2024\/09\/A-6-460x460.webp 460w, https:\/\/granatmed.md\/wp-content\/uploads\/2024\/09\/A-6-115x115.webp 115w, https:\/\/granatmed.md\/wp-content\/uploads\/2024\/09\/A-6-145x145.webp 145w, https:\/\/granatmed.md\/wp-content\/uploads\/2024\/09\/A-6-290x290.webp 290w, https:\/\/granatmed.md\/wp-content\/uploads\/2024\/09\/A-6.webp 720w\" sizes=\"(max-width: 460px) 100vw, 460px\" \/>\t\t\t\t\t\t\t\t<\/a>\n\t\t\t\t\t\t\t\t\t\t\t\t\t\t\t<\/div>\n\t\t\t\t<\/div>\n\t\t\t\t<div class=\"elementor-element elementor-element-01e6cb7 elementor-widget elementor-widget-text-editor\" data-id=\"01e6cb7\" data-element_type=\"widget\" data-widget_type=\"text-editor.default\">\n\t\t\t\t<div class=\"elementor-widget-container\">\n\t\t\t\t\t\t\t\t\t<p class=\"mt-4 text-sm text-gray-600\"><a href=\"https:\/\/granatmed.md\/ru\/servicii\/cosmetologie-injectabila\/plastia-de-contur\/\">\u041a\u043e\u043d\u0442\u0443\u0440\u043d\u0430\u044f \u043f\u043b\u0430\u0441\u0442\u0438\u043a\u0430<\/a><\/p>\t\t\t\t\t\t\t\t<\/div>\n\t\t\t\t<\/div>\n\t\t\t\t<div class=\"elementor-element elementor-element-f6e3d9b elementor-widget elementor-widget-ideapark-heading\" data-id=\"f6e3d9b\" data-element_type=\"widget\" data-widget_type=\"ideapark-heading.default\">\n\t\t\t\t<div class=\"elementor-widget-container\">\n\t\t\t\t\t<div class=\"c-ip-heading c-ip-heading--medium c-ip-heading--left c-ip-heading--bullet-hide\"><span class=\"c-ip-heading__inner\"><a href=\"https:\/\/granatmed.md\/ru\/servicii\/cosmetologie-injectabila\/plastia-de-contur\/\">3000-6000 MDL<\/a><\/span><\/div>\t\t\t\t<\/div>\n\t\t\t\t<\/div>\n\t\t\t\t<\/div>\n\t\t<div class=\"elementor-element elementor-element-f6af515 e-con-full e-flex e-con e-child\" data-id=\"f6af515\" data-element_type=\"container\">\n\t\t\t\t<div class=\"elementor-element elementor-element-d1e05b1 elementor-widget elementor-widget-image\" data-id=\"d1e05b1\" data-element_type=\"widget\" data-widget_type=\"image.default\">\n\t\t\t\t<div class=\"elementor-widget-container\">\n\t\t\t\t\t\t\t\t\t\t\t\t\t\t\t\t<a href=\"https:\/\/granatmed.md\/ru\/servicii\/cosmetologie-injectabila\/threadlifting\/\">\n\t\t\t\t\t\t\t<img loading=\"lazy\" decoding=\"async\" width=\"460\" height=\"460\" src=\"https:\/\/granatmed.md\/wp-content\/uploads\/2024\/09\/A-7-460x460.webp\" class=\"attachment-medium size-medium wp-image-3598\" alt=\"\" srcset=\"https:\/\/granatmed.md\/wp-content\/uploads\/2024\/09\/A-7-460x460.webp 460w, https:\/\/granatmed.md\/wp-content\/uploads\/2024\/09\/A-7-115x115.webp 115w, https:\/\/granatmed.md\/wp-content\/uploads\/2024\/09\/A-7-145x145.webp 145w, https:\/\/granatmed.md\/wp-content\/uploads\/2024\/09\/A-7-290x290.webp 290w, https:\/\/granatmed.md\/wp-content\/uploads\/2024\/09\/A-7.webp 728w\" sizes=\"(max-width: 460px) 100vw, 460px\" \/>\t\t\t\t\t\t\t\t<\/a>\n\t\t\t\t\t\t\t\t\t\t\t\t\t\t\t<\/div>\n\t\t\t\t<\/div>\n\t\t\t\t<div class=\"elementor-element elementor-element-8c5a275 elementor-widget elementor-widget-text-editor\" data-id=\"8c5a275\" data-element_type=\"widget\" data-widget_type=\"text-editor.default\">\n\t\t\t\t<div class=\"elementor-widget-container\">\n\t\t\t\t\t\t\t\t\t<p class=\"mt-4 text-sm text-gray-600\"><a href=\"https:\/\/granatmed.md\/ru\/servicii\/cosmetologie-injectabila\/threadlifting\/\">THREADLIFTING (FIRE)<\/a><\/p>\t\t\t\t\t\t\t\t<\/div>\n\t\t\t\t<\/div>\n\t\t\t\t<div class=\"elementor-element elementor-element-2a0184e elementor-widget elementor-widget-ideapark-heading\" data-id=\"2a0184e\" data-element_type=\"widget\" data-widget_type=\"ideapark-heading.default\">\n\t\t\t\t<div class=\"elementor-widget-container\">\n\t\t\t\t\t<div class=\"c-ip-heading c-ip-heading--medium c-ip-heading--left c-ip-heading--bullet-hide\"><span class=\"c-ip-heading__inner\"><a href=\"https:\/\/granatmed.md\/ru\/servicii\/cosmetologie-injectabila\/threadlifting\/\">200-1000 MDL per fir<\/a><\/span><\/div>\t\t\t\t<\/div>\n\t\t\t\t<\/div>\n\t\t\t\t<\/div>\n\t\t\t\t\t<\/div>\n\t\t\t\t<\/div>\n\t\t\t\t<section class=\"elementor-section elementor-top-section elementor-element elementor-element-d6d71ab elementor-section-boxed elementor-section-height-default elementor-section-height-default\" data-id=\"d6d71ab\" data-element_type=\"section\" data-settings=\"{&quot;background_background&quot;:&quot;classic&quot;}\">\n\t\t\t\t\t\t\t<div class=\"elementor-background-overlay\"><\/div>\n\t\t\t\t\t\t\t<div class=\"elementor-container elementor-column-gap-no\">\n\t\t\t\t\t<div class=\"elementor-column elementor-col-50 elementor-top-column elementor-element elementor-element-002c906\" data-id=\"002c906\" data-element_type=\"column\">\n\t\t\t<div class=\"elementor-widget-wrap elementor-element-populated\">\n\t\t\t\t\t\t<section class=\"elementor-section elementor-inner-section elementor-element elementor-element-8f26a2b elementor-section-boxed elementor-section-height-default elementor-section-height-default\" data-id=\"8f26a2b\" data-element_type=\"section\" data-settings=\"{&quot;background_background&quot;:&quot;classic&quot;}\">\n\t\t\t\t\t\t<div class=\"elementor-container elementor-column-gap-no\">\n\t\t\t\t\t<div class=\"elementor-column elementor-col-100 elementor-inner-column elementor-element elementor-element-9171ea3\" data-id=\"9171ea3\" data-element_type=\"column\">\n\t\t\t<div class=\"elementor-widget-wrap elementor-element-populated\">\n\t\t\t\t\t\t<div class=\"elementor-element elementor-element-442686b elementor-widget elementor-widget-ideapark-heading\" data-id=\"442686b\" data-element_type=\"widget\" data-widget_type=\"ideapark-heading.default\">\n\t\t\t\t<div class=\"elementor-widget-container\">\n\t\t\t\t\t<div class=\"c-ip-heading c-ip-heading--small c-ip-heading--center c-ip-heading--bullet-hide c-ip-heading--block-align-center\"><span class=\"c-ip-heading__inner\">\u0417\u0430\u043f\u0438\u0441\u044c<\/span><\/div>\t\t\t\t<\/div>\n\t\t\t\t<\/div>\n\t\t\t\t<div class=\"elementor-element elementor-element-cd43843 elementor-widget elementor-widget-ideapark-heading\" data-id=\"cd43843\" data-element_type=\"widget\" data-widget_type=\"ideapark-heading.default\">\n\t\t\t\t<div class=\"elementor-widget-container\">\n\t\t\t\t\t<div class=\"c-ip-heading c-ip-heading--default c-ip-heading--center c-ip-heading--bullet-hide\"><span class=\"c-ip-heading__inner\">\u0417\u0430\u043f\u0438\u0448\u0438\u0442\u0435\u0441\u044c \u043f\u0440\u044f\u043c\u043e \u0441\u0435\u0439\u0447\u0430\u0441 \u2013 \u043e\u043d\u043b\u0430\u0439\u043d, \u0431\u044b\u0441\u0442\u0440\u043e \u0438 \u0443\u0434\u043e\u0431\u043d\u043e!<\/span><\/div>\t\t\t\t<\/div>\n\t\t\t\t<\/div>\n\t\t\t\t<div class=\"elementor-element elementor-element-f4a4b4f elementor-widget elementor-widget-shortcode\" data-id=\"f4a4b4f\" data-element_type=\"widget\" data-widget_type=\"shortcode.default\">\n\t\t\t\t<div class=\"elementor-widget-container\">\n\t\t\t\t\t\t\t<div class=\"elementor-shortcode\">\n<div class=\"wpcf7 no-js\" id=\"wpcf7-f2069-o1\" lang=\"en-US\" dir=\"ltr\" data-wpcf7-id=\"2069\">\n<div class=\"screen-reader-response\"><p role=\"status\" aria-live=\"polite\" aria-atomic=\"true\"><\/p> <ul><\/ul><\/div>\n<form action=\"\/ru\/wp-json\/wp\/v2\/pages\/3625#wpcf7-f2069-o1\" method=\"post\" class=\"wpcf7-form init\" aria-label=\"Contact form\" novalidate=\"novalidate\" data-status=\"init\" data-trp-original-action=\"\/ru\/wp-json\/wp\/v2\/pages\/3625#wpcf7-f2069-o1\">\n<fieldset class=\"hidden-fields-container\"><input type=\"hidden\" name=\"_wpcf7\" value=\"2069\" \/><input type=\"hidden\" name=\"_wpcf7_version\" value=\"6.1.2\" \/><input type=\"hidden\" name=\"_wpcf7_locale\" value=\"en_US\" \/><input type=\"hidden\" name=\"_wpcf7_unit_tag\" value=\"wpcf7-f2069-o1\" \/><input type=\"hidden\" name=\"_wpcf7_container_post\" value=\"0\" \/><input type=\"hidden\" name=\"_wpcf7_posted_data_hash\" value=\"\" \/>\n<\/fieldset>\n<span class=\"wpcf7-form-control-wrap\" data-name=\"your-name\"><input size=\"40\" maxlength=\"400\" class=\"wpcf7-form-control wpcf7-text wpcf7-validates-as-required\" aria-required=\"true\" aria-invalid=\"false\" placeholder=\"\u0418\u043c\u044f\" value=\"\" type=\"text\" name=\"your-name\" \/><\/span>\n<span class=\"wpcf7-form-control-wrap\" data-name=\"your-phone\"><input size=\"40\" maxlength=\"400\" class=\"wpcf7-form-control wpcf7-tel wpcf7-validates-as-required wpcf7-text wpcf7-validates-as-tel\" aria-required=\"true\" aria-invalid=\"false\" placeholder=\"\u0422\u0435\u043b\u0435\u0444\u043e\u043d\" value=\"\" type=\"tel\" name=\"your-phone\" \/><\/span>\n<input class=\"wpcf7-form-control wpcf7-submit has-spinner c-button c-button--full\" type=\"submit\" value=\"\u041e\u0442\u043f\u0440\u0430\u0432\u0438\u0442\u044c\" \/><p style=\"display: none !important;\" class=\"akismet-fields-container\" data-prefix=\"_wpcf7_ak_\"><label>&#916;<textarea name=\"_wpcf7_ak_hp_textarea\" cols=\"45\" rows=\"8\" maxlength=\"100\"><\/textarea><\/label><input type=\"hidden\" id=\"ak_js_1\" name=\"_wpcf7_ak_js\" value=\"190\"\/><script>document.getElementById( \"ak_js_1\" ).setAttribute( \"value\", ( new Date() ).getTime() );<\/script><\/p><div class=\"wpcf7-response-output\" aria-hidden=\"true\"><\/div>\n<input type=\"hidden\" name=\"trp-form-language\" value=\"ru\"\/><\/form>\n<\/div>\n<\/div>\n\t\t\t\t\t\t<\/div>\n\t\t\t\t<\/div>\n\t\t\t\t\t<\/div>\n\t\t<\/div>\n\t\t\t\t\t<\/div>\n\t\t<\/section>\n\t\t\t\t\t<\/div>\n\t\t<\/div>\n\t\t\t\t<div class=\"elementor-column elementor-col-50 elementor-top-column elementor-element elementor-element-a86acb2\" data-id=\"a86acb2\" data-element_type=\"column\">\n\t\t\t<div class=\"elementor-widget-wrap\">\n\t\t\t\t\t\t\t<\/div>\n\t\t<\/div>\n\t\t\t\t\t<\/div>\n\t\t<\/section>\n\t\t\t\t<\/div>","protected":false},"excerpt":{"rendered":"<p>Cosmetologie injectabil\u0103 HIPERHIDROZA (TRANSPIRA\u021aIA EXCESIV\u0102) 3600-5000 MDL BIOREVITALIZARE 2600-4000 MDL MEZOTERAPIE 800-2000 MDL PLASMOTERAPIE (PRP) 1800-2000 MDL BOTULINOTERAPIE 1800-7000 MDL PLASTIA DE&hellip;<\/p>","protected":false},"author":1,"featured_media":0,"parent":2250,"menu_order":0,"comment_status":"closed","ping_status":"closed","template":"elementor_header_footer","meta":{"_metasync_otto_title":"","_metasync_otto_description":"","rank_math_title":"Cosmetologie Injectabil\u0103 \u2013 Tratamente Estetice Profesionale ","rank_math_description":"Tratamente de cosmetologie injectabil\u0103: biorevitalizare, augmentare buze, mezoterapie \u0219i terapii anti-\u00eemb\u0103tr\u00e2nire realizate de medici califica\u021bi. ","_yoast_wpseo_title":"","_yoast_wpseo_metadesc":"","footnotes":""},"class_list":["post-3625","page","type-page","status-publish","hentry"],"_links":{"self":[{"href":"https:\/\/granatmed.md\/ru\/wp-json\/wp\/v2\/pages\/3625","targetHints":{"allow":["GET"]}}],"collection":[{"href":"https:\/\/granatmed.md\/ru\/wp-json\/wp\/v2\/pages"}],"about":[{"href":"https:\/\/granatmed.md\/ru\/wp-json\/wp\/v2\/types\/page"}],"author":[{"embeddable":true,"href":"https:\/\/granatmed.md\/ru\/wp-json\/wp\/v2\/users\/1"}],"replies":[{"embeddable":true,"href":"https:\/\/granatmed.md\/ru\/wp-json\/wp\/v2\/comments?post=3625"}],"version-history":[{"count":23,"href":"https:\/\/granatmed.md\/ru\/wp-json\/wp\/v2\/pages\/3625\/revisions"}],"predecessor-version":[{"id":4753,"href":"https:\/\/granatmed.md\/ru\/wp-json\/wp\/v2\/pages\/3625\/revisions\/4753"}],"up":[{"embeddable":true,"href":"https:\/\/granatmed.md\/ru\/wp-json\/wp\/v2\/pages\/2250"}],"wp:attachment":[{"href":"https:\/\/granatmed.md\/ru\/wp-json\/wp\/v2\/media?parent=3625"}],"curies":[{"name":"wp","href":"https:\/\/api.w.org\/{rel}","templated":true}]}}