{"id":4005,"date":"2024-09-24T14:10:15","date_gmt":"2024-09-24T14:10:15","guid":{"rendered":"https:\/\/granat.ideea.studio\/?page_id=4005"},"modified":"2024-09-24T14:19:08","modified_gmt":"2024-09-24T14:19:08","slug":"masaj-facial","status":"publish","type":"page","link":"https:\/\/granatmed.md\/ru\/servicii\/cosmetologie-estetica\/masaj-facial\/","title":{"rendered":"\u041c\u0430\u0441\u0441\u0430\u0436 \u043b\u0438\u0446\u0430"},"content":{"rendered":"<div data-elementor-type=\"wp-page\" data-elementor-id=\"4005\" class=\"elementor elementor-4005\" data-elementor-post-type=\"page\">\n\t\t\t\t\t\t<section class=\"elementor-section elementor-top-section elementor-element elementor-element-f995139 elementor-section-full_width elementor-section-height-default elementor-section-height-default\" data-id=\"f995139\" data-element_type=\"section\" data-e-type=\"section\">\n\t\t\t\t\t\t<div class=\"elementor-container elementor-column-gap-no\">\n\t\t\t\t\t<div class=\"elementor-column elementor-col-100 elementor-top-column elementor-element elementor-element-39a8339\" data-id=\"39a8339\" data-element_type=\"column\" data-e-type=\"column\">\n\t\t\t<div class=\"elementor-widget-wrap elementor-element-populated\">\n\t\t\t\t\t\t<div class=\"elementor-element elementor-element-8b2fbe9 elementor-widget elementor-widget-ideapark-page-header\" data-id=\"8b2fbe9\" data-element_type=\"widget\" data-e-type=\"widget\" data-widget_type=\"ideapark-page-header.default\">\n\t\t\t\t<div class=\"elementor-widget-container\">\n\t\t\t\t\t\t<header\n\t\tclass=\"l-section c-page-header c-page-header--header-type-1 c-page-header--default c-page-header--low\"\n\t\t>\n\n\t\t\t\t\t<div class=\"c-page-header__wrap\">\n\t\t\t\t\t\t\t\t\t<h1 class=\"c-page-header__title\">\u041c\u0430\u0441\u0441\u0430\u0436 \u043b\u0438\u0446\u0430<\/h1>\n\t\t\t\t\t\t\t<\/div>\n\t\t\t\t<nav aria-label=\"breadcrumbs\" class=\"rank-math-breadcrumb c-breadcrumbs\"><div class=\"c-breadcrumbs__list\"><span class=\"last\">\u0413\u043b\u0430\u0432\u043d\u0430\u044f<\/span><\/div><\/nav>\t<\/header>\n\t\t\t\t<\/div>\n\t\t\t\t<\/div>\n\t\t\t\t\t<\/div>\n\t\t<\/div>\n\t\t\t\t\t<\/div>\n\t\t<\/section>\n\t\t\t\t<section class=\"elementor-section elementor-top-section elementor-element elementor-element-207e3be h-banner-1 elementor-section-boxed elementor-section-height-default elementor-section-height-default\" data-id=\"207e3be\" data-element_type=\"section\" data-e-type=\"section\" data-settings=\"{&quot;background_background&quot;:&quot;classic&quot;}\">\n\t\t\t\t\t\t<div class=\"elementor-container elementor-column-gap-no\">\n\t\t\t\t\t<div class=\"elementor-column elementor-col-50 elementor-top-column elementor-element elementor-element-12c097b\" data-id=\"12c097b\" data-element_type=\"column\" data-e-type=\"column\" data-settings=\"{&quot;background_background&quot;:&quot;classic&quot;}\">\n\t\t\t<div class=\"elementor-widget-wrap elementor-element-populated\">\n\t\t\t\t\t\t<div class=\"elementor-element elementor-element-cab36dd elementor-widget elementor-widget-ideapark-heading\" data-id=\"cab36dd\" data-element_type=\"widget\" data-e-type=\"widget\" data-widget_type=\"ideapark-heading.default\">\n\t\t\t\t<div class=\"elementor-widget-container\">\n\t\t\t\t\t<div class=\"c-ip-heading c-ip-heading--small c-ip-heading--center c-ip-heading--bullet-after\"><span class=\"c-ip-heading__inner\">\u042d\u0441\u0442\u0435\u0442\u0438\u0447\u0435\u0441\u043a\u0430\u044f \u043a\u043e\u0441\u043c\u0435\u0442\u043e\u043b\u043e\u0433\u0438\u044f<\/span><\/div>\t\t\t\t<\/div>\n\t\t\t\t<\/div>\n\t\t\t\t<div class=\"elementor-element elementor-element-7fb575d elementor-widget elementor-widget-ideapark-heading\" data-id=\"7fb575d\" data-element_type=\"widget\" data-e-type=\"widget\" data-widget_type=\"ideapark-heading.default\">\n\t\t\t\t<div class=\"elementor-widget-container\">\n\t\t\t\t\t<div class=\"c-ip-heading c-ip-heading--medium c-ip-heading--center c-ip-heading--bullet-hide\"><span class=\"c-ip-heading__inner\">\u041c\u0430\u0441\u0441\u0430\u0436 \u043b\u0438\u0446\u0430<\/span><\/div>\t\t\t\t<\/div>\n\t\t\t\t<\/div>\n\t\t\t\t<div class=\"elementor-element elementor-element-9fbba57 elementor-widget__width-inherit elementor-widget elementor-widget-text-editor\" data-id=\"9fbba57\" data-element_type=\"widget\" data-e-type=\"widget\" data-widget_type=\"text-editor.default\">\n\t\t\t\t<div class=\"elementor-widget-container\">\n\t\t\t\t\t\t\t\t\t<p class=\"p1\"><span class=\"s1\"><span style=\"color: #ef4444;\">\u041c\u0430\u0441\u0441\u0430\u0436 \u043b\u0438\u0446\u0430\u00a0<\/span>- \u044d\u0442\u043e \u043f\u0440\u043e\u0446\u0435\u0434\u0443\u0440\u0430, \u043a\u043e\u0442\u043e\u0440\u0430\u044f \u043f\u043e\u043c\u043e\u0433\u0430\u0435\u0442 \u0441\u043e\u0445\u0440\u0430\u043d\u0438\u0442\u044c \u0437\u0434\u043e\u0440\u043e\u0432\u044c\u0435 \u0438 \u043a\u0440\u0430\u0441\u043e\u0442\u0443 \u043a\u043e\u0436\u0438, \u0430 \u0442\u0430\u043a\u0436\u0435 \u0437\u0430\u043c\u0435\u0434\u043b\u0438\u0442\u044c \u043f\u0440\u043e\u0446\u0435\u0441\u0441 \u0441\u0442\u0430\u0440\u0435\u043d\u0438\u044f.<\/p>\n\n<ul>\n \t<li>\u041e\u043d \u043f\u0440\u0435\u0434\u043e\u0442\u0432\u0440\u0430\u0449\u0430\u0435\u0442 \u043f\u043e\u044f\u0432\u043b\u0435\u043d\u0438\u0435 \u043c\u043e\u0440\u0449\u0438\u043d, \u0443\u0432\u0435\u043b\u0438\u0447\u0438\u0432\u0430\u0435\u0442 \u0432\u044b\u0440\u0430\u0431\u043e\u0442\u043a\u0443 \u043a\u043e\u043b\u043b\u0430\u0433\u0435\u043d\u0430 \u0438 \u044d\u043b\u0430\u0441\u0442\u0438\u043d\u0430.<\/li>\n \t<li>\u0420\u0430\u0441\u0441\u043b\u0430\u0431\u043b\u044f\u0435\u0442 \u043c\u044b\u0448\u0446\u044b \u043b\u0438\u0446\u0430, \u0441\u043d\u0438\u043c\u0430\u0435\u0442 \u043d\u0430\u043f\u0440\u044f\u0436\u0435\u043d\u0438\u0435 \u0438 \u043f\u0440\u0435\u0434\u043e\u0442\u0432\u0440\u0430\u0449\u0430\u0435\u0442 \u043f\u0442\u043e\u0437 \u0442\u043a\u0430\u043d\u0435\u0439.<\/li>\n \t<li>\u0410\u043a\u0442\u0438\u0432\u0438\u0437\u0438\u0440\u0443\u0435\u0442 \u043a\u0440\u043e\u0432\u043e\u043e\u0431\u0440\u0430\u0449\u0435\u043d\u0438\u0435 \u0438 \u0441\u043f\u043e\u0441\u043e\u0431\u0441\u0442\u0432\u0443\u0435\u0442 \u0431\u044b\u0441\u0442\u0440\u043e\u043c\u0443 \u043f\u0440\u043e\u043d\u0438\u043a\u043d\u043e\u0432\u0435\u043d\u0438\u044e \u043a\u043e\u0441\u043c\u0435\u0442\u0438\u0447\u0435\u0441\u043a\u0438\u0445 \u0441\u0440\u0435\u0434\u0441\u0442\u0432 \u0447\u0435\u0440\u0435\u0437 \u0432\u0435\u0440\u0445\u043d\u0438\u0439 \u0441\u043b\u043e\u0439 \u043a\u043e\u0436\u0438.<\/li>\n \t<li>\u0423\u043b\u0443\u0447\u0448\u0430\u0435\u0442 \u0446\u0432\u0435\u0442 \u043a\u043e\u0436\u0438 \u0438 \u0443\u043c\u0435\u043d\u044c\u0448\u0430\u0435\u0442 \u043e\u0442\u0435\u043a\u0438.<\/li>\n<\/ul>\n<p class=\"p1\">\u0412 \u0426\u0435\u043d\u0442\u0440\u0435 \u044d\u0441\u0442\u0435\u0442\u0438\u0447\u0435\u0441\u043a\u043e\u0439 \u043c\u0435\u0434\u0438\u0446\u0438\u043d\u044b \"\u0413\u0440\u0430\u043d\u0430\u0442\u041c\u0435\u0434\" \u0432\u0430\u043c \u043f\u0440\u0435\u0434\u043b\u043e\u0436\u0430\u0442 \u043d\u0435\u0441\u043a\u043e\u043b\u044c\u043a\u043e \u0432\u0438\u0434\u043e\u0432 \u0441\u043a\u0443\u043b\u044c\u043f\u0442\u0443\u0440\u043d\u043e\u0433\u043e \u043c\u0430\u0441\u0441\u0430\u0436\u0430, \u043a\u043e\u0442\u043e\u0440\u044b\u0435 \u043e\u0447\u0435\u043d\u044c \u044d\u0444\u0444\u0435\u043a\u0442\u0438\u0432\u043d\u044b \u0432 \u0440\u0435\u043c\u043e\u0434\u0435\u043b\u0438\u0440\u043e\u0432\u0430\u043d\u0438\u0438 \u043b\u0438\u0446\u0430:<\/p>\n\n<ol>\n \t<li style=\"list-style-type: none;\"><span style=\"color: #ef4444;\">\n<ol>\n \t<li class=\"p1\">\u041a\u043b\u0430\u0441\u0441\u0438\u0447\u0435\u0441\u043a\u0438\u0439 \u043c\u0430\u0441\u0441\u0430\u0436<\/li>\n \t<li class=\"p1\">\u0411\u0443\u043a\u0430\u043b\u044c\u043d\u044b\u0439 \u043c\u0430\u0441\u0441\u0430\u0436<\/li>\n \t<li class=\"p1\">\u041c\u0438\u043e\u0444\u0430\u0441\u0446\u0438\u0430\u043b\u044c\u043d\u044b\u0439 \u043c\u0430\u0441\u0441\u0430\u0436<\/li>\n \t<li class=\"p1\">\u041b\u0438\u043c\u0444\u043e\u0434\u0440\u0435\u043d\u0430\u0436\u043d\u044b\u0439 \u043c\u0430\u0441\u0441\u0430\u0436<\/li>\n \t<li class=\"p1\">\u0410\u044e\u0440\u0432\u0435\u0434\u0438\u0447\u0435\u0441\u043a\u0438\u0439 \u043c\u0430\u0441\u0441\u0430\u0436<\/li><\/span>\n<\/ol>\n<\/li>\n<\/ol>\t\t\t\t\t\t\t\t<\/div>\n\t\t\t\t<\/div>\n\t\t\t\t<div class=\"elementor-element elementor-element-0947f02 elementor-widget elementor-widget-ideapark-pricing\" data-id=\"0947f02\" data-element_type=\"widget\" data-e-type=\"widget\" data-widget_type=\"ideapark-pricing.default\">\n\t\t\t\t<div class=\"elementor-widget-container\">\n\t\t\t\t\t\t\t<div class=\"c-ip-pricing\">\n\t\t\t<div class=\"c-ip-pricing__wrap\">\n\t\t\t\t<div class=\"c-ip-pricing__list\">\n\t\t\t\t\t\t\t\t\t\t\t<div class=\"c-ip-pricing__item\">\n\t\t\t\t\t\t\t\t\t\t\t\t\t\t\t\t\t\t\t\t\t<div class=\"c-ip-pricing__content\">\n\t\t\t\t\t\t\t\t<div class=\"c-ip-pricing__top-row\">\n\t\t\t\t\t\t\t\t\t\t\t\t\t\t\t\t\t\t\t<div class=\"c-ip-pricing__title\">\n\t\t\t\t\t\t\t\t\t\t\t\t\t\t\t\t\t\t\t\t\t\t\t\u0426\u0435\u043d\u0430\t\t\t\t\t\t\t\t\t\t\t\t\t\t\t\t\t\t\t\t\t\t<\/div>\n\t\t\t\t\t\t\t\t\t\t\t\t\t\t\t\t\t\t\t\t\t\t\t\t\t\t\t\t<div\n\t\t\t\t\t\t\t\t\t\t\tclass=\"c-ip-pricing__price c-ip-pricing__price--desktop\">650 - 1500 MDL<\/div>\n\t\t\t\t\t\t\t\t\t\t\t\t\t\t\t\t\t<\/div>\n\t\t\t\t\t\t\t\t\t\t\t\t\t\t\t\t\t<div\n\t\t\t\t\t\t\t\t\t\tclass=\"c-ip-pricing__price c-ip-pricing__price--mobile\">650 - 1500 MDL<\/div>\n\t\t\t\t\t\t\t\t\t\t\t\t\t\t\t\t\t\t\t\t\t\t\t\t\t<div\n\t\t\t\t\t\t\t\t\t\tclass=\"c-ip-pricing__description\">\u041f\u0440\u043e\u0434\u043e\u043b\u0436\u0438\u0442\u0435\u043b\u044c\u043d\u043e\u0441\u0442\u044c - 30 - 90 \u043c\u0438\u043d<\/div>\n\t\t\t\t\t\t\t\t\t\t\t\t\t\t\t\t<div class=\"c-ip-pricing__space\"><\/div>\n\n\t\t\t\t\t\t\t<\/div>\n\n\t\t\t\t\t\t<\/div>\n\t\t\t\t\t\t\t\t\t\t<\/div>\n\t\t\t<\/div>\n\t\t<\/div>\n\t\t\t\t\t\t<\/div>\n\t\t\t\t<\/div>\n\t\t\t\t<div class=\"elementor-element elementor-element-e252290 elementor-align-center elementor-mobile-align-left elementor-widget elementor-widget-ideapark-button\" data-id=\"e252290\" data-element_type=\"widget\" data-e-type=\"widget\" data-widget_type=\"ideapark-button.default\">\n\t\t\t\t<div class=\"elementor-widget-container\">\n\t\t\t\t\t\t\t<div class=\"c-ip-button__wrap\">\n\t\t\t<a href=\"https:\/\/b823702.alteg.io\/company\/773461\/personal\/menu?o=\" class=\"c-button c-ip-button c-button--default\" role=\"button\">\n\t\t\t\t\t\t\t\t<span class=\"c-ip-button__text\">\u0417\u0430\u043f\u0438\u0441\u0430\u0442\u044c\u0441\u044f<\/span>\n\t\t\t\t\t\t\t<\/a>\n\t\t<\/div>\n\t\t\t\t\t\t<\/div>\n\t\t\t\t<\/div>\n\t\t\t\t\t<\/div>\n\t\t<\/div>\n\t\t\t\t<div class=\"elementor-column elementor-col-50 elementor-top-column elementor-element elementor-element-68849da h-banner-1__column-left\" data-id=\"68849da\" data-element_type=\"column\" data-e-type=\"column\" data-settings=\"{&quot;background_background&quot;:&quot;classic&quot;}\">\n\t\t\t<div class=\"elementor-widget-wrap elementor-element-populated\">\n\t\t\t\t\t\t<div class=\"elementor-element elementor-element-0988953 elementor-widget elementor-widget-spacer\" data-id=\"0988953\" data-element_type=\"widget\" data-e-type=\"widget\" data-widget_type=\"spacer.default\">\n\t\t\t\t<div class=\"elementor-widget-container\">\n\t\t\t\t\t\t\t<div class=\"elementor-spacer\">\n\t\t\t<div class=\"elementor-spacer-inner\"><\/div>\n\t\t<\/div>\n\t\t\t\t\t\t<\/div>\n\t\t\t\t<\/div>\n\t\t\t\t\t<\/div>\n\t\t<\/div>\n\t\t\t\t\t<\/div>\n\t\t<\/section>\n\t\t\t\t<section class=\"elementor-section elementor-top-section elementor-element elementor-element-ceeb201 elementor-section-boxed elementor-section-height-default elementor-section-height-default\" data-id=\"ceeb201\" data-element_type=\"section\" data-e-type=\"section\">\n\t\t\t\t\t\t<div class=\"elementor-container elementor-column-gap-no\">\n\t\t\t\t\t<div class=\"elementor-column elementor-col-25 elementor-top-column elementor-element elementor-element-0b37ff5\" data-id=\"0b37ff5\" data-element_type=\"column\" data-e-type=\"column\">\n\t\t\t<div class=\"elementor-widget-wrap elementor-element-populated\">\n\t\t\t\t<div class=\"elementor-element elementor-element-32a5776 e-flex e-con-boxed e-con e-parent\" data-id=\"32a5776\" data-element_type=\"container\" data-e-type=\"container\">\n\t\t\t\t\t<div class=\"e-con-inner\">\n\t\t\t\t<div class=\"elementor-element elementor-element-d113ef0 elementor-widget elementor-widget-image\" data-id=\"d113ef0\" data-element_type=\"widget\" data-e-type=\"widget\" data-widget_type=\"image.default\">\n\t\t\t\t<div class=\"elementor-widget-container\">\n\t\t\t\t\t\t\t\t\t\t\t\t\t\t\t<img fetchpriority=\"high\" decoding=\"async\" width=\"675\" height=\"675\" src=\"https:\/\/granatmed.md\/wp-content\/uploads\/2024\/09\/C-3.webp\" class=\"attachment-large size-large wp-image-3630\" alt=\"\" srcset=\"https:\/\/granatmed.md\/wp-content\/uploads\/2024\/09\/C-3.webp 675w, https:\/\/granatmed.md\/wp-content\/uploads\/2024\/09\/C-3-460x460.webp 460w, https:\/\/granatmed.md\/wp-content\/uploads\/2024\/09\/C-3-115x115.webp 115w, https:\/\/granatmed.md\/wp-content\/uploads\/2024\/09\/C-3-145x145.webp 145w, https:\/\/granatmed.md\/wp-content\/uploads\/2024\/09\/C-3-290x290.webp 290w\" sizes=\"(max-width: 675px) 100vw, 675px\" \/>\t\t\t\t\t\t\t\t\t\t\t\t\t\t\t<\/div>\n\t\t\t\t<\/div>\n\t\t\t\t\t<\/div>\n\t\t\t\t<\/div>\n\t\t\t\t\t<\/div>\n\t\t<\/div>\n\t\t\t\t<div class=\"elementor-column elementor-col-25 elementor-top-column elementor-element elementor-element-053f251\" data-id=\"053f251\" data-element_type=\"column\" data-e-type=\"column\">\n\t\t\t<div class=\"elementor-widget-wrap elementor-element-populated\">\n\t\t\t\t<div class=\"elementor-element elementor-element-d2601ec e-flex e-con-boxed e-con e-parent\" data-id=\"d2601ec\" data-element_type=\"container\" data-e-type=\"container\">\n\t\t\t\t\t<div class=\"e-con-inner\">\n\t\t\t\t<div class=\"elementor-element elementor-element-8326bca elementor-widget elementor-widget-image\" data-id=\"8326bca\" data-element_type=\"widget\" data-e-type=\"widget\" data-widget_type=\"image.default\">\n\t\t\t\t<div class=\"elementor-widget-container\">\n\t\t\t\t\t\t\t\t\t\t\t\t\t\t\t<img decoding=\"async\" width=\"720\" height=\"720\" src=\"https:\/\/granatmed.md\/wp-content\/uploads\/2024\/09\/C-3b.webp\" class=\"attachment-large size-large wp-image-4008\" alt=\"\" srcset=\"https:\/\/granatmed.md\/wp-content\/uploads\/2024\/09\/C-3b.webp 720w, https:\/\/granatmed.md\/wp-content\/uploads\/2024\/09\/C-3b-460x460.webp 460w, https:\/\/granatmed.md\/wp-content\/uploads\/2024\/09\/C-3b-115x115.webp 115w, https:\/\/granatmed.md\/wp-content\/uploads\/2024\/09\/C-3b-12x12.webp 12w, https:\/\/granatmed.md\/wp-content\/uploads\/2024\/09\/C-3b-145x145.webp 145w, https:\/\/granatmed.md\/wp-content\/uploads\/2024\/09\/C-3b-290x290.webp 290w\" sizes=\"(max-width: 720px) 100vw, 720px\" \/>\t\t\t\t\t\t\t\t\t\t\t\t\t\t\t<\/div>\n\t\t\t\t<\/div>\n\t\t\t\t\t<\/div>\n\t\t\t\t<\/div>\n\t\t\t\t\t<\/div>\n\t\t<\/div>\n\t\t\t\t<div class=\"elementor-column elementor-col-25 elementor-top-column elementor-element elementor-element-f7043cb\" data-id=\"f7043cb\" data-element_type=\"column\" data-e-type=\"column\">\n\t\t\t<div class=\"elementor-widget-wrap elementor-element-populated\">\n\t\t\t\t<div class=\"elementor-element elementor-element-f401799 e-con-full e-flex e-con e-child\" data-id=\"f401799\" data-element_type=\"container\" data-e-type=\"container\">\n\t\t\t\t<div class=\"elementor-element elementor-element-5d4ec19 elementor-widget elementor-widget-image\" data-id=\"5d4ec19\" data-element_type=\"widget\" data-e-type=\"widget\" data-widget_type=\"image.default\">\n\t\t\t\t<div class=\"elementor-widget-container\">\n\t\t\t\t\t\t\t\t\t\t\t\t\t\t\t<img decoding=\"async\" width=\"720\" height=\"720\" src=\"https:\/\/granatmed.md\/wp-content\/uploads\/2024\/09\/C-3c.webp\" class=\"attachment-large size-large wp-image-4009\" alt=\"\" srcset=\"https:\/\/granatmed.md\/wp-content\/uploads\/2024\/09\/C-3c.webp 720w, https:\/\/granatmed.md\/wp-content\/uploads\/2024\/09\/C-3c-460x460.webp 460w, https:\/\/granatmed.md\/wp-content\/uploads\/2024\/09\/C-3c-115x115.webp 115w, https:\/\/granatmed.md\/wp-content\/uploads\/2024\/09\/C-3c-12x12.webp 12w, https:\/\/granatmed.md\/wp-content\/uploads\/2024\/09\/C-3c-145x145.webp 145w, https:\/\/granatmed.md\/wp-content\/uploads\/2024\/09\/C-3c-290x290.webp 290w\" sizes=\"(max-width: 720px) 100vw, 720px\" \/>\t\t\t\t\t\t\t\t\t\t\t\t\t\t\t<\/div>\n\t\t\t\t<\/div>\n\t\t\t\t<\/div>\n\t\t\t\t\t<\/div>\n\t\t<\/div>\n\t\t\t\t<div class=\"elementor-column elementor-col-25 elementor-top-column elementor-element elementor-element-ff40335\" data-id=\"ff40335\" data-element_type=\"column\" data-e-type=\"column\">\n\t\t\t<div class=\"elementor-widget-wrap elementor-element-populated\">\n\t\t\t\t<div class=\"elementor-element elementor-element-5d807a7 e-flex e-con-boxed e-con e-parent\" data-id=\"5d807a7\" data-element_type=\"container\" data-e-type=\"container\">\n\t\t\t\t\t<div class=\"e-con-inner\">\n\t\t\t\t<div class=\"elementor-element elementor-element-88540d5 elementor-widget elementor-widget-image\" data-id=\"88540d5\" data-element_type=\"widget\" data-e-type=\"widget\" data-widget_type=\"image.default\">\n\t\t\t\t<div class=\"elementor-widget-container\">\n\t\t\t\t\t\t\t\t\t\t\t\t\t\t\t<img loading=\"lazy\" decoding=\"async\" width=\"900\" height=\"900\" src=\"https:\/\/granatmed.md\/wp-content\/uploads\/2024\/09\/granat_patrat_alb-rosu.png\" class=\"attachment-large size-large wp-image-3666\" alt=\"\" srcset=\"https:\/\/granatmed.md\/wp-content\/uploads\/2024\/09\/granat_patrat_alb-rosu.png 900w, https:\/\/granatmed.md\/wp-content\/uploads\/2024\/09\/granat_patrat_alb-rosu-460x460.png 460w, https:\/\/granatmed.md\/wp-content\/uploads\/2024\/09\/granat_patrat_alb-rosu-115x115.png 115w, https:\/\/granatmed.md\/wp-content\/uploads\/2024\/09\/granat_patrat_alb-rosu-760x760.png 760w, https:\/\/granatmed.md\/wp-content\/uploads\/2024\/09\/granat_patrat_alb-rosu-145x145.png 145w, https:\/\/granatmed.md\/wp-content\/uploads\/2024\/09\/granat_patrat_alb-rosu-290x290.png 290w\" sizes=\"(max-width: 900px) 100vw, 900px\" \/>\t\t\t\t\t\t\t\t\t\t\t\t\t\t\t<\/div>\n\t\t\t\t<\/div>\n\t\t\t\t\t<\/div>\n\t\t\t\t<\/div>\n\t\t\t\t\t<\/div>\n\t\t<\/div>\n\t\t\t\t\t<\/div>\n\t\t<\/section>\n\t\t\t\t<\/div>","protected":false},"excerpt":{"rendered":"<p>Masaj facial Cosmetologie estetic\u0103 Masaj Facial Masajul facial\u00a0este un tratament care ajut\u0103 la men\u021binerea s\u0103n\u0103t\u0103\u021bii \u0219i frumuse\u021bii pielii, dar \u0219i a \u00eencetinirii&hellip;<\/p>","protected":false},"author":1,"featured_media":0,"parent":3579,"menu_order":0,"comment_status":"closed","ping_status":"closed","template":"elementor_header_footer","meta":{"_metasync_otto_title":"","_metasync_otto_description":"","_metasync_otto_keywords":"","_metasync_otto_og_title":"","_metasync_otto_og_description":"","_metasync_otto_twitter_title":"","_metasync_otto_twitter_description":"","rank_math_title":"","rank_math_description":"","_yoast_wpseo_title":"","_yoast_wpseo_metadesc":"","_aioseo_title":"","_aioseo_description":"","_metasync_seo_title":"","_metasync_seo_desc":"","_metasync_breadcrumb_title":"","_metasync_primary_category":0,"_metasync_primary_product_cat":0,"_metasync_otto_disabled":"","_metasync_hreflang":"","footnotes":""},"class_list":["post-4005","page","type-page","status-publish","hentry"],"_links":{"self":[{"href":"https:\/\/granatmed.md\/ru\/wp-json\/wp\/v2\/pages\/4005","targetHints":{"allow":["GET"]}}],"collection":[{"href":"https:\/\/granatmed.md\/ru\/wp-json\/wp\/v2\/pages"}],"about":[{"href":"https:\/\/granatmed.md\/ru\/wp-json\/wp\/v2\/types\/page"}],"author":[{"embeddable":true,"href":"https:\/\/granatmed.md\/ru\/wp-json\/wp\/v2\/users\/1"}],"replies":[{"embeddable":true,"href":"https:\/\/granatmed.md\/ru\/wp-json\/wp\/v2\/comments?post=4005"}],"version-history":[{"count":10,"href":"https:\/\/granatmed.md\/ru\/wp-json\/wp\/v2\/pages\/4005\/revisions"}],"predecessor-version":[{"id":4018,"href":"https:\/\/granatmed.md\/ru\/wp-json\/wp\/v2\/pages\/4005\/revisions\/4018"}],"up":[{"embeddable":true,"href":"https:\/\/granatmed.md\/ru\/wp-json\/wp\/v2\/pages\/3579"}],"wp:attachment":[{"href":"https:\/\/granatmed.md\/ru\/wp-json\/wp\/v2\/media?parent=4005"}],"curies":[{"name":"wp","href":"https:\/\/api.w.org\/{rel}","templated":true}]}}