{"id":4032,"date":"2024-09-24T14:28:57","date_gmt":"2024-09-24T14:28:57","guid":{"rendered":"https:\/\/granat.ideea.studio\/?page_id=4032"},"modified":"2024-10-01T05:21:23","modified_gmt":"2024-10-01T05:21:23","slug":"ingrijirea-tenului","status":"publish","type":"page","link":"https:\/\/granatmed.md\/ru\/servicii\/cosmetologie-estetica\/ingrijirea-tenului\/","title":{"rendered":"\u0423\u0445\u043e\u0434 \u0437\u0430 \u043a\u043e\u0436\u0435\u0439"},"content":{"rendered":"<div data-elementor-type=\"wp-page\" data-elementor-id=\"4032\" class=\"elementor elementor-4032\" data-elementor-post-type=\"page\">\n\t\t\t\t\t\t<section class=\"elementor-section elementor-top-section elementor-element elementor-element-f995139 elementor-section-full_width elementor-section-height-default elementor-section-height-default\" data-id=\"f995139\" data-element_type=\"section\">\n\t\t\t\t\t\t<div class=\"elementor-container elementor-column-gap-no\">\n\t\t\t\t\t<div class=\"elementor-column elementor-col-100 elementor-top-column elementor-element elementor-element-39a8339\" data-id=\"39a8339\" data-element_type=\"column\">\n\t\t\t<div class=\"elementor-widget-wrap elementor-element-populated\">\n\t\t\t\t\t\t<div class=\"elementor-element elementor-element-8b2fbe9 elementor-widget elementor-widget-ideapark-page-header\" data-id=\"8b2fbe9\" data-element_type=\"widget\" data-widget_type=\"ideapark-page-header.default\">\n\t\t\t\t<div class=\"elementor-widget-container\">\n\t\t\t\t\t\t<header\n\t\tclass=\"l-section c-page-header c-page-header--header-type-1 c-page-header--default c-page-header--low\"\n\t\t>\n\n\t\t\t\t\t<div class=\"c-page-header__wrap\">\n\t\t\t\t\t\t\t\t\t<h1 class=\"c-page-header__title\">\u0423\u0445\u043e\u0434 \u0437\u0430 \u043a\u043e\u0436\u0435\u0439<\/h1>\n\t\t\t\t\t\t\t<\/div>\n\t\t\t\t<nav aria-label=\"breadcrumbs\" class=\"rank-math-breadcrumb c-breadcrumbs\"><div class=\"c-breadcrumbs__list\"><span class=\"last\">\u0413\u043b\u0430\u0432\u043d\u0430\u044f<\/span><\/div><\/nav>\t<\/header>\n\t\t\t\t<\/div>\n\t\t\t\t<\/div>\n\t\t\t\t\t<\/div>\n\t\t<\/div>\n\t\t\t\t\t<\/div>\n\t\t<\/section>\n\t\t\t\t<section class=\"elementor-section elementor-top-section elementor-element elementor-element-207e3be h-banner-1 elementor-section-boxed elementor-section-height-default elementor-section-height-default\" data-id=\"207e3be\" data-element_type=\"section\" data-settings=\"{&quot;background_background&quot;:&quot;classic&quot;}\">\n\t\t\t\t\t\t<div class=\"elementor-container elementor-column-gap-no\">\n\t\t\t\t\t<div class=\"elementor-column elementor-col-50 elementor-top-column elementor-element elementor-element-12c097b\" data-id=\"12c097b\" data-element_type=\"column\" data-settings=\"{&quot;background_background&quot;:&quot;classic&quot;}\">\n\t\t\t<div class=\"elementor-widget-wrap elementor-element-populated\">\n\t\t\t\t\t\t<div class=\"elementor-element elementor-element-cab36dd elementor-widget elementor-widget-ideapark-heading\" data-id=\"cab36dd\" data-element_type=\"widget\" data-widget_type=\"ideapark-heading.default\">\n\t\t\t\t<div class=\"elementor-widget-container\">\n\t\t\t\t\t<div class=\"c-ip-heading c-ip-heading--small c-ip-heading--center c-ip-heading--bullet-after\"><span class=\"c-ip-heading__inner\">\u042d\u0441\u0442\u0435\u0442\u0438\u0447\u0435\u0441\u043a\u0430\u044f \u043a\u043e\u0441\u043c\u0435\u0442\u043e\u043b\u043e\u0433\u0438\u044f<\/span><\/div>\t\t\t\t<\/div>\n\t\t\t\t<\/div>\n\t\t\t\t<div class=\"elementor-element elementor-element-7fb575d elementor-widget elementor-widget-ideapark-heading\" data-id=\"7fb575d\" data-element_type=\"widget\" data-widget_type=\"ideapark-heading.default\">\n\t\t\t\t<div class=\"elementor-widget-container\">\n\t\t\t\t\t<div class=\"c-ip-heading c-ip-heading--medium c-ip-heading--center c-ip-heading--bullet-hide\"><span class=\"c-ip-heading__inner\">\u0423\u0445\u043e\u0434 \u0437\u0430 \u043a\u043e\u0436\u0435\u0439<\/span><\/div>\t\t\t\t<\/div>\n\t\t\t\t<\/div>\n\t\t\t\t<div class=\"elementor-element elementor-element-a179107 elementor-widget elementor-widget-text-editor\" data-id=\"a179107\" data-element_type=\"widget\" data-widget_type=\"text-editor.default\">\n\t\t\t\t<div class=\"elementor-widget-container\">\n\t\t\t\t\t\t\t\t\t<p class=\"p1\"><span class=\"s1\"><span style=\"color: #ef4444;\">\u0423\u0445\u043e\u0434 \u0437\u0430 \u043a\u043e\u0436\u0435\u0439<\/span>\u00a0\u0438\u043b\u0438 \u043d\u0435\u0438\u043d\u0432\u0430\u0437\u0438\u0432\u043d\u043e\u0435 \u043b\u0435\u0447\u0435\u043d\u0438\u0435 \u043a\u043e\u0436\u0438 \u2013 \u043c\u043e\u0436\u0435\u0442 \u0432\u043a\u043b\u044e\u0447\u0430\u0442\u044c \u0442\u0430\u043a\u0438\u0435 \u043c\u0435\u0442\u043e\u0434\u044b, \u043a\u0430\u043a \u0440\u0443\u0447\u043d\u043e\u0439 \u0438\u043b\u0438 \u0430\u043f\u043f\u0430\u0440\u0430\u0442\u043d\u044b\u0439 \u043c\u0430\u0441\u0441\u0430\u0436 \u043b\u0438\u0446\u0430, \u043d\u0430\u043d\u0435\u0441\u0435\u043d\u0438\u0435 \u043f\u043e\u0432\u0435\u0440\u0445\u043d\u043e\u0441\u0442\u043d\u044b\u0445 \u0430\u043a\u0442\u0438\u0432\u043d\u044b\u0445 \u0432\u0435\u0449\u0435\u0441\u0442\u0432 \u0432 \u0440\u0430\u0437\u043b\u0438\u0447\u043d\u044b\u0445 \u0444\u043e\u0440\u043c\u0430\u0445 (\u043c\u0430\u0441\u043b\u043e, \u043a\u0440\u0435\u043c, \u0441\u044b\u0432\u043e\u0440\u043e\u0442\u043a\u0430, \u0433\u0435\u043b\u044c, \u043c\u0430\u0441\u043a\u0430) \u0441 \u0446\u0435\u043b\u044c\u044e \u043e\u0436\u0438\u0432\u043b\u0435\u043d\u0438\u044f \u0438 \u0443\u043b\u0443\u0447\u0448\u0435\u043d\u0438\u044f \u0432\u043d\u0435\u0448\u043d\u0435\u0433\u043e \u0432\u0438\u0434\u0430 \u043a\u043e\u0436\u0438.<\/span><\/p><p class=\"p1\">\u0423\u0445\u043e\u0434\u043e\u0432\u044b\u0435 \u043f\u0440\u043e\u0446\u0435\u0434\u0443\u0440\u044b \u043f\u0440\u0435\u0434\u043f\u043e\u043b\u0430\u0433\u0430\u044e\u0442 \u043f\u0440\u0438\u044f\u0442\u043d\u043e\u0435 \u0432\u043e\u0437\u0434\u0435\u0439\u0441\u0442\u0432\u0438\u0435 \u043d\u0430 \u043a\u043e\u0436\u0443 \u0441 \u043d\u0435\u0437\u0430\u043c\u0435\u0434\u043b\u0438\u0442\u0435\u043b\u044c\u043d\u044b\u043c \u0440\u0435\u0437\u0443\u043b\u044c\u0442\u0430\u0442\u043e\u043c. \u0412\u044b\u0431\u043e\u0440 \u043f\u0440\u0435\u043f\u0430\u0440\u0430\u0442\u043e\u0432 \u0438 \u043c\u0435\u0442\u043e\u0434\u043e\u0432 \u043e\u0441\u0443\u0449\u0435\u0441\u0442\u0432\u043b\u044f\u0435\u0442\u0441\u044f \u0438\u043d\u0434\u0438\u0432\u0438\u0434\u0443\u0430\u043b\u044c\u043d\u043e \u043f\u043e \u043f\u043e\u043a\u0430\u0437\u0430\u043d\u0438\u044f\u043c.<\/p><p class=\"p3\"><span style=\"color: #ef4444;\">\u041a\u043e\u043c\u043f\u043b\u0435\u043a\u0441\u044b \u043f\u043e \u0443\u0445\u043e\u0434\u0443 \u0437\u0430 \u043a\u043e\u0436\u0435\u0439 (\u043f\u0440\u043e\u0442\u043e\u043a\u043e\u043b\u044b):<\/span> (protocoale):<\/p><p class=\"p1\"><strong>1. Glow Effect<\/strong><\/p><ul class=\"ul1\"><li class=\"li1\">\u043e\u0447\u0438\u0449\u0435\u043d\u0438\u0435 \u043a\u043e\u0436\u0438\/\u0434\u0435\u043c\u0430\u043a\u0438\u044f\u0436<\/li><li class=\"li1\">\u0443\u043b\u044c\u0442\u0440\u0430\u0437\u0432\u0443\u043a\u043e\u0432\u0430\u044f \u0447\u0438\u0441\u0442\u043a\u0430\u00a0<\/li><li class=\"li1\">\u044d\u043a\u0437\u043e\u0442\u0438\u0447\u0435\u0441\u043a\u0438\u0439 \u043f\u0438\u043b\u0438\u043d\u0433 \u0444\u0440\u0443\u043a\u0442\u043e\u0432\u044b\u043c\u0438 \u043a\u0438\u0441\u043b\u043e\u0442\u0430\u043c\u0438<\/li><li class=\"li1\">\u043c\u0430\u0441\u0441\u0430\u0436 \u043b\u0438\u0446\u0430 \u0441 \u0430\u043a\u0442\u0438\u0432\u043d\u044b\u043c \u0430\u043c\u043f\u0443\u043b\u044c\u043d\u044b\u043c \u043a\u043e\u043d\u0446\u0435\u043d\u0442\u0440\u0430\u0442\u043e\u043c<\/li><li class=\"li1\">\u043a\u043e\u043b\u043b\u0430\u0433\u0435\u043d\u043e\u0432\u0430\u044f \u043c\u0430\u0441\u043a\u0430 (\u043a\u043e\u043b\u043b\u0430\u0433\u0435\u043d\u043e\u0432\u044b\u0439 \u043b\u0438\u0441\u0442)<\/li><\/ul><p class=\"p1\"><strong>2. Orange Paradise<\/strong><\/p><ul class=\"ul1\"><li class=\"li1\">\u043e\u0447\u0438\u0449\u0435\u043d\u0438\u0435 \u043a\u043e\u0436\u0438\/\u0434\u0435\u043c\u0430\u043a\u0438\u044f\u0436<\/li><li class=\"li1\">\u0443\u043b\u044c\u0442\u0440\u0430\u0437\u0432\u0443\u043a\u043e\u0432\u0430\u044f \u0447\u0438\u0441\u0442\u043a\u0430\u00a0<\/li><li class=\"li1\">\u044d\u043a\u0437\u043e\u0442\u0438\u0447\u0435\u0441\u043a\u0438\u0439 \u043f\u0438\u043b\u0438\u043d\u0433 \u0444\u0440\u0443\u043a\u0442\u043e\u0432\u044b\u043c\u0438 \u043a\u0438\u0441\u043b\u043e\u0442\u0430\u043c\u0438<\/li><li class=\"li1\">\u0432\u0438\u0440\u0442\u0443\u0430\u043b\u044c\u043d\u0430\u044f \u043c\u0435\u0437\u043e\u0442\u0435\u0440\u0430\u043f\u0438\u044f \u0441 \u0432\u0438\u0442\u0430\u043c\u0438\u043d\u043e\u043c \u0421<\/li><li class=\"li1\">\u043a\u0438\u0441\u043b\u043e\u0440\u043e\u0434\u043d\u0430\u044f-\u0446\u0438\u0442\u0440\u0443\u0441\u043e\u0432\u0430\u044f \u043c\u0430\u0441\u043a\u0430<\/li><\/ul><p><strong>3. Just Breath<\/strong><\/p><ul class=\"ul1\"><li class=\"li1\">\u043e\u0447\u0438\u0449\u0435\u043d\u0438\u0435 \u043a\u043e\u0436\u0438\/\u0434\u0435\u043c\u0430\u043a\u0438\u044f\u0436<\/li><li class=\"li1\">\u0443\u043b\u044c\u0442\u0440\u0430\u0437\u0432\u0443\u043a\u043e\u0432\u0430\u044f \u0447\u0438\u0441\u0442\u043a\u0430\u00a0<\/li><li class=\"li1\">\u0440\u0430\u0441\u0441\u043b\u0430\u0431\u043b\u044f\u044e\u0449\u0438\u0439 \u043c\u0430\u0441\u0441\u0430\u0436 \u0441 \u0430\u043c\u043f\u0443\u043b\u044c\u043d\u044b\u043c \u043a\u043e\u043d\u0446\u0435\u043d\u0442\u0440\u0430\u0442\u043e\u043c<\/li><li class=\"li1\">\u0430\u043b\u044c\u0433\u0438\u043d\u0430\u0442\u043d\u0430\u044f \u043c\u0430\u0441\u043a\u0430 \u0441 \u0430\u043b\u043e\u0435<\/li><\/ul><p><strong>4. Deep Hydratation &#8211;<\/strong>\u00a0\u0413\u043b\u0443\u0431\u043e\u043a\u043e\u0435 \u0443\u0432\u043b\u0430\u0436\u043d\u0435\u043d\u0438\u0435, \u043f\u0440\u043e\u0433\u0440\u0430\u043c\u043c\u0430 \u0434\u043b\u044f \u043e\u0447\u0435\u043d\u044c \u0441\u0443\u0445\u043e\u0439 \u043a\u043e\u0436\u0438<\/p><ul class=\"ul1\"><li class=\"li1\">\u043e\u0447\u0438\u0449\u0435\u043d\u0438\u0435 \u043a\u043e\u0436\u0438\/\u0434\u0435\u043c\u0430\u043a\u0438\u044f\u0436<\/li><li class=\"li1\">\u0443\u043b\u044c\u0442\u0440\u0430\u0437\u0432\u0443\u043a\u043e\u0432\u0430\u044f \u0447\u0438\u0441\u0442\u043a\u0430\u00a0<\/li><li class=\"li1\">\u0432\u0438\u0440\u0442\u0443\u0430\u043b\u044c\u043d\u0430\u044f \u043c\u0435\u0437\u043e\u0442\u0435\u0440\u0430\u043f\u0438\u044f \u0441 \u0433\u0438\u0430\u043b\u0443\u0440\u043e\u043d\u043e\u0432\u044b\u043c \u0431\u0443\u0441\u0442\u0435\u0440\u043e\u043c DERMEDICS<\/li><li class=\"li1\">\u043c\u0430\u0441\u043a\u0430 \u0430\u043b\u044c\u0433\u0438\u043d\u0430\u0442\u043d\u0430\u044f\/\u043a\u043e\u043b\u043b\u0430\u0433\u0435\u043d\u043e\u0432\u0430\u044f<\/li><\/ul><p><strong>5. Perfect Eyes (\u0418\u0434\u0435\u0430\u043b\u044c\u043d\u044b\u0435 \u0433\u043b\u0430\u0437\u0430) \u2013<\/strong>\u00a0\u0410\u043d\u0442\u0438\u0432\u043e\u0437\u0440\u0430\u0441\u0442\u043d\u043e\u0439 \u0443\u0445\u043e\u0434 \u0437\u0430 \u043e\u0431\u043b\u0430\u0441\u0442\u044c\u044e \u0432\u043e\u043a\u0440\u0443\u0433 \u0433\u043b\u0430\u0437<\/p><ul class=\"ul1\"><li class=\"li1\">\u043e\u0447\u0438\u0449\u0435\u043d\u0438\u0435\/\u0434\u0435\u043c\u0430\u043a\u0438\u044f\u0436<\/li><li class=\"li1\">\u043c\u0438\u043a\u0440\u043e\u0442\u043e\u043a\u043e\u0432\u0430\u044f \u0442\u0435\u0440\u0430\u043f\u0438\u044f \u0432\u043e\u043a\u0440\u0443\u0433 \u0433\u043b\u0430\u0437<\/li><li class=\"li1\">\u0443\u0432\u043b\u0430\u0436\u043d\u044f\u044e\u0449\u0430\u044f \u043c\u0430\u0441\u043a\u0430<\/li><\/ul>\t\t\t\t\t\t\t\t<\/div>\n\t\t\t\t<\/div>\n\t\t\t\t<div class=\"elementor-element elementor-element-0947f02 elementor-widget elementor-widget-ideapark-pricing\" data-id=\"0947f02\" data-element_type=\"widget\" data-widget_type=\"ideapark-pricing.default\">\n\t\t\t\t<div class=\"elementor-widget-container\">\n\t\t\t\t\t\t\t<div class=\"c-ip-pricing\">\n\t\t\t<div class=\"c-ip-pricing__wrap\">\n\t\t\t\t<div class=\"c-ip-pricing__list\">\n\t\t\t\t\t\t\t\t\t\t\t<div class=\"c-ip-pricing__item\">\n\t\t\t\t\t\t\t\t\t\t\t\t\t\t\t\t\t\t\t\t\t<div class=\"c-ip-pricing__content\">\n\t\t\t\t\t\t\t\t<div class=\"c-ip-pricing__top-row\">\n\t\t\t\t\t\t\t\t\t\t\t\t\t\t\t\t\t\t\t<div class=\"c-ip-pricing__title\">\n\t\t\t\t\t\t\t\t\t\t\t\t\t\t\t\t\t\t\t\t\t\t\t\u0426\u0435\u043d\u0430\t\t\t\t\t\t\t\t\t\t\t\t\t\t\t\t\t\t\t\t\t\t<\/div>\n\t\t\t\t\t\t\t\t\t\t\t\t\t\t\t\t\t\t\t\t\t\t\t\t\t\t\t\t<div\n\t\t\t\t\t\t\t\t\t\t\tclass=\"c-ip-pricing__price c-ip-pricing__price--desktop\">800-1400 MDL<\/div>\n\t\t\t\t\t\t\t\t\t\t\t\t\t\t\t\t\t<\/div>\n\t\t\t\t\t\t\t\t\t\t\t\t\t\t\t\t\t<div\n\t\t\t\t\t\t\t\t\t\tclass=\"c-ip-pricing__price c-ip-pricing__price--mobile\">800-1400 MDL<\/div>\n\t\t\t\t\t\t\t\t\t\t\t\t\t\t\t\t\t\t\t\t\t\t\t\t\t<div\n\t\t\t\t\t\t\t\t\t\tclass=\"c-ip-pricing__description\">\u041f\u0440\u043e\u0434\u043e\u043b\u0436\u0438\u0442\u0435\u043b\u044c\u043d\u043e\u0441\u0442\u044c - 60 - 90 \u043c\u0438\u043d<\/div>\n\t\t\t\t\t\t\t\t\t\t\t\t\t\t\t\t<div class=\"c-ip-pricing__space\"><\/div>\n\n\t\t\t\t\t\t\t<\/div>\n\n\t\t\t\t\t\t<\/div>\n\t\t\t\t\t\t\t\t\t\t<\/div>\n\t\t\t<\/div>\n\t\t<\/div>\n\t\t\t\t\t\t<\/div>\n\t\t\t\t<\/div>\n\t\t\t\t<div class=\"elementor-element elementor-element-e252290 elementor-align-center elementor-mobile-align-left elementor-widget elementor-widget-ideapark-button\" data-id=\"e252290\" data-element_type=\"widget\" data-widget_type=\"ideapark-button.default\">\n\t\t\t\t<div class=\"elementor-widget-container\">\n\t\t\t\t\t\t\t<div class=\"c-ip-button__wrap\">\n\t\t\t<a href=\"https:\/\/b823702.alteg.io\/company\/773461\/personal\/menu?o=\" class=\"c-button c-ip-button c-button--default\" role=\"button\">\n\t\t\t\t\t\t\t\t<span class=\"c-ip-button__text\">\u0417\u0430\u043f\u0438\u0441\u0430\u0442\u044c\u0441\u044f<\/span>\n\t\t\t\t\t\t\t<\/a>\n\t\t<\/div>\n\t\t\t\t\t\t<\/div>\n\t\t\t\t<\/div>\n\t\t\t\t\t<\/div>\n\t\t<\/div>\n\t\t\t\t<div class=\"elementor-column elementor-col-50 elementor-top-column elementor-element elementor-element-68849da h-banner-1__column-left\" data-id=\"68849da\" data-element_type=\"column\" data-settings=\"{&quot;background_background&quot;:&quot;classic&quot;}\">\n\t\t\t<div class=\"elementor-widget-wrap elementor-element-populated\">\n\t\t\t\t\t\t<div class=\"elementor-element elementor-element-0988953 elementor-widget elementor-widget-spacer\" data-id=\"0988953\" data-element_type=\"widget\" data-widget_type=\"spacer.default\">\n\t\t\t\t<div class=\"elementor-widget-container\">\n\t\t\t\t\t\t\t<div class=\"elementor-spacer\">\n\t\t\t<div class=\"elementor-spacer-inner\"><\/div>\n\t\t<\/div>\n\t\t\t\t\t\t<\/div>\n\t\t\t\t<\/div>\n\t\t\t\t\t<\/div>\n\t\t<\/div>\n\t\t\t\t\t<\/div>\n\t\t<\/section>\n\t\t\t\t<section class=\"elementor-section elementor-top-section elementor-element elementor-element-ceeb201 elementor-section-boxed elementor-section-height-default elementor-section-height-default\" data-id=\"ceeb201\" data-element_type=\"section\">\n\t\t\t\t\t\t<div class=\"elementor-container elementor-column-gap-no\">\n\t\t\t\t\t<div class=\"elementor-column elementor-col-25 elementor-top-column elementor-element elementor-element-0b37ff5\" data-id=\"0b37ff5\" data-element_type=\"column\">\n\t\t\t<div class=\"elementor-widget-wrap elementor-element-populated\">\n\t\t\t\t<div class=\"elementor-element elementor-element-32a5776 e-flex e-con-boxed e-con e-parent\" data-id=\"32a5776\" data-element_type=\"container\">\n\t\t\t\t\t<div class=\"e-con-inner\">\n\t\t\t\t<div class=\"elementor-element elementor-element-d113ef0 elementor-widget elementor-widget-image\" data-id=\"d113ef0\" data-element_type=\"widget\" data-widget_type=\"image.default\">\n\t\t\t\t<div class=\"elementor-widget-container\">\n\t\t\t\t\t\t\t\t\t\t\t\t\t\t\t<img fetchpriority=\"high\" decoding=\"async\" width=\"900\" height=\"900\" src=\"https:\/\/granatmed.md\/wp-content\/uploads\/2024\/09\/C-5.webp\" class=\"attachment-large size-large wp-image-3628\" alt=\"\" srcset=\"https:\/\/granatmed.md\/wp-content\/uploads\/2024\/09\/C-5.webp 900w, https:\/\/granatmed.md\/wp-content\/uploads\/2024\/09\/C-5-460x460.webp 460w, https:\/\/granatmed.md\/wp-content\/uploads\/2024\/09\/C-5-115x115.webp 115w, https:\/\/granatmed.md\/wp-content\/uploads\/2024\/09\/C-5-760x760.webp 760w, https:\/\/granatmed.md\/wp-content\/uploads\/2024\/09\/C-5-145x145.webp 145w, https:\/\/granatmed.md\/wp-content\/uploads\/2024\/09\/C-5-290x290.webp 290w\" sizes=\"(max-width: 900px) 100vw, 900px\" \/>\t\t\t\t\t\t\t\t\t\t\t\t\t\t\t<\/div>\n\t\t\t\t<\/div>\n\t\t\t\t\t<\/div>\n\t\t\t\t<\/div>\n\t\t\t\t\t<\/div>\n\t\t<\/div>\n\t\t\t\t<div class=\"elementor-column elementor-col-25 elementor-top-column elementor-element elementor-element-053f251\" data-id=\"053f251\" data-element_type=\"column\">\n\t\t\t<div class=\"elementor-widget-wrap elementor-element-populated\">\n\t\t\t\t<div class=\"elementor-element elementor-element-d2601ec e-flex e-con-boxed e-con e-parent\" data-id=\"d2601ec\" data-element_type=\"container\">\n\t\t\t\t\t<div class=\"e-con-inner\">\n\t\t\t\t<div class=\"elementor-element elementor-element-8326bca elementor-widget elementor-widget-image\" data-id=\"8326bca\" data-element_type=\"widget\" data-widget_type=\"image.default\">\n\t\t\t\t<div class=\"elementor-widget-container\">\n\t\t\t\t\t\t\t\t\t\t\t\t\t\t\t<img decoding=\"async\" width=\"675\" height=\"675\" src=\"https:\/\/granatmed.md\/wp-content\/uploads\/2024\/09\/C-5c.webp\" class=\"attachment-large size-large wp-image-4038\" alt=\"\" srcset=\"https:\/\/granatmed.md\/wp-content\/uploads\/2024\/09\/C-5c.webp 675w, https:\/\/granatmed.md\/wp-content\/uploads\/2024\/09\/C-5c-460x460.webp 460w, https:\/\/granatmed.md\/wp-content\/uploads\/2024\/09\/C-5c-115x115.webp 115w, https:\/\/granatmed.md\/wp-content\/uploads\/2024\/09\/C-5c-12x12.webp 12w, https:\/\/granatmed.md\/wp-content\/uploads\/2024\/09\/C-5c-145x145.webp 145w, https:\/\/granatmed.md\/wp-content\/uploads\/2024\/09\/C-5c-290x290.webp 290w\" sizes=\"(max-width: 675px) 100vw, 675px\" \/>\t\t\t\t\t\t\t\t\t\t\t\t\t\t\t<\/div>\n\t\t\t\t<\/div>\n\t\t\t\t\t<\/div>\n\t\t\t\t<\/div>\n\t\t\t\t\t<\/div>\n\t\t<\/div>\n\t\t\t\t<div class=\"elementor-column elementor-col-25 elementor-top-column elementor-element elementor-element-f7043cb\" data-id=\"f7043cb\" data-element_type=\"column\">\n\t\t\t<div class=\"elementor-widget-wrap elementor-element-populated\">\n\t\t\t\t<div class=\"elementor-element elementor-element-f401799 e-con-full e-flex e-con e-child\" data-id=\"f401799\" data-element_type=\"container\">\n\t\t\t\t<div class=\"elementor-element elementor-element-5d4ec19 elementor-widget elementor-widget-image\" data-id=\"5d4ec19\" data-element_type=\"widget\" data-widget_type=\"image.default\">\n\t\t\t\t<div class=\"elementor-widget-container\">\n\t\t\t\t\t\t\t\t\t\t\t\t\t\t\t<img decoding=\"async\" width=\"720\" height=\"720\" src=\"https:\/\/granatmed.md\/wp-content\/uploads\/2024\/09\/C-5b-1.webp\" class=\"attachment-large size-large wp-image-4040\" alt=\"\" srcset=\"https:\/\/granatmed.md\/wp-content\/uploads\/2024\/09\/C-5b-1.webp 720w, https:\/\/granatmed.md\/wp-content\/uploads\/2024\/09\/C-5b-1-460x460.webp 460w, https:\/\/granatmed.md\/wp-content\/uploads\/2024\/09\/C-5b-1-115x115.webp 115w, https:\/\/granatmed.md\/wp-content\/uploads\/2024\/09\/C-5b-1-12x12.webp 12w, https:\/\/granatmed.md\/wp-content\/uploads\/2024\/09\/C-5b-1-145x145.webp 145w, https:\/\/granatmed.md\/wp-content\/uploads\/2024\/09\/C-5b-1-290x290.webp 290w\" sizes=\"(max-width: 720px) 100vw, 720px\" \/>\t\t\t\t\t\t\t\t\t\t\t\t\t\t\t<\/div>\n\t\t\t\t<\/div>\n\t\t\t\t<\/div>\n\t\t\t\t\t<\/div>\n\t\t<\/div>\n\t\t\t\t<div class=\"elementor-column elementor-col-25 elementor-top-column elementor-element elementor-element-ff40335\" data-id=\"ff40335\" data-element_type=\"column\">\n\t\t\t<div class=\"elementor-widget-wrap elementor-element-populated\">\n\t\t\t\t<div class=\"elementor-element elementor-element-5d807a7 e-flex e-con-boxed e-con e-parent\" data-id=\"5d807a7\" data-element_type=\"container\">\n\t\t\t\t\t<div class=\"e-con-inner\">\n\t\t\t\t<div class=\"elementor-element elementor-element-88540d5 elementor-widget elementor-widget-image\" data-id=\"88540d5\" data-element_type=\"widget\" data-widget_type=\"image.default\">\n\t\t\t\t<div class=\"elementor-widget-container\">\n\t\t\t\t\t\t\t\t\t\t\t\t\t\t\t<img loading=\"lazy\" decoding=\"async\" width=\"900\" height=\"900\" src=\"https:\/\/granatmed.md\/wp-content\/uploads\/2024\/09\/granat_patrat_alb-rosu.png\" class=\"attachment-large size-large wp-image-3666\" alt=\"\" srcset=\"https:\/\/granatmed.md\/wp-content\/uploads\/2024\/09\/granat_patrat_alb-rosu.png 900w, https:\/\/granatmed.md\/wp-content\/uploads\/2024\/09\/granat_patrat_alb-rosu-460x460.png 460w, https:\/\/granatmed.md\/wp-content\/uploads\/2024\/09\/granat_patrat_alb-rosu-115x115.png 115w, https:\/\/granatmed.md\/wp-content\/uploads\/2024\/09\/granat_patrat_alb-rosu-760x760.png 760w, https:\/\/granatmed.md\/wp-content\/uploads\/2024\/09\/granat_patrat_alb-rosu-145x145.png 145w, https:\/\/granatmed.md\/wp-content\/uploads\/2024\/09\/granat_patrat_alb-rosu-290x290.png 290w\" sizes=\"(max-width: 900px) 100vw, 900px\" \/>\t\t\t\t\t\t\t\t\t\t\t\t\t\t\t<\/div>\n\t\t\t\t<\/div>\n\t\t\t\t\t<\/div>\n\t\t\t\t<\/div>\n\t\t\t\t\t<\/div>\n\t\t<\/div>\n\t\t\t\t\t<\/div>\n\t\t<\/section>\n\t\t\t\t<\/div>","protected":false},"excerpt":{"rendered":"<p>\u00ceNGRIJIREA TENULUI Cosmetologie estetic\u0103 \u00ceNGRIJIREA TENULUI \u00cengrijirea tenului\u00a0sau tratamentul tenului non-invaziv &#8211; poate implica a\u0219a metode cum sunt masajul facial manual sau&hellip;<\/p>","protected":false},"author":1,"featured_media":0,"parent":3579,"menu_order":0,"comment_status":"closed","ping_status":"closed","template":"elementor_header_footer","meta":{"_metasync_otto_title":"","_metasync_otto_description":"","rank_math_title":"","rank_math_description":"","_yoast_wpseo_title":"","_yoast_wpseo_metadesc":"","footnotes":""},"class_list":["post-4032","page","type-page","status-publish","hentry"],"_links":{"self":[{"href":"https:\/\/granatmed.md\/ru\/wp-json\/wp\/v2\/pages\/4032","targetHints":{"allow":["GET"]}}],"collection":[{"href":"https:\/\/granatmed.md\/ru\/wp-json\/wp\/v2\/pages"}],"about":[{"href":"https:\/\/granatmed.md\/ru\/wp-json\/wp\/v2\/types\/page"}],"author":[{"embeddable":true,"href":"https:\/\/granatmed.md\/ru\/wp-json\/wp\/v2\/users\/1"}],"replies":[{"embeddable":true,"href":"https:\/\/granatmed.md\/ru\/wp-json\/wp\/v2\/comments?post=4032"}],"version-history":[{"count":11,"href":"https:\/\/granatmed.md\/ru\/wp-json\/wp\/v2\/pages\/4032\/revisions"}],"predecessor-version":[{"id":4073,"href":"https:\/\/granatmed.md\/ru\/wp-json\/wp\/v2\/pages\/4032\/revisions\/4073"}],"up":[{"embeddable":true,"href":"https:\/\/granatmed.md\/ru\/wp-json\/wp\/v2\/pages\/3579"}],"wp:attachment":[{"href":"https:\/\/granatmed.md\/ru\/wp-json\/wp\/v2\/media?parent=4032"}],"curies":[{"name":"wp","href":"https:\/\/api.w.org\/{rel}","templated":true}]}}