{"id":4118,"date":"2024-10-01T06:44:29","date_gmt":"2024-10-01T06:44:29","guid":{"rendered":"https:\/\/granat.ideea.studio\/?page_id=4118"},"modified":"2026-05-05T17:30:15","modified_gmt":"2026-05-05T17:30:15","slug":"microneedling-pentru-par","status":"publish","type":"page","link":"https:\/\/granatmed.md\/ru\/servicii\/cosmetologie-cu-aparataj\/microneedling-pentru-par\/","title":{"rendered":"\u041c\u0438\u043a\u0440\u043e\u043d\u0438\u0434\u043b\u0438\u043d\u0433 \u0434\u043b\u044f \u0432\u043e\u043b\u043e\u0441"},"content":{"rendered":"<div data-elementor-type=\"wp-page\" data-elementor-id=\"4118\" class=\"elementor elementor-4118\" data-elementor-post-type=\"page\">\n\t\t\t\t\t\t<section class=\"elementor-section elementor-top-section elementor-element elementor-element-f995139 elementor-section-full_width elementor-section-height-default elementor-section-height-default\" data-id=\"f995139\" data-element_type=\"section\" data-e-type=\"section\">\n\t\t\t\t\t\t<div class=\"elementor-container elementor-column-gap-no\">\n\t\t\t\t\t<div class=\"elementor-column elementor-col-100 elementor-top-column elementor-element elementor-element-39a8339\" data-id=\"39a8339\" data-element_type=\"column\" data-e-type=\"column\">\n\t\t\t<div class=\"elementor-widget-wrap elementor-element-populated\">\n\t\t\t\t\t\t<div class=\"elementor-element elementor-element-8b2fbe9 elementor-widget elementor-widget-ideapark-page-header\" data-id=\"8b2fbe9\" data-element_type=\"widget\" data-e-type=\"widget\" data-widget_type=\"ideapark-page-header.default\">\n\t\t\t\t<div class=\"elementor-widget-container\">\n\t\t\t\t\t\t<header\n\t\tclass=\"l-section c-page-header c-page-header--header-type-1 c-page-header--default c-page-header--low\"\n\t\t>\n\n\t\t\t\t\t<div class=\"c-page-header__wrap\">\n\t\t\t\t\t\t\t\t\t<h1 class=\"c-page-header__title\">\u041c\u0438\u043a\u0440\u043e\u043d\u0438\u0434\u043b\u0438\u043d\u0433 \u0434\u043b\u044f \u0432\u043e\u043b\u043e\u0441<\/h1>\n\t\t\t\t\t\t\t<\/div>\n\t\t\t\t<nav aria-label=\"breadcrumbs\" class=\"rank-math-breadcrumb c-breadcrumbs\"><div class=\"c-breadcrumbs__list\"><span class=\"last\">\u0413\u043b\u0430\u0432\u043d\u0430\u044f<\/span><\/div><\/nav>\t<\/header>\n\t\t\t\t<\/div>\n\t\t\t\t<\/div>\n\t\t\t\t\t<\/div>\n\t\t<\/div>\n\t\t\t\t\t<\/div>\n\t\t<\/section>\n\t\t\t\t<section class=\"elementor-section elementor-top-section elementor-element elementor-element-207e3be h-banner-1 elementor-section-boxed elementor-section-height-default elementor-section-height-default\" data-id=\"207e3be\" data-element_type=\"section\" data-e-type=\"section\" data-settings=\"{&quot;background_background&quot;:&quot;classic&quot;}\">\n\t\t\t\t\t\t<div class=\"elementor-container elementor-column-gap-no\">\n\t\t\t\t\t<div class=\"elementor-column elementor-col-50 elementor-top-column elementor-element elementor-element-12c097b\" data-id=\"12c097b\" data-element_type=\"column\" data-e-type=\"column\" data-settings=\"{&quot;background_background&quot;:&quot;classic&quot;}\">\n\t\t\t<div class=\"elementor-widget-wrap elementor-element-populated\">\n\t\t\t\t\t\t<div class=\"elementor-element elementor-element-cab36dd elementor-widget elementor-widget-ideapark-heading\" data-id=\"cab36dd\" data-element_type=\"widget\" data-e-type=\"widget\" data-widget_type=\"ideapark-heading.default\">\n\t\t\t\t<div class=\"elementor-widget-container\">\n\t\t\t\t\t<div class=\"c-ip-heading c-ip-heading--small c-ip-heading--center c-ip-heading--bullet-after\"><span class=\"c-ip-heading__inner\">\u0410\u043f\u043f\u0430\u0440\u0430\u0442\u043d\u0430\u044f \u043a\u043e\u0441\u043c\u0435\u0442\u043e\u043b\u043e\u0433\u0438\u044f<\/span><\/div>\t\t\t\t<\/div>\n\t\t\t\t<\/div>\n\t\t\t\t<div class=\"elementor-element elementor-element-7fb575d elementor-widget elementor-widget-ideapark-heading\" data-id=\"7fb575d\" data-element_type=\"widget\" data-e-type=\"widget\" data-widget_type=\"ideapark-heading.default\">\n\t\t\t\t<div class=\"elementor-widget-container\">\n\t\t\t\t\t<div class=\"c-ip-heading c-ip-heading--medium c-ip-heading--center c-ip-heading--bullet-hide\"><span class=\"c-ip-heading__inner\">\u041c\u0438\u043a\u0440\u043e\u043d\u0438\u0434\u043b\u0438\u043d\u0433 \u0434\u043b\u044f \u0432\u043e\u043b\u043e\u0441<\/span><\/div>\t\t\t\t<\/div>\n\t\t\t\t<\/div>\n\t\t\t\t<div class=\"elementor-element elementor-element-9fbba57 elementor-widget__width-inherit elementor-widget elementor-widget-text-editor\" data-id=\"9fbba57\" data-element_type=\"widget\" data-e-type=\"widget\" data-widget_type=\"text-editor.default\">\n\t\t\t\t<div class=\"elementor-widget-container\">\n\t\t\t\t\t\t\t\t\t\u0414\u043b\u044f <strong><span class=\"s1\"><span style=\"color: #ef4444;\">\u043b\u0435\u0447\u0435\u043d\u0438\u044f \u0432\u044b\u043f\u0430\u0434\u0435\u043d\u0438\u044f \u0432\u043e\u043b\u043e\u0441<\/span><\/span><\/strong> \u043d\u0430 \u043a\u043e\u0436\u0443 \u0433\u043e\u043b\u043e\u0432\u044b \u043d\u0430\u043d\u043e\u0441\u0438\u0442\u0441\u044f <strong><span class=\"s1\"><span style=\"color: #ef4444;\">\u043a\u043e\u043a\u0442\u0435\u0439\u043b\u044c, \u0441\u043e\u0434\u0435\u0440\u0436\u0430\u0449\u0438\u0439 \u0431\u043e\u0433\u0430\u0442\u0443\u044e \u043a\u043e\u043c\u0431\u0438\u043d\u0430\u0446\u0438\u044e \u0432\u0435\u0449\u0435\u0441\u0442\u0432,<\/span><\/span><\/strong> \u043f\u0440\u0435\u0434\u043d\u0430\u0437\u043d\u0430\u0447\u0435\u043d\u043d\u044b\u0445 \u0434\u043b\u044f \u0441\u0442\u0438\u043c\u0443\u043b\u044f\u0446\u0438\u0438 \u043a\u0430\u043f\u0438\u043b\u043b\u044f\u0440\u043d\u043e\u0439 \u043c\u0438\u043a\u0440\u043e\u0446\u0438\u0440\u043a\u0443\u043b\u044f\u0446\u0438\u0438 \u0438 \u0432\u044b\u0440\u0430\u0431\u043e\u0442\u043a\u0438 \u043a\u043e\u043b\u043b\u0430\u0433\u0435\u043d\u0430 \u0438 \u044d\u043b\u0430\u0441\u0442\u0438\u043d\u0430, \u0447\u0442\u043e \u043e\u043a\u0430\u0437\u044b\u0432\u0430\u0435\u0442 \u0441\u043b\u0435\u0434\u0443\u044e\u0449\u0438\u0439 \u044d\u0444\u0444\u0435\u043a\u0442:\n<br><br>\n<ul>\n \t<li>\u043f\u0440\u0435\u043a\u0440\u0430\u0449\u0435\u043d\u0438\u0435 \u0432\u044b\u043f\u0430\u0434\u0435\u043d\u0438\u044f \u0432\u043e\u043b\u043e\u0441,<\/li>\n \t<li>\u0438\u0445 \u0432\u043e\u0441\u0441\u0442\u0430\u043d\u043e\u0432\u043b\u0435\u043d\u0438\u0435<\/li>\n \t<li>\u0443\u043a\u0440\u0435\u043f\u043b\u0435\u043d\u0438\u0435 \u043a\u043e\u0440\u043d\u044f \u0432\u043e\u043b\u043e\u0441.<\/li> \n<\/ul>\n<br>\n\u0421 \u043f\u043e\u043c\u043e\u0449\u044c\u044e \u0443\u0441\u0442\u0440\u043e\u0439\u0441\u0442\u0432\u0430 \u043c\u0438\u043a\u0440\u043e\u043d\u0438\u0434\u043b\u0438\u043d\u0433\u0430 \u044d\u0442\u0438 \u0430\u043a\u0442\u0438\u0432\u043d\u044b\u0435 \u0432\u0435\u0449\u0435\u0441\u0442\u0432\u0430 \u0431\u0443\u0434\u0443\u0442 \u0432\u0432\u0435\u0434\u0435\u043d\u044b \u0432 \u043a\u043e\u0436\u0443 \u0433\u043e\u043b\u043e\u0432\u044b \u043a\u043e\u043d\u0442\u0440\u043e\u043b\u0438\u0440\u0443\u0435\u043c\u044b\u043c\u0438 \u0434\u0432\u0438\u0436\u0435\u043d\u0438\u044f\u043c\u0438 \u0438 \u043d\u0430 \u0440\u0430\u0437\u043d\u0443\u044e \u0433\u043b\u0443\u0431\u0438\u043d\u0443 \u043d\u0435\u043f\u043e\u0441\u0440\u0435\u0434\u0441\u0442\u0432\u0435\u043d\u043d\u043e \u0443 \u043a\u043e\u0440\u043d\u044f \u0432\u043e\u043b\u043e\u0441.\n\n&nbsp;\t\t\t\t\t\t\t\t<\/div>\n\t\t\t\t<\/div>\n\t\t\t\t<div class=\"elementor-element elementor-element-0947f02 elementor-widget elementor-widget-ideapark-pricing\" data-id=\"0947f02\" data-element_type=\"widget\" data-e-type=\"widget\" data-widget_type=\"ideapark-pricing.default\">\n\t\t\t\t<div class=\"elementor-widget-container\">\n\t\t\t\t\t\t\t<div class=\"c-ip-pricing\">\n\t\t\t<div class=\"c-ip-pricing__wrap\">\n\t\t\t\t<div class=\"c-ip-pricing__list\">\n\t\t\t\t\t\t\t\t\t\t\t<div class=\"c-ip-pricing__item\">\n\t\t\t\t\t\t\t\t\t\t\t\t\t\t\t\t\t\t\t\t\t<div class=\"c-ip-pricing__content\">\n\t\t\t\t\t\t\t\t<div class=\"c-ip-pricing__top-row\">\n\t\t\t\t\t\t\t\t\t\t\t\t\t\t\t\t\t\t\t<div class=\"c-ip-pricing__title\">\n\t\t\t\t\t\t\t\t\t\t\t\t\t\t\t\t\t\t\t\t\t\t\t\u0426\u0435\u043d\u0430\t\t\t\t\t\t\t\t\t\t\t\t\t\t\t\t\t\t\t\t\t\t<\/div>\n\t\t\t\t\t\t\t\t\t\t\t\t\t\t\t\t\t\t\t\t\t\t\t\t\t\t\t\t<div\n\t\t\t\t\t\t\t\t\t\t\tclass=\"c-ip-pricing__price c-ip-pricing__price--desktop\">1600 - 2000 MDL<\/div>\n\t\t\t\t\t\t\t\t\t\t\t\t\t\t\t\t\t<\/div>\n\t\t\t\t\t\t\t\t\t\t\t\t\t\t\t\t\t<div\n\t\t\t\t\t\t\t\t\t\tclass=\"c-ip-pricing__price c-ip-pricing__price--mobile\">1600 - 2000 MDL<\/div>\n\t\t\t\t\t\t\t\t\t\t\t\t\t\t\t\t\t\t\t\t\t\t\t\t\t<div\n\t\t\t\t\t\t\t\t\t\tclass=\"c-ip-pricing__description\">\u041f\u0440\u043e\u0434\u043e\u043b\u0436\u0438\u0442\u0435\u043b\u044c\u043d\u043e\u0441\u0442\u044c - 60 \u043c\u0438\u043d<\/div>\n\t\t\t\t\t\t\t\t\t\t\t\t\t\t\t\t<div class=\"c-ip-pricing__space\"><\/div>\n\n\t\t\t\t\t\t\t<\/div>\n\n\t\t\t\t\t\t<\/div>\n\t\t\t\t\t\t\t\t\t\t<\/div>\n\t\t\t<\/div>\n\t\t<\/div>\n\t\t\t\t\t\t<\/div>\n\t\t\t\t<\/div>\n\t\t\t\t<div class=\"elementor-element elementor-element-e252290 elementor-align-center elementor-mobile-align-left elementor-widget elementor-widget-ideapark-button\" data-id=\"e252290\" data-element_type=\"widget\" data-e-type=\"widget\" data-widget_type=\"ideapark-button.default\">\n\t\t\t\t<div class=\"elementor-widget-container\">\n\t\t\t\t\t\t\t<div class=\"c-ip-button__wrap\">\n\t\t\t<a href=\"https:\/\/b823702.alteg.io\/company\/773461\/personal\/menu?o=\" class=\"c-button c-ip-button c-button--default\" role=\"button\">\n\t\t\t\t\t\t\t\t<span class=\"c-ip-button__text\">\u0417\u0430\u043f\u0438\u0441\u0430\u0442\u044c\u0441\u044f<\/span>\n\t\t\t\t\t\t\t<\/a>\n\t\t<\/div>\n\t\t\t\t\t\t<\/div>\n\t\t\t\t<\/div>\n\t\t\t\t\t<\/div>\n\t\t<\/div>\n\t\t\t\t<div class=\"elementor-column elementor-col-50 elementor-top-column elementor-element elementor-element-68849da h-banner-1__column-left\" data-id=\"68849da\" data-element_type=\"column\" data-e-type=\"column\" data-settings=\"{&quot;background_background&quot;:&quot;classic&quot;}\">\n\t\t\t<div class=\"elementor-widget-wrap elementor-element-populated\">\n\t\t\t\t\t\t<div class=\"elementor-element elementor-element-0988953 elementor-widget elementor-widget-spacer\" data-id=\"0988953\" data-element_type=\"widget\" data-e-type=\"widget\" data-widget_type=\"spacer.default\">\n\t\t\t\t<div class=\"elementor-widget-container\">\n\t\t\t\t\t\t\t<div class=\"elementor-spacer\">\n\t\t\t<div class=\"elementor-spacer-inner\"><\/div>\n\t\t<\/div>\n\t\t\t\t\t\t<\/div>\n\t\t\t\t<\/div>\n\t\t\t\t\t<\/div>\n\t\t<\/div>\n\t\t\t\t\t<\/div>\n\t\t<\/section>\n\t\t\t\t<\/div>","protected":false},"excerpt":{"rendered":"<p>Microneedling pentru p\u0103r Home Cosmetologie cu aparataj MICRONEEDLING PENTRU P\u0102R Pentru tratamentul \u00eempotriva c\u0103derii p\u0103rului se aplic\u0103 la nivelul scalpului un cocktail&hellip;<\/p>","protected":false},"author":1,"featured_media":0,"parent":3611,"menu_order":0,"comment_status":"closed","ping_status":"closed","template":"elementor_header_footer","meta":{"_metasync_otto_title":"","_metasync_otto_description":"","_metasync_otto_keywords":"","_metasync_otto_og_title":"","_metasync_otto_og_description":"","_metasync_otto_twitter_title":"","_metasync_otto_twitter_description":"","rank_math_title":"","rank_math_description":"","_yoast_wpseo_title":"","_yoast_wpseo_metadesc":"","_aioseo_title":"","_aioseo_description":"","_metasync_seo_title":"","_metasync_seo_desc":"","_metasync_breadcrumb_title":"","_metasync_primary_category":0,"_metasync_primary_product_cat":0,"_metasync_otto_disabled":"","_metasync_hreflang":"","footnotes":""},"class_list":["post-4118","page","type-page","status-publish","hentry"],"_links":{"self":[{"href":"https:\/\/granatmed.md\/ru\/wp-json\/wp\/v2\/pages\/4118","targetHints":{"allow":["GET"]}}],"collection":[{"href":"https:\/\/granatmed.md\/ru\/wp-json\/wp\/v2\/pages"}],"about":[{"href":"https:\/\/granatmed.md\/ru\/wp-json\/wp\/v2\/types\/page"}],"author":[{"embeddable":true,"href":"https:\/\/granatmed.md\/ru\/wp-json\/wp\/v2\/users\/1"}],"replies":[{"embeddable":true,"href":"https:\/\/granatmed.md\/ru\/wp-json\/wp\/v2\/comments?post=4118"}],"version-history":[{"count":13,"href":"https:\/\/granatmed.md\/ru\/wp-json\/wp\/v2\/pages\/4118\/revisions"}],"predecessor-version":[{"id":5746,"href":"https:\/\/granatmed.md\/ru\/wp-json\/wp\/v2\/pages\/4118\/revisions\/5746"}],"up":[{"embeddable":true,"href":"https:\/\/granatmed.md\/ru\/wp-json\/wp\/v2\/pages\/3611"}],"wp:attachment":[{"href":"https:\/\/granatmed.md\/ru\/wp-json\/wp\/v2\/media?parent=4118"}],"curies":[{"name":"wp","href":"https:\/\/api.w.org\/{rel}","templated":true}]}}