{"id":4829,"date":"2025-09-08T07:40:25","date_gmt":"2025-09-08T07:40:25","guid":{"rendered":"https:\/\/granatmed.md\/?page_id=4829"},"modified":"2025-09-08T10:28:01","modified_gmt":"2025-09-08T10:28:01","slug":"consultatie-ginecologica-estetica","status":"publish","type":"page","link":"https:\/\/granatmed.md\/ru\/servicii\/estetica-intima\/consultatie-ginecologica-estetica\/","title":{"rendered":"\u0413\u0438\u043d\u0435\u043a\u043e\u043b\u043e\u0433\u0438\u0447\u0435\u0441\u043a\u0430\u044f \u044d\u0441\u0442\u0435\u0442\u0438\u0447\u0435\u0441\u043a\u0430\u044f \u043a\u043e\u043d\u0441\u0443\u043b\u044c\u0442\u0430\u0446\u0438\u044f"},"content":{"rendered":"<div data-elementor-type=\"wp-page\" data-elementor-id=\"4829\" class=\"elementor elementor-4829\" data-elementor-post-type=\"page\">\n\t\t\t\t\t\t<section class=\"elementor-section elementor-top-section elementor-element elementor-element-f995139 elementor-section-full_width elementor-section-height-default elementor-section-height-default\" data-id=\"f995139\" data-element_type=\"section\">\n\t\t\t\t\t\t<div class=\"elementor-container elementor-column-gap-no\">\n\t\t\t\t\t<div class=\"elementor-column elementor-col-100 elementor-top-column elementor-element elementor-element-39a8339\" data-id=\"39a8339\" data-element_type=\"column\">\n\t\t\t<div class=\"elementor-widget-wrap elementor-element-populated\">\n\t\t\t\t\t\t<div class=\"elementor-element elementor-element-8b2fbe9 elementor-widget elementor-widget-ideapark-page-header\" data-id=\"8b2fbe9\" data-element_type=\"widget\" data-widget_type=\"ideapark-page-header.default\">\n\t\t\t\t<div class=\"elementor-widget-container\">\n\t\t\t\t\t\t<header\n\t\tclass=\"l-section c-page-header c-page-header--header-type-1 c-page-header--default c-page-header--low\"\n\t\t>\n\n\t\t\t\t\t<div class=\"c-page-header__wrap\">\n\t\t\t\t\t\t\t\t\t<h1 class=\"c-page-header__title\">\u0413\u0438\u043d\u0435\u043a\u043e\u043b\u043e\u0433\u0438\u0447\u0435\u0441\u043a\u0430\u044f \u044d\u0441\u0442\u0435\u0442\u0438\u0447\u0435\u0441\u043a\u0430\u044f \u043a\u043e\u043d\u0441\u0443\u043b\u044c\u0442\u0430\u0446\u0438\u044f<\/h1>\n\t\t\t\t\t\t\t<\/div>\n\t\t\t\t<nav aria-label=\"breadcrumbs\" class=\"rank-math-breadcrumb c-breadcrumbs\"><div class=\"c-breadcrumbs__list\"><span class=\"last\">\u0413\u043b\u0430\u0432\u043d\u0430\u044f<\/span><\/div><\/nav>\t<\/header>\n\t\t\t\t<\/div>\n\t\t\t\t<\/div>\n\t\t\t\t\t<\/div>\n\t\t<\/div>\n\t\t\t\t\t<\/div>\n\t\t<\/section>\n\t\t\t\t<section class=\"elementor-section elementor-top-section elementor-element elementor-element-207e3be h-banner-1 elementor-section-boxed elementor-section-height-default elementor-section-height-default\" data-id=\"207e3be\" data-element_type=\"section\" data-settings=\"{&quot;background_background&quot;:&quot;classic&quot;}\">\n\t\t\t\t\t\t<div class=\"elementor-container elementor-column-gap-no\">\n\t\t\t\t\t<div class=\"elementor-column elementor-col-50 elementor-top-column elementor-element elementor-element-12c097b\" data-id=\"12c097b\" data-element_type=\"column\" data-settings=\"{&quot;background_background&quot;:&quot;classic&quot;}\">\n\t\t\t<div class=\"elementor-widget-wrap elementor-element-populated\">\n\t\t\t\t\t\t<div class=\"elementor-element elementor-element-cab36dd elementor-widget elementor-widget-ideapark-heading\" data-id=\"cab36dd\" data-element_type=\"widget\" data-widget_type=\"ideapark-heading.default\">\n\t\t\t\t<div class=\"elementor-widget-container\">\n\t\t\t\t\t<div class=\"c-ip-heading c-ip-heading--small c-ip-heading--center c-ip-heading--bullet-after\"><span class=\"c-ip-heading__inner\">\u042d\u0441\u0442\u0435\u0442\u0438\u043a\u0430 \u0438\u043d\u0442\u0438\u043c\u043d\u043e\u0439 \u0437\u043e\u043d\u044b<\/span><\/div>\t\t\t\t<\/div>\n\t\t\t\t<\/div>\n\t\t\t\t<div class=\"elementor-element elementor-element-f3a6d68 elementor-widget__width-inherit elementor-widget elementor-widget-text-editor\" data-id=\"f3a6d68\" data-element_type=\"widget\" data-widget_type=\"text-editor.default\">\n\t\t\t\t<div class=\"elementor-widget-container\">\n\t\t\t\t\t\t\t\t\t<p class=\"p2\"><strong><span class=\"s1\"><span style=\"color: #ef4444;\">Ce este consulta\u021bia ginecologic\u0103 estetic\u0103?<\/span><\/span><\/strong><\/p>\n\u041a\u043e\u043d\u0441\u0443\u043b\u044c\u0442\u0430\u0446\u0438\u044f \u044d\u0441\u0442\u0435\u0442\u0438\u0447\u0435\u0441\u043a\u043e\u0433\u043e \u0433\u0438\u043d\u0435\u043a\u043e\u043b\u043e\u0433\u0430 \u2014 \u044d\u0442\u043e \u043f\u0435\u0440\u0432\u044b\u0439 \u0448\u0430\u0433 \u0434\u043b\u044f \u0436\u0435\u043d\u0449\u0438\u043d, \u0436\u0435\u043b\u0430\u044e\u0449\u0438\u0445 \u0443\u043b\u0443\u0447\u0448\u0438\u0442\u044c \u0432\u043d\u0435\u0448\u043d\u0438\u0439 \u0432\u0438\u0434 \u0438 \u0437\u0434\u043e\u0440\u043e\u0432\u044c\u0435 \u0438\u043d\u0442\u0438\u043c\u043d\u043e\u0439 \u0437\u043e\u043d\u044b. \u0412\u043e \u0432\u0440\u0435\u043c\u044f \u043a\u043e\u043d\u0441\u0443\u043b\u044c\u0442\u0430\u0446\u0438\u0438 \u0432\u0440\u0430\u0447-\u0441\u043f\u0435\u0446\u0438\u0430\u043b\u0438\u0441\u0442 \u0430\u043d\u0430\u043b\u0438\u0437\u0438\u0440\u0443\u0435\u0442 \u043f\u043e\u0442\u0440\u0435\u0431\u043d\u043e\u0441\u0442\u0438 \u043f\u0430\u0446\u0438\u0435\u043d\u0442\u043a\u0438, \u043e\u0442\u0432\u0435\u0447\u0430\u0435\u0442 \u043d\u0430 \u0432\u043e\u043f\u0440\u043e\u0441\u044b \u0438 \u0440\u0435\u043a\u043e\u043c\u0435\u043d\u0434\u0443\u0435\u0442 \u043d\u0430\u0438\u0431\u043e\u043b\u0435\u0435 \u043f\u043e\u0434\u0445\u043e\u0434\u044f\u0449\u0438\u0435 \u044d\u0441\u0442\u0435\u0442\u0438\u0447\u0435\u0441\u043a\u0438\u0435 \u043f\u0440\u043e\u0446\u0435\u0434\u0443\u0440\u044b \u0438\u043b\u0438 \u043f\u0440\u043e\u0446\u0435\u0434\u0443\u0440\u044b \u0438\u043d\u0442\u0438\u043c\u043d\u043e\u0433\u043e \u043e\u043c\u043e\u043b\u043e\u0436\u0435\u043d\u0438\u044f.\n<p class=\"p2\"><strong><span class=\"s1\"><span style=\"color: #ef4444;\">\u041a\u0430\u043a \u044d\u0442\u043e \u043f\u0440\u043e\u0438\u0441\u0445\u043e\u0434\u0438\u0442?<\/span><\/span><\/strong><\/p>\n<p class=\"p2\"><strong><span class=\"s1\"><span style=\"color: #ef4444;\">\u041a\u043e\u043d\u0441\u0443\u043b\u044c\u0442\u0430\u0446\u0438\u044f \u0432\u043a\u043b\u044e\u0447\u0430\u0435\u0442 \u0432 \u0441\u0435\u0431\u044f:<\/span><\/span><\/strong><\/p>\n\n<ul>\n \t<li>\u041f\u043e\u0434\u0440\u043e\u0431\u043d\u043e\u0435 \u043e\u0431\u0441\u0443\u0436\u0434\u0435\u043d\u0438\u0435 \u043f\u043e\u0442\u0440\u0435\u0431\u043d\u043e\u0441\u0442\u0435\u0439 \u0438 \u043e\u0436\u0438\u0434\u0430\u043d\u0438\u0439 \u043f\u0430\u0446\u0438\u0435\u043d\u0442\u0430.<\/li>\n \t<li>\u0422\u0449\u0430\u0442\u0435\u043b\u044c\u043d\u044b\u0439 \u043e\u0441\u043c\u043e\u0442\u0440 \u0438\u043d\u0442\u0438\u043c\u043d\u043e\u0439 \u0437\u043e\u043d\u044b \u0441 \u0441\u043e\u0431\u043b\u044e\u0434\u0435\u043d\u0438\u0435\u043c \u043a\u043e\u043d\u0444\u0438\u0434\u0435\u043d\u0446\u0438\u0430\u043b\u044c\u043d\u043e\u0441\u0442\u0438 \u0438 \u043a\u043e\u043c\u0444\u043e\u0440\u0442\u0430.<\/li>\n \t<li>\u0421\u043e\u0441\u0442\u0430\u0432\u043b\u0435\u043d\u0438\u0435 \u0438\u043d\u0434\u0438\u0432\u0438\u0434\u0443\u0430\u043b\u044c\u043d\u043e\u0433\u043e \u043f\u043b\u0430\u043d\u0430 \u043b\u0435\u0447\u0435\u043d\u0438\u044f, \u043a\u043e\u0442\u043e\u0440\u044b\u0439 \u043c\u043e\u0436\u0435\u0442 \u0432\u043a\u043b\u044e\u0447\u0430\u0442\u044c \u0442\u0430\u043a\u0438\u0435 \u043f\u0440\u043e\u0446\u0435\u0434\u0443\u0440\u044b, \u043a\u0430\u043a \u0438\u043d\u0442\u0438\u043c\u043d\u044b\u0439 \u043f\u0438\u043b\u0438\u043d\u0433, \u043f\u043b\u0430\u0437\u043c\u043e\u0442\u0435\u0440\u0430\u043f\u0438\u044f, \u0431\u0438\u043e\u0440\u0435\u0432\u0438\u0442\u0430\u043b\u0438\u0437\u0430\u0446\u0438\u044f \u0438\u043b\u0438 \u0440\u0435\u043c\u043e\u0434\u0435\u043b\u0438\u0440\u043e\u0432\u0430\u043d\u0438\u0435.<\/li><\/ul>\n<p class=\"p2\"><strong><span class=\"s1\"><span style=\"color: #ef4444;\">\u0420\u0435\u0437\u0443\u043b\u044c\u0442\u0430\u0442\u044b \u043a\u043e\u043d\u0441\u0443\u043b\u044c\u0442\u0430\u0446\u0438\u0438<\/span><\/span><\/strong><\/p>\n<ul>\n \t<li>\u0427\u0435\u0442\u043a\u043e\u0435 \u043f\u043e\u043d\u0438\u043c\u0430\u043d\u0438\u0435 \u0432\u043e\u0437\u043c\u043e\u0436\u043d\u043e\u0441\u0442\u0435\u0439 \u0438\u043d\u0442\u0438\u043c\u043d\u043e\u0433\u043e \u043e\u043c\u043e\u043b\u043e\u0436\u0435\u043d\u0438\u044f.<\/li>\n \t<li>\u0418\u043d\u0434\u0438\u0432\u0438\u0434\u0443\u0430\u043b\u044c\u043d\u044b\u0435 \u0440\u0435\u043a\u043e\u043c\u0435\u043d\u0434\u0430\u0446\u0438\u0438 \u0434\u043b\u044f \u043a\u0430\u0436\u0434\u043e\u0433\u043e \u043f\u0430\u0446\u0438\u0435\u043d\u0442\u0430.\n\u0411\u0435\u0437\u043e\u043f\u0430\u0441\u043d\u044b\u0439 \u0438 \u044d\u0444\u0444\u0435\u043a\u0442\u0438\u0432\u043d\u044b\u0439 \u043f\u043b\u0430\u043d \u043b\u0435\u0447\u0435\u043d\u0438\u044f.<\/li>\n \t<li>\u041f\u043e\u0432\u044b\u0448\u0435\u043d\u0438\u0435 \u0443\u0432\u0435\u0440\u0435\u043d\u043d\u043e\u0441\u0442\u0438 \u0438 \u043b\u0438\u0447\u043d\u043e\u0433\u043e \u043a\u043e\u043c\u0444\u043e\u0440\u0442\u0430.<\/li>\n<\/ul>\n<p class=\"p2\"><strong><span class=\"s1\"><span style=\"color: #ef4444;\">\u041f\u043e\u0447\u0435\u043c\u0443 \u0441\u0442\u043e\u0438\u0442 \u0432\u044b\u0431\u0440\u0430\u0442\u044c GranatMed?<\/span><\/span><\/strong><\/p>\n\u0412 \u043a\u043b\u0438\u043d\u0438\u043a\u0435 GranatMed \u043a\u043e\u043d\u0441\u0443\u043b\u044c\u0442\u0430\u0446\u0438\u0438 \u043f\u043e \u044d\u0441\u0442\u0435\u0442\u0438\u0447\u0435\u0441\u043a\u043e\u0439 \u0433\u0438\u043d\u0435\u043a\u043e\u043b\u043e\u0433\u0438\u0438 \u043f\u0440\u043e\u0432\u043e\u0434\u044f\u0442 \u0432\u0440\u0430\u0447\u0438-\u0441\u043f\u0435\u0446\u0438\u0430\u043b\u0438\u0441\u0442\u044b, \u0438\u043c\u0435\u044e\u0449\u0438\u0435 \u043e\u043f\u044b\u0442 \u0432 \u043e\u043c\u043e\u043b\u043e\u0436\u0435\u043d\u0438\u0438 \u0438 \u0438\u043d\u0442\u0438\u043c\u043d\u043e\u0439 \u044d\u0441\u0442\u0435\u0442\u0438\u043a\u0435. \u041c\u044b \u0434\u0435\u043b\u0430\u0435\u043c \u0441\u0442\u0430\u0432\u043a\u0443 \u043d\u0430 \u043f\u0440\u043e\u0444\u0435\u0441\u0441\u0438\u043e\u043d\u0430\u043b\u0438\u0437\u043c, \u043a\u043e\u043d\u0444\u0438\u0434\u0435\u043d\u0446\u0438\u0430\u043b\u044c\u043d\u043e\u0441\u0442\u044c \u0438 \u043a\u043e\u043c\u0444\u043e\u0440\u0442, \u043f\u0440\u0435\u0434\u043b\u0430\u0433\u0430\u044f \u0438\u043d\u0434\u0438\u0432\u0438\u0434\u0443\u0430\u043b\u044c\u043d\u044b\u0435 \u0440\u0435\u0448\u0435\u043d\u0438\u044f \u0434\u043b\u044f \u043a\u0430\u0436\u0434\u043e\u0433\u043e \u043f\u0430\u0446\u0438\u0435\u043d\u0442\u0430.\t\t\t\t\t\t\t\t<\/div>\n\t\t\t\t<\/div>\n\t\t\t\t<div class=\"elementor-element elementor-element-0947f02 elementor-widget elementor-widget-ideapark-pricing\" data-id=\"0947f02\" data-element_type=\"widget\" data-widget_type=\"ideapark-pricing.default\">\n\t\t\t\t<div class=\"elementor-widget-container\">\n\t\t\t\t\t\t\t<div class=\"c-ip-pricing\">\n\t\t\t<div class=\"c-ip-pricing__wrap\">\n\t\t\t\t<div class=\"c-ip-pricing__list\">\n\t\t\t\t\t\t\t\t\t\t\t<div class=\"c-ip-pricing__item\">\n\t\t\t\t\t\t\t\t\t\t\t\t\t\t\t\t\t\t\t\t\t<div class=\"c-ip-pricing__content\">\n\t\t\t\t\t\t\t\t<div class=\"c-ip-pricing__top-row\">\n\t\t\t\t\t\t\t\t\t\t\t\t\t\t\t\t\t\t\t<div class=\"c-ip-pricing__title\">\n\t\t\t\t\t\t\t\t\t\t\t\t\t\t\t\t\t\t\t\t\t\t\t\u0426\u0435\u043d\u0430\t\t\t\t\t\t\t\t\t\t\t\t\t\t\t\t\t\t\t\t\t\t<\/div>\n\t\t\t\t\t\t\t\t\t\t\t\t\t\t\t\t\t\t\t\t\t\t\t\t\t\t\t\t<div\n\t\t\t\t\t\t\t\t\t\t\tclass=\"c-ip-pricing__price c-ip-pricing__price--desktop\">500 MDL<\/div>\n\t\t\t\t\t\t\t\t\t\t\t\t\t\t\t\t\t<\/div>\n\t\t\t\t\t\t\t\t\t\t\t\t\t\t\t\t\t<div\n\t\t\t\t\t\t\t\t\t\tclass=\"c-ip-pricing__price c-ip-pricing__price--mobile\">500 MDL<\/div>\n\t\t\t\t\t\t\t\t\t\t\t\t\t\t\t\t\t\t\t\t\t\t\t\t\t<div\n\t\t\t\t\t\t\t\t\t\tclass=\"c-ip-pricing__description\">.<\/div>\n\t\t\t\t\t\t\t\t\t\t\t\t\t\t\t\t<div class=\"c-ip-pricing__space\"><\/div>\n\n\t\t\t\t\t\t\t<\/div>\n\n\t\t\t\t\t\t<\/div>\n\t\t\t\t\t\t\t\t\t\t<\/div>\n\t\t\t<\/div>\n\t\t<\/div>\n\t\t\t\t\t\t<\/div>\n\t\t\t\t<\/div>\n\t\t\t\t<div class=\"elementor-element elementor-element-9bf15e0 elementor-widget elementor-widget-heading\" data-id=\"9bf15e0\" data-element_type=\"widget\" data-widget_type=\"heading.default\">\n\t\t\t\t<div class=\"elementor-widget-container\">\n\t\t\t\t\t<h2 class=\"elementor-heading-title elementor-size-default\">\u0417\u0430\u043f\u0438\u0448\u0438\u0442\u0435\u0441\u044c \u043d\u0430 \u043f\u0440\u0438\u0435\u043c \u0432 GranatMed \u043f\u0440\u044f\u043c\u043e \u0441\u0435\u0439\u0447\u0430\u0441 \u043d\u0430 \u043a\u043e\u043d\u0441\u0443\u043b\u044c\u0442\u0430\u0446\u0438\u044e \u044d\u0441\u0442\u0435\u0442\u0438\u0447\u0435\u0441\u043a\u043e\u0433\u043e \u0433\u0438\u043d\u0435\u043a\u043e\u043b\u043e\u0433\u0430 \u0438 \u043d\u0430\u0439\u0434\u0438\u0442\u0435 \u043d\u0430\u0438\u0431\u043e\u043b\u0435\u0435 \u043f\u043e\u0434\u0445\u043e\u0434\u044f\u0449\u0438\u0435 \u0434\u043b\u044f \u0432\u0430\u0441 \u0440\u0435\u0448\u0435\u043d\u0438\u044f!<\/h2>\t\t\t\t<\/div>\n\t\t\t\t<\/div>\n\t\t\t\t<div class=\"elementor-element elementor-element-bb9f8b1 elementor-icon-list--layout-traditional elementor-list-item-link-full_width elementor-widget elementor-widget-icon-list\" data-id=\"bb9f8b1\" data-element_type=\"widget\" data-widget_type=\"icon-list.default\">\n\t\t\t\t<div class=\"elementor-widget-container\">\n\t\t\t\t\t\t\t<ul class=\"elementor-icon-list-items\">\n\t\t\t\t\t\t\t<li class=\"elementor-icon-list-item\">\n\t\t\t\t\t\t\t\t\t\t\t<span class=\"elementor-icon-list-icon\">\n\t\t\t\t\t\t\t<svg aria-hidden=\"true\" class=\"e-font-icon-svg e-fas-map-pin\" viewbox=\"0 0 288 512\" xmlns=\"http:\/\/www.w3.org\/2000\/svg\"><path d=\"M112 316.94v156.69l22.02 33.02c4.75 7.12 15.22 7.12 19.97 0L176 473.63V316.94c-10.39 1.92-21.06 3.06-32 3.06s-21.61-1.14-32-3.06zM144 0C64.47 0 0 64.47 0 144s64.47 144 144 144 144-64.47 144-144S223.53 0 144 0zm0 76c-37.5 0-68 30.5-68 68 0 6.62-5.38 12-12 12s-12-5.38-12-12c0-50.73 41.28-92 92-92 6.62 0 12 5.38 12 12s-5.38 12-12 12z\"><\/path><\/svg>\t\t\t\t\t\t<\/span>\n\t\t\t\t\t\t\t\t\t\t<span class=\"elementor-icon-list-text\">\u0410\u0434\u0440\u0435\u0441: \u0433. \u041a\u0438\u0448\u0438\u043d\u0435\u0432, \u0431\u0443\u043b\u044c\u0432\u0430\u0440 \u0413\u0440\u0438\u0433\u043e\u0440\u0435 \u0412\u0438\u0435\u0440\u0443 22\/5.<\/span>\n\t\t\t\t\t\t\t\t\t<\/li>\n\t\t\t\t\t\t\t\t<li class=\"elementor-icon-list-item\">\n\t\t\t\t\t\t\t\t\t\t\t<a href=\"Telefon: +373 695 58 853\">\n\n\t\t\t\t\t\t\t\t\t\t\t\t<span class=\"elementor-icon-list-icon\">\n\t\t\t\t\t\t\t<svg aria-hidden=\"true\" class=\"e-font-icon-svg e-fas-phone-alt\" viewbox=\"0 0 512 512\" xmlns=\"http:\/\/www.w3.org\/2000\/svg\"><path d=\"M497.39 361.8l-112-48a24 24 0 0 0-28 6.9l-49.6 60.6A370.66 370.66 0 0 1 130.6 204.11l60.6-49.6a23.94 23.94 0 0 0 6.9-28l-48-112A24.16 24.16 0 0 0 122.6.61l-104 24A24 24 0 0 0 0 48c0 256.5 207.9 464 464 464a24 24 0 0 0 23.4-18.6l24-104a24.29 24.29 0 0 0-14.01-27.6z\"><\/path><\/svg>\t\t\t\t\t\t<\/span>\n\t\t\t\t\t\t\t\t\t\t<span class=\"elementor-icon-list-text\">\u0422\u0435\u043b\u0435\u0444\u043e\u043d: +373 695 58 853<\/span>\n\t\t\t\t\t\t\t\t\t\t\t<\/a>\n\t\t\t\t\t\t\t\t\t<\/li>\n\t\t\t\t\t\t<\/ul>\n\t\t\t\t\t\t<\/div>\n\t\t\t\t<\/div>\n\t\t\t\t\t<\/div>\n\t\t<\/div>\n\t\t\t\t<div class=\"elementor-column elementor-col-50 elementor-top-column elementor-element elementor-element-68849da h-banner-1__column-left\" data-id=\"68849da\" data-element_type=\"column\" data-settings=\"{&quot;background_background&quot;:&quot;classic&quot;}\">\n\t\t\t<div class=\"elementor-widget-wrap elementor-element-populated\">\n\t\t\t\t\t<div class=\"elementor-background-overlay\"><\/div>\n\t\t\t\t\t\t<div class=\"elementor-element elementor-element-0988953 elementor-widget elementor-widget-spacer\" data-id=\"0988953\" data-element_type=\"widget\" data-widget_type=\"spacer.default\">\n\t\t\t\t<div class=\"elementor-widget-container\">\n\t\t\t\t\t\t\t<div class=\"elementor-spacer\">\n\t\t\t<div class=\"elementor-spacer-inner\"><\/div>\n\t\t<\/div>\n\t\t\t\t\t\t<\/div>\n\t\t\t\t<\/div>\n\t\t\t\t\t<\/div>\n\t\t<\/div>\n\t\t\t\t\t<\/div>\n\t\t<\/section>\n\t\t\t\t<section class=\"elementor-section elementor-top-section elementor-element elementor-element-afc2cc7 elementor-section-boxed elementor-section-height-default elementor-section-height-default\" data-id=\"afc2cc7\" data-element_type=\"section\">\n\t\t\t\t\t\t<div class=\"elementor-container elementor-column-gap-no\">\n\t\t\t\t\t<div class=\"elementor-column elementor-col-25 elementor-top-column elementor-element elementor-element-ae5299d\" data-id=\"ae5299d\" data-element_type=\"column\">\n\t\t\t<div class=\"elementor-widget-wrap elementor-element-populated\">\n\t\t\t\t<div class=\"elementor-element elementor-element-d7f381a e-flex e-con-boxed e-con e-parent\" data-id=\"d7f381a\" data-element_type=\"container\">\n\t\t\t\t\t<div class=\"e-con-inner\">\n\t\t\t\t<div class=\"elementor-element elementor-element-b4ee9d9 elementor-widget elementor-widget-image\" data-id=\"b4ee9d9\" data-element_type=\"widget\" data-widget_type=\"image.default\">\n\t\t\t\t<div class=\"elementor-widget-container\">\n\t\t\t\t\t\t\t\t\t\t\t\t\t\t\t<img fetchpriority=\"high\" decoding=\"async\" width=\"1024\" height=\"1024\" src=\"https:\/\/granatmed.md\/wp-content\/uploads\/2025\/09\/placeholder-prodceduri-intime.jpg\" class=\"attachment-large size-large wp-image-4804\" alt=\"\" srcset=\"https:\/\/granatmed.md\/wp-content\/uploads\/2025\/09\/placeholder-prodceduri-intime.jpg 1024w, https:\/\/granatmed.md\/wp-content\/uploads\/2025\/09\/placeholder-prodceduri-intime-460x460.jpg 460w, https:\/\/granatmed.md\/wp-content\/uploads\/2025\/09\/placeholder-prodceduri-intime-115x115.jpg 115w, https:\/\/granatmed.md\/wp-content\/uploads\/2025\/09\/placeholder-prodceduri-intime-760x760.jpg 760w, https:\/\/granatmed.md\/wp-content\/uploads\/2025\/09\/placeholder-prodceduri-intime-12x12.jpg 12w, https:\/\/granatmed.md\/wp-content\/uploads\/2025\/09\/placeholder-prodceduri-intime-920x920.jpg 920w, https:\/\/granatmed.md\/wp-content\/uploads\/2025\/09\/placeholder-prodceduri-intime-145x145.jpg 145w, https:\/\/granatmed.md\/wp-content\/uploads\/2025\/09\/placeholder-prodceduri-intime-290x290.jpg 290w\" sizes=\"(max-width: 1024px) 100vw, 1024px\" \/>\t\t\t\t\t\t\t\t\t\t\t\t\t\t\t<\/div>\n\t\t\t\t<\/div>\n\t\t\t\t\t<\/div>\n\t\t\t\t<\/div>\n\t\t\t\t\t<\/div>\n\t\t<\/div>\n\t\t\t\t<div class=\"elementor-column elementor-col-25 elementor-top-column elementor-element elementor-element-3e1136b\" data-id=\"3e1136b\" data-element_type=\"column\">\n\t\t\t<div class=\"elementor-widget-wrap elementor-element-populated\">\n\t\t\t\t<div class=\"elementor-element elementor-element-c041fe9 e-flex e-con-boxed e-con e-parent\" data-id=\"c041fe9\" data-element_type=\"container\">\n\t\t\t\t\t<div class=\"e-con-inner\">\n\t\t\t\t<div class=\"elementor-element elementor-element-9c5c0ec elementor-widget elementor-widget-image\" data-id=\"9c5c0ec\" data-element_type=\"widget\" data-widget_type=\"image.default\">\n\t\t\t\t<div class=\"elementor-widget-container\">\n\t\t\t\t\t\t\t\t\t\t\t\t\t\t\t<img decoding=\"async\" width=\"500\" height=\"500\" src=\"https:\/\/granatmed.md\/wp-content\/uploads\/2025\/08\/logo.png\" class=\"attachment-large size-large wp-image-4720\" alt=\"\" srcset=\"https:\/\/granatmed.md\/wp-content\/uploads\/2025\/08\/logo.png 500w, https:\/\/granatmed.md\/wp-content\/uploads\/2025\/08\/logo-460x460.png 460w, https:\/\/granatmed.md\/wp-content\/uploads\/2025\/08\/logo-115x115.png 115w, https:\/\/granatmed.md\/wp-content\/uploads\/2025\/08\/logo-12x12.png 12w, https:\/\/granatmed.md\/wp-content\/uploads\/2025\/08\/logo-145x145.png 145w, https:\/\/granatmed.md\/wp-content\/uploads\/2025\/08\/logo-290x290.png 290w\" sizes=\"(max-width: 500px) 100vw, 500px\" \/>\t\t\t\t\t\t\t\t\t\t\t\t\t\t\t<\/div>\n\t\t\t\t<\/div>\n\t\t\t\t\t<\/div>\n\t\t\t\t<\/div>\n\t\t\t\t\t<\/div>\n\t\t<\/div>\n\t\t\t\t<div class=\"elementor-column elementor-col-25 elementor-top-column elementor-element elementor-element-04e028b\" data-id=\"04e028b\" data-element_type=\"column\" data-settings=\"{&quot;background_background&quot;:&quot;classic&quot;}\">\n\t\t\t<div class=\"elementor-widget-wrap elementor-element-populated\">\n\t\t\t\t<div class=\"elementor-element elementor-element-c60c2ab e-con-full e-flex e-con e-child\" data-id=\"c60c2ab\" data-element_type=\"container\">\n\t\t\t\t<div class=\"elementor-element elementor-element-86e2028 elementor-widget elementor-widget-image\" data-id=\"86e2028\" data-element_type=\"widget\" data-widget_type=\"image.default\">\n\t\t\t\t<div class=\"elementor-widget-container\">\n\t\t\t\t\t\t\t\t\t\t\t\t\t\t\t<img decoding=\"async\" width=\"225\" height=\"225\" src=\"https:\/\/granatmed.md\/wp-content\/uploads\/2025\/04\/0000.jpeg\" class=\"attachment-large size-large wp-image-4702\" alt=\"\" srcset=\"https:\/\/granatmed.md\/wp-content\/uploads\/2025\/04\/0000.jpeg 225w, https:\/\/granatmed.md\/wp-content\/uploads\/2025\/04\/0000-115x115.jpeg 115w, https:\/\/granatmed.md\/wp-content\/uploads\/2025\/04\/0000-12x12.jpeg 12w, https:\/\/granatmed.md\/wp-content\/uploads\/2025\/04\/0000-145x145.jpeg 145w\" sizes=\"(max-width: 225px) 100vw, 225px\" \/>\t\t\t\t\t\t\t\t\t\t\t\t\t\t\t<\/div>\n\t\t\t\t<\/div>\n\t\t\t\t<\/div>\n\t\t\t\t\t<\/div>\n\t\t<\/div>\n\t\t\t\t<div class=\"elementor-column elementor-col-25 elementor-top-column elementor-element elementor-element-8bccf19\" data-id=\"8bccf19\" data-element_type=\"column\">\n\t\t\t<div class=\"elementor-widget-wrap elementor-element-populated\">\n\t\t\t\t<div class=\"elementor-element elementor-element-a0e1d95 e-flex e-con-boxed e-con e-parent\" data-id=\"a0e1d95\" data-element_type=\"container\">\n\t\t\t\t\t<div class=\"e-con-inner\">\n\t\t\t\t<div class=\"elementor-element elementor-element-ea630f8 elementor-widget elementor-widget-image\" data-id=\"ea630f8\" data-element_type=\"widget\" data-widget_type=\"image.default\">\n\t\t\t\t<div class=\"elementor-widget-container\">\n\t\t\t\t\t\t\t\t\t\t\t\t\t\t\t<img decoding=\"async\" width=\"500\" height=\"500\" src=\"https:\/\/granatmed.md\/wp-content\/uploads\/2025\/08\/logo.png\" class=\"attachment-large size-large wp-image-4720\" alt=\"\" srcset=\"https:\/\/granatmed.md\/wp-content\/uploads\/2025\/08\/logo.png 500w, https:\/\/granatmed.md\/wp-content\/uploads\/2025\/08\/logo-460x460.png 460w, https:\/\/granatmed.md\/wp-content\/uploads\/2025\/08\/logo-115x115.png 115w, https:\/\/granatmed.md\/wp-content\/uploads\/2025\/08\/logo-12x12.png 12w, https:\/\/granatmed.md\/wp-content\/uploads\/2025\/08\/logo-145x145.png 145w, https:\/\/granatmed.md\/wp-content\/uploads\/2025\/08\/logo-290x290.png 290w\" sizes=\"(max-width: 500px) 100vw, 500px\" \/>\t\t\t\t\t\t\t\t\t\t\t\t\t\t\t<\/div>\n\t\t\t\t<\/div>\n\t\t\t\t\t<\/div>\n\t\t\t\t<\/div>\n\t\t\t\t\t<\/div>\n\t\t<\/div>\n\t\t\t\t\t<\/div>\n\t\t<\/section>\n\t\t\t\t<\/div>","protected":false},"excerpt":{"rendered":"<p>Consulta\u021bie Ginecologic\u0103 Estetic\u0103 Home Estetic\u0103 intim\u0103 Ce este consulta\u021bia ginecologic\u0103 estetic\u0103? Consulta\u021bia ginecologic\u0103 estetic\u0103 este primul pas pentru femeile care doresc s\u0103&hellip;<\/p>","protected":false},"author":1,"featured_media":0,"parent":4642,"menu_order":0,"comment_status":"closed","ping_status":"closed","template":"elementor_header_footer","meta":{"_metasync_otto_title":"","_metasync_otto_description":"","rank_math_title":"Peeling Intim \u00een Chi\u0219in\u0103u \u2013 Re\u00eemprosp\u0103tare \u0219i uniformizare delicat\u0103 a pielii","rank_math_description":"Peeling intim \u2013 procedur\u0103 profesional\u0103, sigur\u0103 \u0219i nedureroas\u0103 pentru uniformizarea culorii pielii, regenerare \u0219i hidratare profund\u0103. Pre\u021b 1000\u20132000 MDL.","_yoast_wpseo_title":"","_yoast_wpseo_metadesc":"","footnotes":""},"class_list":["post-4829","page","type-page","status-publish","hentry"],"_links":{"self":[{"href":"https:\/\/granatmed.md\/ru\/wp-json\/wp\/v2\/pages\/4829","targetHints":{"allow":["GET"]}}],"collection":[{"href":"https:\/\/granatmed.md\/ru\/wp-json\/wp\/v2\/pages"}],"about":[{"href":"https:\/\/granatmed.md\/ru\/wp-json\/wp\/v2\/types\/page"}],"author":[{"embeddable":true,"href":"https:\/\/granatmed.md\/ru\/wp-json\/wp\/v2\/users\/1"}],"replies":[{"embeddable":true,"href":"https:\/\/granatmed.md\/ru\/wp-json\/wp\/v2\/comments?post=4829"}],"version-history":[{"count":22,"href":"https:\/\/granatmed.md\/ru\/wp-json\/wp\/v2\/pages\/4829\/revisions"}],"predecessor-version":[{"id":4916,"href":"https:\/\/granatmed.md\/ru\/wp-json\/wp\/v2\/pages\/4829\/revisions\/4916"}],"up":[{"embeddable":true,"href":"https:\/\/granatmed.md\/ru\/wp-json\/wp\/v2\/pages\/4642"}],"wp:attachment":[{"href":"https:\/\/granatmed.md\/ru\/wp-json\/wp\/v2\/media?parent=4829"}],"curies":[{"name":"wp","href":"https:\/\/api.w.org\/{rel}","templated":true}]}}