{"id":5861,"date":"2026-05-06T14:25:32","date_gmt":"2026-05-06T14:25:32","guid":{"rendered":"https:\/\/granatmed.md\/?page_id=5861"},"modified":"2026-05-06T14:35:20","modified_gmt":"2026-05-06T14:35:20","slug":"express-office-massage","status":"publish","type":"page","link":"https:\/\/granatmed.md\/ru\/express-office-massage\/","title":{"rendered":"Express Office Massage"},"content":{"rendered":"<div data-elementor-type=\"wp-page\" data-elementor-id=\"5861\" class=\"elementor elementor-5861\" data-elementor-post-type=\"page\">\n\t\t\t\t\t\t<section class=\"elementor-section elementor-top-section elementor-element elementor-element-bb444d5 elementor-section-full_width elementor-section-height-default elementor-section-height-default\" data-id=\"bb444d5\" data-element_type=\"section\" data-e-type=\"section\">\n\t\t\t\t\t\t<div class=\"elementor-container elementor-column-gap-no\">\n\t\t\t\t\t<div class=\"elementor-column elementor-col-100 elementor-top-column elementor-element elementor-element-2a5c1f9\" data-id=\"2a5c1f9\" data-element_type=\"column\" data-e-type=\"column\">\n\t\t\t<div class=\"elementor-widget-wrap elementor-element-populated\">\n\t\t\t\t\t\t<div class=\"elementor-element elementor-element-8df1654 elementor-widget elementor-widget-ideapark-page-header\" data-id=\"8df1654\" data-element_type=\"widget\" data-e-type=\"widget\" data-widget_type=\"ideapark-page-header.default\">\n\t\t\t\t<div class=\"elementor-widget-container\">\n\t\t\t\t\t\t<header\n\t\tclass=\"l-section c-page-header c-page-header--header-type-1 c-page-header--default c-page-header--low\"\n\t\t>\n\n\t\t\t\t\t<div class=\"c-page-header__wrap\">\n\t\t\t\t\t\t\t\t\t<h1 class=\"c-page-header__title\">Express Office Massage<\/h1>\n\t\t\t\t\t\t\t<\/div>\n\t\t\t\t<nav aria-label=\"breadcrumbs\" class=\"rank-math-breadcrumb c-breadcrumbs\"><div class=\"c-breadcrumbs__list\"><span class=\"last\">\u0413\u043b\u0430\u0432\u043d\u0430\u044f<\/span><\/div><\/nav>\t<\/header>\n\t\t\t\t<\/div>\n\t\t\t\t<\/div>\n\t\t\t\t\t<\/div>\n\t\t<\/div>\n\t\t\t\t\t<\/div>\n\t\t<\/section>\n\t\t\t\t<section class=\"elementor-section elementor-top-section elementor-element elementor-element-1ac7661 h-banner-1 elementor-section-boxed elementor-section-height-default elementor-section-height-default\" data-id=\"1ac7661\" data-element_type=\"section\" data-e-type=\"section\" data-settings=\"{&quot;background_background&quot;:&quot;classic&quot;}\">\n\t\t\t\t\t\t<div class=\"elementor-container elementor-column-gap-no\">\n\t\t\t\t\t<div class=\"elementor-column elementor-col-50 elementor-top-column elementor-element elementor-element-d9c9ada\" data-id=\"d9c9ada\" data-element_type=\"column\" data-e-type=\"column\" data-settings=\"{&quot;background_background&quot;:&quot;classic&quot;}\">\n\t\t\t<div class=\"elementor-widget-wrap elementor-element-populated\">\n\t\t\t\t\t\t<div class=\"elementor-element elementor-element-c3bcebf elementor-widget elementor-widget-ideapark-heading\" data-id=\"c3bcebf\" data-element_type=\"widget\" data-e-type=\"widget\" data-widget_type=\"ideapark-heading.default\">\n\t\t\t\t<div class=\"elementor-widget-container\">\n\t\t\t\t\t<div class=\"c-ip-heading c-ip-heading--small c-ip-heading--center c-ip-heading--bullet-after\"><span class=\"c-ip-heading__inner\">MASAJ TERAPEUTIC & RELAXARE<\/span><\/div>\t\t\t\t<\/div>\n\t\t\t\t<\/div>\n\t\t\t\t<div class=\"elementor-element elementor-element-88a963b elementor-widget elementor-widget-ideapark-heading\" data-id=\"88a963b\" data-element_type=\"widget\" data-e-type=\"widget\" data-widget_type=\"ideapark-heading.default\">\n\t\t\t\t<div class=\"elementor-widget-container\">\n\t\t\t\t\t<div class=\"c-ip-heading c-ip-heading--medium c-ip-heading--center c-ip-heading--bullet-hide\"><span class=\"c-ip-heading__inner\">Express Office Massage<\/span><\/div>\t\t\t\t<\/div>\n\t\t\t\t<\/div>\n\t\t\t\t<div class=\"elementor-element elementor-element-1e2344a elementor-widget__width-inherit elementor-widget elementor-widget-text-editor\" data-id=\"1e2344a\" data-element_type=\"widget\" data-e-type=\"widget\" data-widget_type=\"text-editor.default\">\n\t\t\t\t<div class=\"elementor-widget-container\">\n\t\t\t\t\t\t\t\t\t<p class=\"p1\">Conceput special pentru profesioni\u0219tii cu program intens, Express Office Massage este solu\u021bia ideal\u0103 pentru a combate tensiunile acumulate pe parcursul zilei de lucru. Masajul vizeaz\u0103 zonele cel mai frecvent afectate de postura sedentar\u0103: g\u00e2tul, umerii \u0219i zona lombar\u0103.<\/p><p class=\"p1\">Prin tehnici de presopunctur\u0103 \u0219i manipulare muscular\u0103 bl\u00e2nd\u0103, se elibereaz\u0103 rapid contracturile \u0219i blocajele energetice, restabilind mobilitatea \u0219i confortul fizic. O sesiune de 30 de minute este suficient\u0103 pentru a reduce semnificativ nivelul de stres \u0219i pentru a redob\u00e2ndi claritatea mental\u0103 necesar\u0103 activit\u0103\u021bii profesionale.<\/p><p class=\"p1\"><strong><span class=\"s1\"><span style=\"color: #ef4444;\">Recomandat persoanelor care lucreaz\u0103 la birou, cu tensiuni frecvente la nivelul umerilor \u0219i cefei.<\/span><\/span><\/strong><\/p>\t\t\t\t\t\t\t\t<\/div>\n\t\t\t\t<\/div>\n\t\t\t\t<div class=\"elementor-element elementor-element-b400704 elementor-widget elementor-widget-ideapark-pricing\" data-id=\"b400704\" data-element_type=\"widget\" data-e-type=\"widget\" data-widget_type=\"ideapark-pricing.default\">\n\t\t\t\t<div class=\"elementor-widget-container\">\n\t\t\t\t\t\t\t<div class=\"c-ip-pricing\">\n\t\t\t<div class=\"c-ip-pricing__wrap\">\n\t\t\t\t<div class=\"c-ip-pricing__list\">\n\t\t\t\t\t\t\t\t\t\t\t<div class=\"c-ip-pricing__item\">\n\t\t\t\t\t\t\t\t\t\t\t\t\t\t\t\t\t\t\t\t\t<div class=\"c-ip-pricing__content\">\n\t\t\t\t\t\t\t\t<div class=\"c-ip-pricing__top-row\">\n\t\t\t\t\t\t\t\t\t\t\t\t\t\t\t\t\t\t\t<div class=\"c-ip-pricing__title\">\n\t\t\t\t\t\t\t\t\t\t\t\t\t\t\t\t\t\t\t\t\t\t\t\u0426\u0435\u043d\u0430\t\t\t\t\t\t\t\t\t\t\t\t\t\t\t\t\t\t\t\t\t\t<\/div>\n\t\t\t\t\t\t\t\t\t\t\t\t\t\t\t\t\t\t\t\t\t\t\t\t\t\t\t\t<div\n\t\t\t\t\t\t\t\t\t\t\tclass=\"c-ip-pricing__price c-ip-pricing__price--desktop\">450 MDL<\/div>\n\t\t\t\t\t\t\t\t\t\t\t\t\t\t\t\t\t<\/div>\n\t\t\t\t\t\t\t\t\t\t\t\t\t\t\t\t\t<div\n\t\t\t\t\t\t\t\t\t\tclass=\"c-ip-pricing__price c-ip-pricing__price--mobile\">450 MDL<\/div>\n\t\t\t\t\t\t\t\t\t\t\t\t\t\t\t\t\t\t\t\t\t\t\t\t\t<div\n\t\t\t\t\t\t\t\t\t\tclass=\"c-ip-pricing__description\">Zone: G\u00e2t, Umeri, Lombar\u0103  | Durat\u0103 - 30 min<\/div>\n\t\t\t\t\t\t\t\t\t\t\t\t\t\t\t\t<div class=\"c-ip-pricing__space\"><\/div>\n\n\t\t\t\t\t\t\t<\/div>\n\n\t\t\t\t\t\t<\/div>\n\t\t\t\t\t\t\t\t\t\t<\/div>\n\t\t\t<\/div>\n\t\t<\/div>\n\t\t\t\t\t\t<\/div>\n\t\t\t\t<\/div>\n\t\t\t\t<div class=\"elementor-element elementor-element-fee9f25 elementor-widget__width-inherit elementor-widget elementor-widget-text-editor\" data-id=\"fee9f25\" data-element_type=\"widget\" data-e-type=\"widget\" data-widget_type=\"text-editor.default\">\n\t\t\t\t<div class=\"elementor-widget-container\">\n\t\t\t\t\t\t\t\t\t<p>Cabinetul este dotat cu du\u0219, prosoape \u0219i lenjerie de unic\u0103 folosin\u021b\u0103. La solicitare, durata \u0219i tipul masajului pot fi adaptate.<\/p>\t\t\t\t\t\t\t\t<\/div>\n\t\t\t\t<\/div>\n\t\t\t\t<div class=\"elementor-element elementor-element-27fc1b4 elementor-align-center elementor-mobile-align-left elementor-widget elementor-widget-ideapark-button\" data-id=\"27fc1b4\" data-element_type=\"widget\" data-e-type=\"widget\" data-widget_type=\"ideapark-button.default\">\n\t\t\t\t<div class=\"elementor-widget-container\">\n\t\t\t\t\t\t\t<div class=\"c-ip-button__wrap\">\n\t\t\t<a href=\"https:\/\/b823702.alteg.io\/company\/773461\/personal\/menu?o=\" class=\"c-button c-ip-button c-button--default\" role=\"button\">\n\t\t\t\t\t\t\t\t<span class=\"c-ip-button__text\">\u0417\u0430\u043f\u0438\u0441\u0430\u0442\u044c\u0441\u044f<\/span>\n\t\t\t\t\t\t\t<\/a>\n\t\t<\/div>\n\t\t\t\t\t\t<\/div>\n\t\t\t\t<\/div>\n\t\t\t\t\t<\/div>\n\t\t<\/div>\n\t\t\t\t<div class=\"elementor-column elementor-col-50 elementor-top-column elementor-element elementor-element-38afb77 h-banner-1__column-left\" data-id=\"38afb77\" data-element_type=\"column\" data-e-type=\"column\" data-settings=\"{&quot;background_background&quot;:&quot;classic&quot;}\">\n\t\t\t<div class=\"elementor-widget-wrap elementor-element-populated\">\n\t\t\t\t\t\t<div class=\"elementor-element elementor-element-8223451 elementor-widget elementor-widget-spacer\" data-id=\"8223451\" data-element_type=\"widget\" data-e-type=\"widget\" data-widget_type=\"spacer.default\">\n\t\t\t\t<div class=\"elementor-widget-container\">\n\t\t\t\t\t\t\t<div class=\"elementor-spacer\">\n\t\t\t<div class=\"elementor-spacer-inner\"><\/div>\n\t\t<\/div>\n\t\t\t\t\t\t<\/div>\n\t\t\t\t<\/div>\n\t\t\t\t\t<\/div>\n\t\t<\/div>\n\t\t\t\t\t<\/div>\n\t\t<\/section>\n\t\t\t\t<section class=\"elementor-section elementor-top-section elementor-element elementor-element-9b5be9e elementor-section-boxed elementor-section-height-default elementor-section-height-default\" data-id=\"9b5be9e\" data-element_type=\"section\" data-e-type=\"section\">\n\t\t\t\t\t\t<div class=\"elementor-container elementor-column-gap-no\">\n\t\t\t\t\t<div class=\"elementor-column elementor-col-25 elementor-top-column elementor-element elementor-element-e63cb7a\" data-id=\"e63cb7a\" data-element_type=\"column\" data-e-type=\"column\">\n\t\t\t<div class=\"elementor-widget-wrap elementor-element-populated\">\n\t\t\t\t<div class=\"elementor-element elementor-element-ea5ba33 e-flex e-con-boxed e-con e-parent\" data-id=\"ea5ba33\" data-element_type=\"container\" data-e-type=\"container\">\n\t\t\t\t\t<div class=\"e-con-inner\">\n\t\t\t\t<div class=\"elementor-element elementor-element-102f020 elementor-widget elementor-widget-image\" data-id=\"102f020\" data-element_type=\"widget\" data-e-type=\"widget\" data-widget_type=\"image.default\">\n\t\t\t\t<div class=\"elementor-widget-container\">\n\t\t\t\t\t\t\t\t\t\t\t\t\t\t\t<img fetchpriority=\"high\" decoding=\"async\" width=\"434\" height=\"434\" src=\"https:\/\/granatmed.md\/wp-content\/uploads\/2026\/05\/premium-recovery-ritual.png\" class=\"attachment-large size-large wp-image-5841\" alt=\"\" srcset=\"https:\/\/granatmed.md\/wp-content\/uploads\/2026\/05\/premium-recovery-ritual.png 434w, https:\/\/granatmed.md\/wp-content\/uploads\/2026\/05\/premium-recovery-ritual-115x115.png 115w, https:\/\/granatmed.md\/wp-content\/uploads\/2026\/05\/premium-recovery-ritual-12x12.png 12w, https:\/\/granatmed.md\/wp-content\/uploads\/2026\/05\/premium-recovery-ritual-145x145.png 145w, https:\/\/granatmed.md\/wp-content\/uploads\/2026\/05\/premium-recovery-ritual-290x290.png 290w\" sizes=\"(max-width: 434px) 100vw, 434px\" \/>\t\t\t\t\t\t\t\t\t\t\t\t\t\t\t<\/div>\n\t\t\t\t<\/div>\n\t\t\t\t\t<\/div>\n\t\t\t\t<\/div>\n\t\t\t\t\t<\/div>\n\t\t<\/div>\n\t\t\t\t<div class=\"elementor-column elementor-col-25 elementor-top-column elementor-element elementor-element-74551ba\" data-id=\"74551ba\" data-element_type=\"column\" data-e-type=\"column\">\n\t\t\t<div class=\"elementor-widget-wrap elementor-element-populated\">\n\t\t\t\t<div class=\"elementor-element elementor-element-2649f67 e-flex e-con-boxed e-con e-parent\" data-id=\"2649f67\" data-element_type=\"container\" data-e-type=\"container\">\n\t\t\t\t\t<div class=\"e-con-inner\">\n\t\t\t\t<div class=\"elementor-element elementor-element-eedf387 elementor-widget elementor-widget-image\" data-id=\"eedf387\" data-element_type=\"widget\" data-e-type=\"widget\" data-widget_type=\"image.default\">\n\t\t\t\t<div class=\"elementor-widget-container\">\n\t\t\t\t\t\t\t\t\t\t\t\t\t\t\t<img decoding=\"async\" width=\"434\" height=\"434\" src=\"https:\/\/granatmed.md\/wp-content\/uploads\/2026\/05\/express_office_massage.png\" class=\"attachment-large size-large wp-image-5854\" alt=\"\" srcset=\"https:\/\/granatmed.md\/wp-content\/uploads\/2026\/05\/express_office_massage.png 434w, https:\/\/granatmed.md\/wp-content\/uploads\/2026\/05\/express_office_massage-115x115.png 115w, https:\/\/granatmed.md\/wp-content\/uploads\/2026\/05\/express_office_massage-12x12.png 12w, https:\/\/granatmed.md\/wp-content\/uploads\/2026\/05\/express_office_massage-145x145.png 145w, https:\/\/granatmed.md\/wp-content\/uploads\/2026\/05\/express_office_massage-290x290.png 290w\" sizes=\"(max-width: 434px) 100vw, 434px\" \/>\t\t\t\t\t\t\t\t\t\t\t\t\t\t\t<\/div>\n\t\t\t\t<\/div>\n\t\t\t\t\t<\/div>\n\t\t\t\t<\/div>\n\t\t\t\t\t<\/div>\n\t\t<\/div>\n\t\t\t\t<div class=\"elementor-column elementor-col-25 elementor-top-column elementor-element elementor-element-9c83069\" data-id=\"9c83069\" data-element_type=\"column\" data-e-type=\"column\">\n\t\t\t<div class=\"elementor-widget-wrap elementor-element-populated\">\n\t\t\t\t<div class=\"elementor-element elementor-element-6cf9067 e-con-full e-flex e-con e-child\" data-id=\"6cf9067\" data-element_type=\"container\" data-e-type=\"container\">\n\t\t\t\t<div class=\"elementor-element elementor-element-e456dc5 elementor-widget elementor-widget-image\" data-id=\"e456dc5\" data-element_type=\"widget\" data-e-type=\"widget\" data-widget_type=\"image.default\">\n\t\t\t\t<div class=\"elementor-widget-container\">\n\t\t\t\t\t\t\t\t\t\t\t\t\t\t\t<img decoding=\"async\" width=\"434\" height=\"434\" src=\"https:\/\/granatmed.md\/wp-content\/uploads\/2026\/05\/masaj-de-drenaj-limfatic.png\" class=\"attachment-large size-large wp-image-5843\" alt=\"\" srcset=\"https:\/\/granatmed.md\/wp-content\/uploads\/2026\/05\/masaj-de-drenaj-limfatic.png 434w, https:\/\/granatmed.md\/wp-content\/uploads\/2026\/05\/masaj-de-drenaj-limfatic-115x115.png 115w, https:\/\/granatmed.md\/wp-content\/uploads\/2026\/05\/masaj-de-drenaj-limfatic-12x12.png 12w, https:\/\/granatmed.md\/wp-content\/uploads\/2026\/05\/masaj-de-drenaj-limfatic-145x145.png 145w, https:\/\/granatmed.md\/wp-content\/uploads\/2026\/05\/masaj-de-drenaj-limfatic-290x290.png 290w\" sizes=\"(max-width: 434px) 100vw, 434px\" \/>\t\t\t\t\t\t\t\t\t\t\t\t\t\t\t<\/div>\n\t\t\t\t<\/div>\n\t\t\t\t<\/div>\n\t\t\t\t\t<\/div>\n\t\t<\/div>\n\t\t\t\t<div class=\"elementor-column elementor-col-25 elementor-top-column elementor-element elementor-element-16d9c33\" data-id=\"16d9c33\" data-element_type=\"column\" data-e-type=\"column\">\n\t\t\t<div class=\"elementor-widget-wrap elementor-element-populated\">\n\t\t\t\t<div class=\"elementor-element elementor-element-3dfb85d e-flex e-con-boxed e-con e-parent\" data-id=\"3dfb85d\" data-element_type=\"container\" data-e-type=\"container\">\n\t\t\t\t\t<div class=\"e-con-inner\">\n\t\t\t\t<div class=\"elementor-element elementor-element-4ccae5a elementor-widget elementor-widget-image\" data-id=\"4ccae5a\" data-element_type=\"widget\" data-e-type=\"widget\" data-widget_type=\"image.default\">\n\t\t\t\t<div class=\"elementor-widget-container\">\n\t\t\t\t\t\t\t\t\t\t\t\t\t\t\t<img loading=\"lazy\" decoding=\"async\" width=\"900\" height=\"900\" src=\"https:\/\/granatmed.md\/wp-content\/uploads\/2024\/09\/granat_patrat_alb-rosu.png\" class=\"attachment-large size-large wp-image-3666\" alt=\"\" srcset=\"https:\/\/granatmed.md\/wp-content\/uploads\/2024\/09\/granat_patrat_alb-rosu.png 900w, https:\/\/granatmed.md\/wp-content\/uploads\/2024\/09\/granat_patrat_alb-rosu-460x460.png 460w, https:\/\/granatmed.md\/wp-content\/uploads\/2024\/09\/granat_patrat_alb-rosu-115x115.png 115w, https:\/\/granatmed.md\/wp-content\/uploads\/2024\/09\/granat_patrat_alb-rosu-760x760.png 760w, https:\/\/granatmed.md\/wp-content\/uploads\/2024\/09\/granat_patrat_alb-rosu-145x145.png 145w, https:\/\/granatmed.md\/wp-content\/uploads\/2024\/09\/granat_patrat_alb-rosu-290x290.png 290w\" sizes=\"(max-width: 900px) 100vw, 900px\" \/>\t\t\t\t\t\t\t\t\t\t\t\t\t\t\t<\/div>\n\t\t\t\t<\/div>\n\t\t\t\t\t<\/div>\n\t\t\t\t<\/div>\n\t\t\t\t\t<\/div>\n\t\t<\/div>\n\t\t\t\t\t<\/div>\n\t\t<\/section>\n\t\t\t\t<\/div>","protected":false},"excerpt":{"rendered":"<p>Express Office Massage Home MASAJ TERAPEUTIC &#038; RELAXARE Express Office Massage Conceput special pentru profesioni\u0219tii cu program intens, Express Office Massage este&hellip;<\/p>","protected":false},"author":1,"featured_media":0,"parent":0,"menu_order":0,"comment_status":"closed","ping_status":"closed","template":"elementor_header_footer","meta":{"_metasync_otto_title":"","_metasync_otto_description":"","_metasync_otto_keywords":"","_metasync_otto_og_title":"","_metasync_otto_og_description":"","_metasync_otto_twitter_title":"","_metasync_otto_twitter_description":"","rank_math_title":"","rank_math_description":"","_yoast_wpseo_title":"","_yoast_wpseo_metadesc":"","_aioseo_title":"","_aioseo_description":"","_metasync_seo_title":"","_metasync_seo_desc":"","_metasync_breadcrumb_title":"","_metasync_primary_category":0,"_metasync_primary_product_cat":0,"_metasync_otto_disabled":"","_metasync_hreflang":"","footnotes":""},"class_list":["post-5861","page","type-page","status-publish","hentry"],"_links":{"self":[{"href":"https:\/\/granatmed.md\/ru\/wp-json\/wp\/v2\/pages\/5861","targetHints":{"allow":["GET"]}}],"collection":[{"href":"https:\/\/granatmed.md\/ru\/wp-json\/wp\/v2\/pages"}],"about":[{"href":"https:\/\/granatmed.md\/ru\/wp-json\/wp\/v2\/types\/page"}],"author":[{"embeddable":true,"href":"https:\/\/granatmed.md\/ru\/wp-json\/wp\/v2\/users\/1"}],"replies":[{"embeddable":true,"href":"https:\/\/granatmed.md\/ru\/wp-json\/wp\/v2\/comments?post=5861"}],"version-history":[{"count":10,"href":"https:\/\/granatmed.md\/ru\/wp-json\/wp\/v2\/pages\/5861\/revisions"}],"predecessor-version":[{"id":5884,"href":"https:\/\/granatmed.md\/ru\/wp-json\/wp\/v2\/pages\/5861\/revisions\/5884"}],"wp:attachment":[{"href":"https:\/\/granatmed.md\/ru\/wp-json\/wp\/v2\/media?parent=5861"}],"curies":[{"name":"wp","href":"https:\/\/api.w.org\/{rel}","templated":true}]}}