{"id":5877,"date":"2026-05-06T14:32:12","date_gmt":"2026-05-06T14:32:12","guid":{"rendered":"https:\/\/granatmed.md\/?page_id=5877"},"modified":"2026-05-06T14:39:50","modified_gmt":"2026-05-06T14:39:50","slug":"back-neck-therapy","status":"publish","type":"page","link":"https:\/\/granatmed.md\/ru\/back-neck-therapy\/","title":{"rendered":"Back &amp; Neck Therapy"},"content":{"rendered":"<div data-elementor-type=\"wp-page\" data-elementor-id=\"5877\" class=\"elementor elementor-5877\" data-elementor-post-type=\"page\">\n\t\t\t\t\t\t<section class=\"elementor-section elementor-top-section elementor-element elementor-element-2888ea2 elementor-section-full_width elementor-section-height-default elementor-section-height-default\" data-id=\"2888ea2\" data-element_type=\"section\" data-e-type=\"section\">\n\t\t\t\t\t\t<div class=\"elementor-container elementor-column-gap-no\">\n\t\t\t\t\t<div class=\"elementor-column elementor-col-100 elementor-top-column elementor-element elementor-element-dc9a4cf\" data-id=\"dc9a4cf\" data-element_type=\"column\" data-e-type=\"column\">\n\t\t\t<div class=\"elementor-widget-wrap elementor-element-populated\">\n\t\t\t\t\t\t<div class=\"elementor-element elementor-element-de825f3 elementor-widget elementor-widget-ideapark-page-header\" data-id=\"de825f3\" data-element_type=\"widget\" data-e-type=\"widget\" data-widget_type=\"ideapark-page-header.default\">\n\t\t\t\t<div class=\"elementor-widget-container\">\n\t\t\t\t\t\t<header\n\t\tclass=\"l-section c-page-header c-page-header--header-type-1 c-page-header--default c-page-header--low\"\n\t\t>\n\n\t\t\t\t\t<div class=\"c-page-header__wrap\">\n\t\t\t\t\t\t\t\t\t<h1 class=\"c-page-header__title\">Back &amp; Neck Therapy<\/h1>\n\t\t\t\t\t\t\t<\/div>\n\t\t\t\t<nav aria-label=\"breadcrumbs\" class=\"rank-math-breadcrumb c-breadcrumbs\"><div class=\"c-breadcrumbs__list\"><span class=\"last\">\u0413\u043b\u0430\u0432\u043d\u0430\u044f<\/span><\/div><\/nav>\t<\/header>\n\t\t\t\t<\/div>\n\t\t\t\t<\/div>\n\t\t\t\t\t<\/div>\n\t\t<\/div>\n\t\t\t\t\t<\/div>\n\t\t<\/section>\n\t\t\t\t<section class=\"elementor-section elementor-top-section elementor-element elementor-element-1fe3bc6 h-banner-1 elementor-section-boxed elementor-section-height-default elementor-section-height-default\" data-id=\"1fe3bc6\" data-element_type=\"section\" data-e-type=\"section\" data-settings=\"{&quot;background_background&quot;:&quot;classic&quot;}\">\n\t\t\t\t\t\t<div class=\"elementor-container elementor-column-gap-no\">\n\t\t\t\t\t<div class=\"elementor-column elementor-col-50 elementor-top-column elementor-element elementor-element-c11b141\" data-id=\"c11b141\" data-element_type=\"column\" data-e-type=\"column\" data-settings=\"{&quot;background_background&quot;:&quot;classic&quot;}\">\n\t\t\t<div class=\"elementor-widget-wrap elementor-element-populated\">\n\t\t\t\t\t\t<div class=\"elementor-element elementor-element-02a10b3 elementor-widget elementor-widget-ideapark-heading\" data-id=\"02a10b3\" data-element_type=\"widget\" data-e-type=\"widget\" data-widget_type=\"ideapark-heading.default\">\n\t\t\t\t<div class=\"elementor-widget-container\">\n\t\t\t\t\t<div class=\"c-ip-heading c-ip-heading--small c-ip-heading--center c-ip-heading--bullet-after\"><span class=\"c-ip-heading__inner\">MASAJ TERAPEUTIC & RELAXARE<\/span><\/div>\t\t\t\t<\/div>\n\t\t\t\t<\/div>\n\t\t\t\t<div class=\"elementor-element elementor-element-4c04260 elementor-widget elementor-widget-ideapark-heading\" data-id=\"4c04260\" data-element_type=\"widget\" data-e-type=\"widget\" data-widget_type=\"ideapark-heading.default\">\n\t\t\t\t<div class=\"elementor-widget-container\">\n\t\t\t\t\t<div class=\"c-ip-heading c-ip-heading--medium c-ip-heading--center c-ip-heading--bullet-hide\"><span class=\"c-ip-heading__inner\">Back & Neck Therapy<\/span><\/div>\t\t\t\t<\/div>\n\t\t\t\t<\/div>\n\t\t\t\t<div class=\"elementor-element elementor-element-ac92dae elementor-widget__width-inherit elementor-widget elementor-widget-text-editor\" data-id=\"ac92dae\" data-element_type=\"widget\" data-e-type=\"widget\" data-widget_type=\"text-editor.default\">\n\t\t\t\t<div class=\"elementor-widget-container\">\n\t\t\t\t\t\t\t\t\t<p class=\"p1\">Back &amp; Neck Therapy este un tratament terapeutic dedicat zonelor cu cea mai mare \u00eenc\u0103rcare postural\u0103 a corpului \u2014 spatele \u0219i coloana cervical\u0103. Combin\u00e2nd tehnici clasice de masaj cu tehnici de stretching pasiv, aceast\u0103 terapie combate \u00een profunzime durerea cronic\u0103, rigiditatea \u0219i disconfortul cauzat de tensiunile acumulate.<\/p><p class=\"p1\">Pe parcursul celor 45 de minute, terapeutul lucreaz\u0103 metodic de-a lungul coloanei vertebrale, dezactiv\u00e2nd punctele trigger \u0219i relax\u00e2nd fascia muscular\u0103. Rezultatul: reducerea durerii, \u00eembun\u0103t\u0103\u021birea posturii \u0219i o senza\u021bie de u\u0219urin\u021b\u0103 \u0219i mobilitate recuperat\u0103.<\/p><p class=\"p1\"><strong><span class=\"s1\"><span style=\"color: #ef4444;\">Recomandat persoanelor cu dureri de spate, cervicalgia, contracturi musculare sau postur\u0103 necorespunz\u0103toare.<br \/><\/span><\/span><\/strong><\/p>\t\t\t\t\t\t\t\t<\/div>\n\t\t\t\t<\/div>\n\t\t\t\t<div class=\"elementor-element elementor-element-4031634 elementor-widget elementor-widget-ideapark-pricing\" data-id=\"4031634\" data-element_type=\"widget\" data-e-type=\"widget\" data-widget_type=\"ideapark-pricing.default\">\n\t\t\t\t<div class=\"elementor-widget-container\">\n\t\t\t\t\t\t\t<div class=\"c-ip-pricing\">\n\t\t\t<div class=\"c-ip-pricing__wrap\">\n\t\t\t\t<div class=\"c-ip-pricing__list\">\n\t\t\t\t\t\t\t\t\t\t\t<div class=\"c-ip-pricing__item\">\n\t\t\t\t\t\t\t\t\t\t\t\t\t\t\t\t\t\t\t\t\t<div class=\"c-ip-pricing__content\">\n\t\t\t\t\t\t\t\t<div class=\"c-ip-pricing__top-row\">\n\t\t\t\t\t\t\t\t\t\t\t\t\t\t\t\t\t\t\t<div class=\"c-ip-pricing__title\">\n\t\t\t\t\t\t\t\t\t\t\t\t\t\t\t\t\t\t\t\t\t\t\t\u0426\u0435\u043d\u0430\t\t\t\t\t\t\t\t\t\t\t\t\t\t\t\t\t\t\t\t\t\t<\/div>\n\t\t\t\t\t\t\t\t\t\t\t\t\t\t\t\t\t\t\t\t\t\t\t\t\t\t\t\t<div\n\t\t\t\t\t\t\t\t\t\t\tclass=\"c-ip-pricing__price c-ip-pricing__price--desktop\">550 MDL<\/div>\n\t\t\t\t\t\t\t\t\t\t\t\t\t\t\t\t\t<\/div>\n\t\t\t\t\t\t\t\t\t\t\t\t\t\t\t\t\t<div\n\t\t\t\t\t\t\t\t\t\tclass=\"c-ip-pricing__price c-ip-pricing__price--mobile\">550 MDL<\/div>\n\t\t\t\t\t\t\t\t\t\t\t\t\t\t\t\t\t\t\t\t\t\t\t\t\t<div\n\t\t\t\t\t\t\t\t\t\tclass=\"c-ip-pricing__description\">Zone: Spate, Cervical\u0103  | Durat\u0103 - 45 min<\/div>\n\t\t\t\t\t\t\t\t\t\t\t\t\t\t\t\t<div class=\"c-ip-pricing__space\"><\/div>\n\n\t\t\t\t\t\t\t<\/div>\n\n\t\t\t\t\t\t<\/div>\n\t\t\t\t\t\t\t\t\t\t<\/div>\n\t\t\t<\/div>\n\t\t<\/div>\n\t\t\t\t\t\t<\/div>\n\t\t\t\t<\/div>\n\t\t\t\t<div class=\"elementor-element elementor-element-a487b3e elementor-widget__width-inherit elementor-widget elementor-widget-text-editor\" data-id=\"a487b3e\" data-element_type=\"widget\" data-e-type=\"widget\" data-widget_type=\"text-editor.default\">\n\t\t\t\t<div class=\"elementor-widget-container\">\n\t\t\t\t\t\t\t\t\t<p>Cabinetul este dotat cu du\u0219, prosoape \u0219i lenjerie de unic\u0103 folosin\u021b\u0103. La solicitare, durata \u0219i tipul masajului pot fi adaptate.<\/p>\t\t\t\t\t\t\t\t<\/div>\n\t\t\t\t<\/div>\n\t\t\t\t<div class=\"elementor-element elementor-element-a1357d7 elementor-align-center elementor-mobile-align-left elementor-widget elementor-widget-ideapark-button\" data-id=\"a1357d7\" data-element_type=\"widget\" data-e-type=\"widget\" data-widget_type=\"ideapark-button.default\">\n\t\t\t\t<div class=\"elementor-widget-container\">\n\t\t\t\t\t\t\t<div class=\"c-ip-button__wrap\">\n\t\t\t<a href=\"https:\/\/b823702.alteg.io\/company\/773461\/personal\/menu?o=\" class=\"c-button c-ip-button c-button--default\" role=\"button\">\n\t\t\t\t\t\t\t\t<span class=\"c-ip-button__text\">\u0417\u0430\u043f\u0438\u0441\u0430\u0442\u044c\u0441\u044f<\/span>\n\t\t\t\t\t\t\t<\/a>\n\t\t<\/div>\n\t\t\t\t\t\t<\/div>\n\t\t\t\t<\/div>\n\t\t\t\t\t<\/div>\n\t\t<\/div>\n\t\t\t\t<div class=\"elementor-column elementor-col-50 elementor-top-column elementor-element elementor-element-40582b7 h-banner-1__column-left\" data-id=\"40582b7\" data-element_type=\"column\" data-e-type=\"column\" data-settings=\"{&quot;background_background&quot;:&quot;classic&quot;}\">\n\t\t\t<div class=\"elementor-widget-wrap elementor-element-populated\">\n\t\t\t\t\t\t<div class=\"elementor-element elementor-element-2d26dae elementor-widget elementor-widget-spacer\" data-id=\"2d26dae\" data-element_type=\"widget\" data-e-type=\"widget\" data-widget_type=\"spacer.default\">\n\t\t\t\t<div class=\"elementor-widget-container\">\n\t\t\t\t\t\t\t<div class=\"elementor-spacer\">\n\t\t\t<div class=\"elementor-spacer-inner\"><\/div>\n\t\t<\/div>\n\t\t\t\t\t\t<\/div>\n\t\t\t\t<\/div>\n\t\t\t\t\t<\/div>\n\t\t<\/div>\n\t\t\t\t\t<\/div>\n\t\t<\/section>\n\t\t\t\t<section class=\"elementor-section elementor-top-section elementor-element elementor-element-c715598 elementor-section-boxed elementor-section-height-default elementor-section-height-default\" data-id=\"c715598\" data-element_type=\"section\" data-e-type=\"section\">\n\t\t\t\t\t\t<div class=\"elementor-container elementor-column-gap-no\">\n\t\t\t\t\t<div class=\"elementor-column elementor-col-25 elementor-top-column elementor-element elementor-element-ae4c36b\" data-id=\"ae4c36b\" data-element_type=\"column\" data-e-type=\"column\">\n\t\t\t<div class=\"elementor-widget-wrap elementor-element-populated\">\n\t\t\t\t<div class=\"elementor-element elementor-element-5872735 e-flex e-con-boxed e-con e-parent\" data-id=\"5872735\" data-element_type=\"container\" data-e-type=\"container\">\n\t\t\t\t\t<div class=\"e-con-inner\">\n\t\t\t\t<div class=\"elementor-element elementor-element-7fa6f8d elementor-widget elementor-widget-image\" data-id=\"7fa6f8d\" data-element_type=\"widget\" data-e-type=\"widget\" data-widget_type=\"image.default\">\n\t\t\t\t<div class=\"elementor-widget-container\">\n\t\t\t\t\t\t\t\t\t\t\t\t\t\t\t<img fetchpriority=\"high\" decoding=\"async\" width=\"434\" height=\"434\" src=\"https:\/\/granatmed.md\/wp-content\/uploads\/2026\/05\/premium-recovery-ritual.png\" class=\"attachment-large size-large wp-image-5841\" alt=\"\" srcset=\"https:\/\/granatmed.md\/wp-content\/uploads\/2026\/05\/premium-recovery-ritual.png 434w, https:\/\/granatmed.md\/wp-content\/uploads\/2026\/05\/premium-recovery-ritual-115x115.png 115w, https:\/\/granatmed.md\/wp-content\/uploads\/2026\/05\/premium-recovery-ritual-12x12.png 12w, https:\/\/granatmed.md\/wp-content\/uploads\/2026\/05\/premium-recovery-ritual-145x145.png 145w, https:\/\/granatmed.md\/wp-content\/uploads\/2026\/05\/premium-recovery-ritual-290x290.png 290w\" sizes=\"(max-width: 434px) 100vw, 434px\" \/>\t\t\t\t\t\t\t\t\t\t\t\t\t\t\t<\/div>\n\t\t\t\t<\/div>\n\t\t\t\t\t<\/div>\n\t\t\t\t<\/div>\n\t\t\t\t\t<\/div>\n\t\t<\/div>\n\t\t\t\t<div class=\"elementor-column elementor-col-25 elementor-top-column elementor-element elementor-element-f7c97a2\" data-id=\"f7c97a2\" data-element_type=\"column\" data-e-type=\"column\">\n\t\t\t<div class=\"elementor-widget-wrap elementor-element-populated\">\n\t\t\t\t<div class=\"elementor-element elementor-element-e0783d1 e-flex e-con-boxed e-con e-parent\" data-id=\"e0783d1\" data-element_type=\"container\" data-e-type=\"container\">\n\t\t\t\t\t<div class=\"e-con-inner\">\n\t\t\t\t<div class=\"elementor-element elementor-element-9d81d46 elementor-widget elementor-widget-image\" data-id=\"9d81d46\" data-element_type=\"widget\" data-e-type=\"widget\" data-widget_type=\"image.default\">\n\t\t\t\t<div class=\"elementor-widget-container\">\n\t\t\t\t\t\t\t\t\t\t\t\t\t\t\t<img decoding=\"async\" width=\"434\" height=\"434\" src=\"https:\/\/granatmed.md\/wp-content\/uploads\/2026\/05\/express_office_massage.png\" class=\"attachment-large size-large wp-image-5854\" alt=\"\" srcset=\"https:\/\/granatmed.md\/wp-content\/uploads\/2026\/05\/express_office_massage.png 434w, https:\/\/granatmed.md\/wp-content\/uploads\/2026\/05\/express_office_massage-115x115.png 115w, https:\/\/granatmed.md\/wp-content\/uploads\/2026\/05\/express_office_massage-12x12.png 12w, https:\/\/granatmed.md\/wp-content\/uploads\/2026\/05\/express_office_massage-145x145.png 145w, https:\/\/granatmed.md\/wp-content\/uploads\/2026\/05\/express_office_massage-290x290.png 290w\" sizes=\"(max-width: 434px) 100vw, 434px\" \/>\t\t\t\t\t\t\t\t\t\t\t\t\t\t\t<\/div>\n\t\t\t\t<\/div>\n\t\t\t\t\t<\/div>\n\t\t\t\t<\/div>\n\t\t\t\t\t<\/div>\n\t\t<\/div>\n\t\t\t\t<div class=\"elementor-column elementor-col-25 elementor-top-column elementor-element elementor-element-27974aa\" data-id=\"27974aa\" data-element_type=\"column\" data-e-type=\"column\">\n\t\t\t<div class=\"elementor-widget-wrap elementor-element-populated\">\n\t\t\t\t<div class=\"elementor-element elementor-element-3a53fd1 e-con-full e-flex e-con e-child\" data-id=\"3a53fd1\" data-element_type=\"container\" data-e-type=\"container\">\n\t\t\t\t<div class=\"elementor-element elementor-element-4169fe5 elementor-widget elementor-widget-image\" data-id=\"4169fe5\" data-element_type=\"widget\" data-e-type=\"widget\" data-widget_type=\"image.default\">\n\t\t\t\t<div class=\"elementor-widget-container\">\n\t\t\t\t\t\t\t\t\t\t\t\t\t\t\t<img decoding=\"async\" width=\"434\" height=\"434\" src=\"https:\/\/granatmed.md\/wp-content\/uploads\/2026\/05\/masaj-de-drenaj-limfatic.png\" class=\"attachment-large size-large wp-image-5843\" alt=\"\" srcset=\"https:\/\/granatmed.md\/wp-content\/uploads\/2026\/05\/masaj-de-drenaj-limfatic.png 434w, https:\/\/granatmed.md\/wp-content\/uploads\/2026\/05\/masaj-de-drenaj-limfatic-115x115.png 115w, https:\/\/granatmed.md\/wp-content\/uploads\/2026\/05\/masaj-de-drenaj-limfatic-12x12.png 12w, https:\/\/granatmed.md\/wp-content\/uploads\/2026\/05\/masaj-de-drenaj-limfatic-145x145.png 145w, https:\/\/granatmed.md\/wp-content\/uploads\/2026\/05\/masaj-de-drenaj-limfatic-290x290.png 290w\" sizes=\"(max-width: 434px) 100vw, 434px\" \/>\t\t\t\t\t\t\t\t\t\t\t\t\t\t\t<\/div>\n\t\t\t\t<\/div>\n\t\t\t\t<\/div>\n\t\t\t\t\t<\/div>\n\t\t<\/div>\n\t\t\t\t<div class=\"elementor-column elementor-col-25 elementor-top-column elementor-element elementor-element-4f4e586\" data-id=\"4f4e586\" data-element_type=\"column\" data-e-type=\"column\">\n\t\t\t<div class=\"elementor-widget-wrap elementor-element-populated\">\n\t\t\t\t<div class=\"elementor-element elementor-element-5538607 e-flex e-con-boxed e-con e-parent\" data-id=\"5538607\" data-element_type=\"container\" data-e-type=\"container\">\n\t\t\t\t\t<div class=\"e-con-inner\">\n\t\t\t\t<div class=\"elementor-element elementor-element-36f9506 elementor-widget elementor-widget-image\" data-id=\"36f9506\" data-element_type=\"widget\" data-e-type=\"widget\" data-widget_type=\"image.default\">\n\t\t\t\t<div class=\"elementor-widget-container\">\n\t\t\t\t\t\t\t\t\t\t\t\t\t\t\t<img loading=\"lazy\" decoding=\"async\" width=\"900\" height=\"900\" src=\"https:\/\/granatmed.md\/wp-content\/uploads\/2024\/09\/granat_patrat_alb-rosu.png\" class=\"attachment-large size-large wp-image-3666\" alt=\"\" srcset=\"https:\/\/granatmed.md\/wp-content\/uploads\/2024\/09\/granat_patrat_alb-rosu.png 900w, https:\/\/granatmed.md\/wp-content\/uploads\/2024\/09\/granat_patrat_alb-rosu-460x460.png 460w, https:\/\/granatmed.md\/wp-content\/uploads\/2024\/09\/granat_patrat_alb-rosu-115x115.png 115w, https:\/\/granatmed.md\/wp-content\/uploads\/2024\/09\/granat_patrat_alb-rosu-760x760.png 760w, https:\/\/granatmed.md\/wp-content\/uploads\/2024\/09\/granat_patrat_alb-rosu-145x145.png 145w, https:\/\/granatmed.md\/wp-content\/uploads\/2024\/09\/granat_patrat_alb-rosu-290x290.png 290w\" sizes=\"(max-width: 900px) 100vw, 900px\" \/>\t\t\t\t\t\t\t\t\t\t\t\t\t\t\t<\/div>\n\t\t\t\t<\/div>\n\t\t\t\t\t<\/div>\n\t\t\t\t<\/div>\n\t\t\t\t\t<\/div>\n\t\t<\/div>\n\t\t\t\t\t<\/div>\n\t\t<\/section>\n\t\t\t\t<\/div>","protected":false},"excerpt":{"rendered":"<p>Back &amp; Neck Therapy Home MASAJ TERAPEUTIC &#038; RELAXARE Back &#038; Neck Therapy Back &amp; Neck Therapy este un tratament terapeutic dedicat&hellip;<\/p>","protected":false},"author":1,"featured_media":0,"parent":0,"menu_order":0,"comment_status":"closed","ping_status":"closed","template":"elementor_header_footer","meta":{"_metasync_otto_title":"","_metasync_otto_description":"","_metasync_otto_keywords":"","_metasync_otto_og_title":"","_metasync_otto_og_description":"","_metasync_otto_twitter_title":"","_metasync_otto_twitter_description":"","rank_math_title":"","rank_math_description":"","_yoast_wpseo_title":"","_yoast_wpseo_metadesc":"","_aioseo_title":"","_aioseo_description":"","_metasync_seo_title":"","_metasync_seo_desc":"","_metasync_breadcrumb_title":"","_metasync_primary_category":0,"_metasync_primary_product_cat":0,"_metasync_otto_disabled":"","_metasync_hreflang":"","footnotes":""},"class_list":["post-5877","page","type-page","status-publish","hentry"],"_links":{"self":[{"href":"https:\/\/granatmed.md\/ru\/wp-json\/wp\/v2\/pages\/5877","targetHints":{"allow":["GET"]}}],"collection":[{"href":"https:\/\/granatmed.md\/ru\/wp-json\/wp\/v2\/pages"}],"about":[{"href":"https:\/\/granatmed.md\/ru\/wp-json\/wp\/v2\/types\/page"}],"author":[{"embeddable":true,"href":"https:\/\/granatmed.md\/ru\/wp-json\/wp\/v2\/users\/1"}],"replies":[{"embeddable":true,"href":"https:\/\/granatmed.md\/ru\/wp-json\/wp\/v2\/comments?post=5877"}],"version-history":[{"count":10,"href":"https:\/\/granatmed.md\/ru\/wp-json\/wp\/v2\/pages\/5877\/revisions"}],"predecessor-version":[{"id":5899,"href":"https:\/\/granatmed.md\/ru\/wp-json\/wp\/v2\/pages\/5877\/revisions\/5899"}],"wp:attachment":[{"href":"https:\/\/granatmed.md\/ru\/wp-json\/wp\/v2\/media?parent=5877"}],"curies":[{"name":"wp","href":"https:\/\/api.w.org\/{rel}","templated":true}]}}