{"id":5892,"date":"2026-05-06T14:38:23","date_gmt":"2026-05-06T14:38:23","guid":{"rendered":"https:\/\/granatmed.md\/?page_id=5892"},"modified":"2026-05-06T14:40:38","modified_gmt":"2026-05-06T14:40:38","slug":"masaj-clasic","status":"publish","type":"page","link":"https:\/\/granatmed.md\/ru\/masaj-clasic\/","title":{"rendered":"\u041a\u043b\u0430\u0441\u0441\u0438\u0447\u0435\u0441\u043a\u0438\u0439 \u043c\u0430\u0441\u0441\u0430\u0436"},"content":{"rendered":"<div data-elementor-type=\"wp-page\" data-elementor-id=\"5892\" class=\"elementor elementor-5892\" data-elementor-post-type=\"page\">\n\t\t\t\t\t\t<section class=\"elementor-section elementor-top-section elementor-element elementor-element-80ceccb elementor-section-full_width elementor-section-height-default elementor-section-height-default\" data-id=\"80ceccb\" data-element_type=\"section\" data-e-type=\"section\">\n\t\t\t\t\t\t<div class=\"elementor-container elementor-column-gap-no\">\n\t\t\t\t\t<div class=\"elementor-column elementor-col-100 elementor-top-column elementor-element elementor-element-5ca5eaa\" data-id=\"5ca5eaa\" data-element_type=\"column\" data-e-type=\"column\">\n\t\t\t<div class=\"elementor-widget-wrap elementor-element-populated\">\n\t\t\t\t\t\t<div class=\"elementor-element elementor-element-f64cbe3 elementor-widget elementor-widget-ideapark-page-header\" data-id=\"f64cbe3\" data-element_type=\"widget\" data-e-type=\"widget\" data-widget_type=\"ideapark-page-header.default\">\n\t\t\t\t<div class=\"elementor-widget-container\">\n\t\t\t\t\t\t<header\n\t\tclass=\"l-section c-page-header c-page-header--header-type-1 c-page-header--default c-page-header--low\"\n\t\t>\n\n\t\t\t\t\t<div class=\"c-page-header__wrap\">\n\t\t\t\t\t\t\t\t\t<h1 class=\"c-page-header__title\">\u041a\u043b\u0430\u0441\u0441\u0438\u0447\u0435\u0441\u043a\u0438\u0439 \u043c\u0430\u0441\u0441\u0430\u0436<\/h1>\n\t\t\t\t\t\t\t<\/div>\n\t\t\t\t<nav aria-label=\"breadcrumbs\" class=\"rank-math-breadcrumb c-breadcrumbs\"><div class=\"c-breadcrumbs__list\"><span class=\"last\">\u0413\u043b\u0430\u0432\u043d\u0430\u044f<\/span><\/div><\/nav>\t<\/header>\n\t\t\t\t<\/div>\n\t\t\t\t<\/div>\n\t\t\t\t\t<\/div>\n\t\t<\/div>\n\t\t\t\t\t<\/div>\n\t\t<\/section>\n\t\t\t\t<section class=\"elementor-section elementor-top-section elementor-element elementor-element-c4fadf2 h-banner-1 elementor-section-boxed elementor-section-height-default elementor-section-height-default\" data-id=\"c4fadf2\" data-element_type=\"section\" data-e-type=\"section\" data-settings=\"{&quot;background_background&quot;:&quot;classic&quot;}\">\n\t\t\t\t\t\t<div class=\"elementor-container elementor-column-gap-no\">\n\t\t\t\t\t<div class=\"elementor-column elementor-col-50 elementor-top-column elementor-element elementor-element-0ae1bfd\" data-id=\"0ae1bfd\" data-element_type=\"column\" data-e-type=\"column\" data-settings=\"{&quot;background_background&quot;:&quot;classic&quot;}\">\n\t\t\t<div class=\"elementor-widget-wrap elementor-element-populated\">\n\t\t\t\t\t\t<div class=\"elementor-element elementor-element-794c224 elementor-widget elementor-widget-ideapark-heading\" data-id=\"794c224\" data-element_type=\"widget\" data-e-type=\"widget\" data-widget_type=\"ideapark-heading.default\">\n\t\t\t\t<div class=\"elementor-widget-container\">\n\t\t\t\t\t<div class=\"c-ip-heading c-ip-heading--small c-ip-heading--center c-ip-heading--bullet-after\"><span class=\"c-ip-heading__inner\">MASAJ TERAPEUTIC & RELAXARE<\/span><\/div>\t\t\t\t<\/div>\n\t\t\t\t<\/div>\n\t\t\t\t<div class=\"elementor-element elementor-element-4b2eb43 elementor-widget elementor-widget-ideapark-heading\" data-id=\"4b2eb43\" data-element_type=\"widget\" data-e-type=\"widget\" data-widget_type=\"ideapark-heading.default\">\n\t\t\t\t<div class=\"elementor-widget-container\">\n\t\t\t\t\t<div class=\"c-ip-heading c-ip-heading--medium c-ip-heading--center c-ip-heading--bullet-hide\"><span class=\"c-ip-heading__inner\">\u041a\u043b\u0430\u0441\u0441\u0438\u0447\u0435\u0441\u043a\u0438\u0439 \u043c\u0430\u0441\u0441\u0430\u0436<\/span><\/div>\t\t\t\t<\/div>\n\t\t\t\t<\/div>\n\t\t\t\t<div class=\"elementor-element elementor-element-d22a900 elementor-widget__width-inherit elementor-widget elementor-widget-text-editor\" data-id=\"d22a900\" data-element_type=\"widget\" data-e-type=\"widget\" data-widget_type=\"text-editor.default\">\n\t\t\t\t<div class=\"elementor-widget-container\">\n\t\t\t\t\t\t\t\t\t<p class=\"p1\">Masajul Clasic reprezint\u0103 fundamentul terapiei manuale \u2014 o tehnic\u0103 complet\u0103 \u0219i echilibrat\u0103 care acoper\u0103 \u00eentregul corp, de la cap p\u00e2n\u0103 la t\u0103lpi. Prin manevre tradi\u021bionale de efleuraj, petrissaj \u0219i fric\u021biune, se stimuleaz\u0103 circula\u021bia sangvin\u0103, se activeaz\u0103 sistemul limfatic \u0219i se favorizeaz\u0103 eliminarea toxinelor acumulate \u00een \u021besuturi.<br \/>Aceast\u0103 sesiune de 60 de minute ofer\u0103 at\u00e2t beneficii fizice profunde, c\u00e2t \u0219i o relaxare mental\u0103 complet\u0103. Mu\u0219chii obosi\u021bi sunt revitaliza\u021bi, articula\u021biile devin mai mobile, iar stresul se disip\u0103 treptat pe parcursul tratamentului.<\/p><p class=\"p1\"><strong><span class=\"s1\"><span style=\"color: #ef4444;\">Recomandat ca tratament de \u00eentre\u021binere regulat\u0103, dup\u0103 activitate fizic\u0103 intens\u0103 sau pentru regenerarea complet\u0103 a corpului \u0219i min\u021bii.<br \/><br \/><\/span><\/span><\/strong><\/p>\t\t\t\t\t\t\t\t<\/div>\n\t\t\t\t<\/div>\n\t\t\t\t<div class=\"elementor-element elementor-element-9bed6e0 elementor-widget elementor-widget-ideapark-pricing\" data-id=\"9bed6e0\" data-element_type=\"widget\" data-e-type=\"widget\" data-widget_type=\"ideapark-pricing.default\">\n\t\t\t\t<div class=\"elementor-widget-container\">\n\t\t\t\t\t\t\t<div class=\"c-ip-pricing\">\n\t\t\t<div class=\"c-ip-pricing__wrap\">\n\t\t\t\t<div class=\"c-ip-pricing__list\">\n\t\t\t\t\t\t\t\t\t\t\t<div class=\"c-ip-pricing__item\">\n\t\t\t\t\t\t\t\t\t\t\t\t\t\t\t\t\t\t\t\t\t<div class=\"c-ip-pricing__content\">\n\t\t\t\t\t\t\t\t<div class=\"c-ip-pricing__top-row\">\n\t\t\t\t\t\t\t\t\t\t\t\t\t\t\t\t\t\t\t<div class=\"c-ip-pricing__title\">\n\t\t\t\t\t\t\t\t\t\t\t\t\t\t\t\t\t\t\t\t\t\t\t\u0426\u0435\u043d\u0430\t\t\t\t\t\t\t\t\t\t\t\t\t\t\t\t\t\t\t\t\t\t<\/div>\n\t\t\t\t\t\t\t\t\t\t\t\t\t\t\t\t\t\t\t\t\t\t\t\t\t\t\t\t<div\n\t\t\t\t\t\t\t\t\t\t\tclass=\"c-ip-pricing__price c-ip-pricing__price--desktop\">700 MDL<\/div>\n\t\t\t\t\t\t\t\t\t\t\t\t\t\t\t\t\t<\/div>\n\t\t\t\t\t\t\t\t\t\t\t\t\t\t\t\t\t<div\n\t\t\t\t\t\t\t\t\t\tclass=\"c-ip-pricing__price c-ip-pricing__price--mobile\">700 MDL<\/div>\n\t\t\t\t\t\t\t\t\t\t\t\t\t\t\t\t\t\t\t\t\t\t\t\t\t<div\n\t\t\t\t\t\t\t\t\t\tclass=\"c-ip-pricing__description\">Zone: Tot corpul   | Durat\u0103 - 60 min<\/div>\n\t\t\t\t\t\t\t\t\t\t\t\t\t\t\t\t<div class=\"c-ip-pricing__space\"><\/div>\n\n\t\t\t\t\t\t\t<\/div>\n\n\t\t\t\t\t\t<\/div>\n\t\t\t\t\t\t\t\t\t\t<\/div>\n\t\t\t<\/div>\n\t\t<\/div>\n\t\t\t\t\t\t<\/div>\n\t\t\t\t<\/div>\n\t\t\t\t<div class=\"elementor-element elementor-element-e0992bb elementor-widget__width-inherit elementor-widget elementor-widget-text-editor\" data-id=\"e0992bb\" data-element_type=\"widget\" data-e-type=\"widget\" data-widget_type=\"text-editor.default\">\n\t\t\t\t<div class=\"elementor-widget-container\">\n\t\t\t\t\t\t\t\t\t<p>Cabinetul este dotat cu du\u0219, prosoape \u0219i lenjerie de unic\u0103 folosin\u021b\u0103. La solicitare, durata \u0219i tipul masajului pot fi adaptate.<\/p>\t\t\t\t\t\t\t\t<\/div>\n\t\t\t\t<\/div>\n\t\t\t\t<div class=\"elementor-element elementor-element-29995ec elementor-align-center elementor-mobile-align-left elementor-widget elementor-widget-ideapark-button\" data-id=\"29995ec\" data-element_type=\"widget\" data-e-type=\"widget\" data-widget_type=\"ideapark-button.default\">\n\t\t\t\t<div class=\"elementor-widget-container\">\n\t\t\t\t\t\t\t<div class=\"c-ip-button__wrap\">\n\t\t\t<a href=\"https:\/\/b823702.alteg.io\/company\/773461\/personal\/menu?o=\" class=\"c-button c-ip-button c-button--default\" role=\"button\">\n\t\t\t\t\t\t\t\t<span class=\"c-ip-button__text\">\u0417\u0430\u043f\u0438\u0441\u0430\u0442\u044c\u0441\u044f<\/span>\n\t\t\t\t\t\t\t<\/a>\n\t\t<\/div>\n\t\t\t\t\t\t<\/div>\n\t\t\t\t<\/div>\n\t\t\t\t\t<\/div>\n\t\t<\/div>\n\t\t\t\t<div class=\"elementor-column elementor-col-50 elementor-top-column elementor-element elementor-element-e14d532 h-banner-1__column-left\" data-id=\"e14d532\" data-element_type=\"column\" data-e-type=\"column\" data-settings=\"{&quot;background_background&quot;:&quot;classic&quot;}\">\n\t\t\t<div class=\"elementor-widget-wrap elementor-element-populated\">\n\t\t\t\t\t\t<div class=\"elementor-element elementor-element-4b957b5 elementor-widget elementor-widget-spacer\" data-id=\"4b957b5\" data-element_type=\"widget\" data-e-type=\"widget\" data-widget_type=\"spacer.default\">\n\t\t\t\t<div class=\"elementor-widget-container\">\n\t\t\t\t\t\t\t<div class=\"elementor-spacer\">\n\t\t\t<div class=\"elementor-spacer-inner\"><\/div>\n\t\t<\/div>\n\t\t\t\t\t\t<\/div>\n\t\t\t\t<\/div>\n\t\t\t\t\t<\/div>\n\t\t<\/div>\n\t\t\t\t\t<\/div>\n\t\t<\/section>\n\t\t\t\t<section class=\"elementor-section elementor-top-section elementor-element elementor-element-a4a163e elementor-section-boxed elementor-section-height-default elementor-section-height-default\" data-id=\"a4a163e\" data-element_type=\"section\" data-e-type=\"section\">\n\t\t\t\t\t\t<div class=\"elementor-container elementor-column-gap-no\">\n\t\t\t\t\t<div class=\"elementor-column elementor-col-25 elementor-top-column elementor-element elementor-element-3dcb22e\" data-id=\"3dcb22e\" data-element_type=\"column\" data-e-type=\"column\">\n\t\t\t<div class=\"elementor-widget-wrap elementor-element-populated\">\n\t\t\t\t<div class=\"elementor-element elementor-element-c6d4c49 e-flex e-con-boxed e-con e-parent\" data-id=\"c6d4c49\" data-element_type=\"container\" data-e-type=\"container\">\n\t\t\t\t\t<div class=\"e-con-inner\">\n\t\t\t\t<div class=\"elementor-element elementor-element-5461c94 elementor-widget elementor-widget-image\" data-id=\"5461c94\" data-element_type=\"widget\" data-e-type=\"widget\" data-widget_type=\"image.default\">\n\t\t\t\t<div class=\"elementor-widget-container\">\n\t\t\t\t\t\t\t\t\t\t\t\t\t\t\t<img fetchpriority=\"high\" decoding=\"async\" width=\"434\" height=\"434\" src=\"https:\/\/granatmed.md\/wp-content\/uploads\/2026\/05\/premium-recovery-ritual.png\" class=\"attachment-large size-large wp-image-5841\" alt=\"\" srcset=\"https:\/\/granatmed.md\/wp-content\/uploads\/2026\/05\/premium-recovery-ritual.png 434w, https:\/\/granatmed.md\/wp-content\/uploads\/2026\/05\/premium-recovery-ritual-115x115.png 115w, https:\/\/granatmed.md\/wp-content\/uploads\/2026\/05\/premium-recovery-ritual-12x12.png 12w, https:\/\/granatmed.md\/wp-content\/uploads\/2026\/05\/premium-recovery-ritual-145x145.png 145w, https:\/\/granatmed.md\/wp-content\/uploads\/2026\/05\/premium-recovery-ritual-290x290.png 290w\" sizes=\"(max-width: 434px) 100vw, 434px\" \/>\t\t\t\t\t\t\t\t\t\t\t\t\t\t\t<\/div>\n\t\t\t\t<\/div>\n\t\t\t\t\t<\/div>\n\t\t\t\t<\/div>\n\t\t\t\t\t<\/div>\n\t\t<\/div>\n\t\t\t\t<div class=\"elementor-column elementor-col-25 elementor-top-column elementor-element elementor-element-995cc59\" data-id=\"995cc59\" data-element_type=\"column\" data-e-type=\"column\">\n\t\t\t<div class=\"elementor-widget-wrap elementor-element-populated\">\n\t\t\t\t<div class=\"elementor-element elementor-element-5a74e5f e-flex e-con-boxed e-con e-parent\" data-id=\"5a74e5f\" data-element_type=\"container\" data-e-type=\"container\">\n\t\t\t\t\t<div class=\"e-con-inner\">\n\t\t\t\t<div class=\"elementor-element elementor-element-77e5492 elementor-widget elementor-widget-image\" data-id=\"77e5492\" data-element_type=\"widget\" data-e-type=\"widget\" data-widget_type=\"image.default\">\n\t\t\t\t<div class=\"elementor-widget-container\">\n\t\t\t\t\t\t\t\t\t\t\t\t\t\t\t<img decoding=\"async\" width=\"434\" height=\"434\" src=\"https:\/\/granatmed.md\/wp-content\/uploads\/2026\/05\/express_office_massage.png\" class=\"attachment-large size-large wp-image-5854\" alt=\"\" srcset=\"https:\/\/granatmed.md\/wp-content\/uploads\/2026\/05\/express_office_massage.png 434w, https:\/\/granatmed.md\/wp-content\/uploads\/2026\/05\/express_office_massage-115x115.png 115w, https:\/\/granatmed.md\/wp-content\/uploads\/2026\/05\/express_office_massage-12x12.png 12w, https:\/\/granatmed.md\/wp-content\/uploads\/2026\/05\/express_office_massage-145x145.png 145w, https:\/\/granatmed.md\/wp-content\/uploads\/2026\/05\/express_office_massage-290x290.png 290w\" sizes=\"(max-width: 434px) 100vw, 434px\" \/>\t\t\t\t\t\t\t\t\t\t\t\t\t\t\t<\/div>\n\t\t\t\t<\/div>\n\t\t\t\t\t<\/div>\n\t\t\t\t<\/div>\n\t\t\t\t\t<\/div>\n\t\t<\/div>\n\t\t\t\t<div class=\"elementor-column elementor-col-25 elementor-top-column elementor-element elementor-element-9a97170\" data-id=\"9a97170\" data-element_type=\"column\" data-e-type=\"column\">\n\t\t\t<div class=\"elementor-widget-wrap elementor-element-populated\">\n\t\t\t\t<div class=\"elementor-element elementor-element-fa6b96b e-con-full e-flex e-con e-child\" data-id=\"fa6b96b\" data-element_type=\"container\" data-e-type=\"container\">\n\t\t\t\t<div class=\"elementor-element elementor-element-edc64b0 elementor-widget elementor-widget-image\" data-id=\"edc64b0\" data-element_type=\"widget\" data-e-type=\"widget\" data-widget_type=\"image.default\">\n\t\t\t\t<div class=\"elementor-widget-container\">\n\t\t\t\t\t\t\t\t\t\t\t\t\t\t\t<img decoding=\"async\" width=\"434\" height=\"434\" src=\"https:\/\/granatmed.md\/wp-content\/uploads\/2026\/05\/masaj-de-drenaj-limfatic.png\" class=\"attachment-large size-large wp-image-5843\" alt=\"\" srcset=\"https:\/\/granatmed.md\/wp-content\/uploads\/2026\/05\/masaj-de-drenaj-limfatic.png 434w, https:\/\/granatmed.md\/wp-content\/uploads\/2026\/05\/masaj-de-drenaj-limfatic-115x115.png 115w, https:\/\/granatmed.md\/wp-content\/uploads\/2026\/05\/masaj-de-drenaj-limfatic-12x12.png 12w, https:\/\/granatmed.md\/wp-content\/uploads\/2026\/05\/masaj-de-drenaj-limfatic-145x145.png 145w, https:\/\/granatmed.md\/wp-content\/uploads\/2026\/05\/masaj-de-drenaj-limfatic-290x290.png 290w\" sizes=\"(max-width: 434px) 100vw, 434px\" \/>\t\t\t\t\t\t\t\t\t\t\t\t\t\t\t<\/div>\n\t\t\t\t<\/div>\n\t\t\t\t<\/div>\n\t\t\t\t\t<\/div>\n\t\t<\/div>\n\t\t\t\t<div class=\"elementor-column elementor-col-25 elementor-top-column elementor-element elementor-element-14a0693\" data-id=\"14a0693\" data-element_type=\"column\" data-e-type=\"column\">\n\t\t\t<div class=\"elementor-widget-wrap elementor-element-populated\">\n\t\t\t\t<div class=\"elementor-element elementor-element-b80d9f1 e-flex e-con-boxed e-con e-parent\" data-id=\"b80d9f1\" data-element_type=\"container\" data-e-type=\"container\">\n\t\t\t\t\t<div class=\"e-con-inner\">\n\t\t\t\t<div class=\"elementor-element elementor-element-03ac4f3 elementor-widget elementor-widget-image\" data-id=\"03ac4f3\" data-element_type=\"widget\" data-e-type=\"widget\" data-widget_type=\"image.default\">\n\t\t\t\t<div class=\"elementor-widget-container\">\n\t\t\t\t\t\t\t\t\t\t\t\t\t\t\t<img loading=\"lazy\" decoding=\"async\" width=\"900\" height=\"900\" src=\"https:\/\/granatmed.md\/wp-content\/uploads\/2024\/09\/granat_patrat_alb-rosu.png\" class=\"attachment-large size-large wp-image-3666\" alt=\"\" srcset=\"https:\/\/granatmed.md\/wp-content\/uploads\/2024\/09\/granat_patrat_alb-rosu.png 900w, https:\/\/granatmed.md\/wp-content\/uploads\/2024\/09\/granat_patrat_alb-rosu-460x460.png 460w, https:\/\/granatmed.md\/wp-content\/uploads\/2024\/09\/granat_patrat_alb-rosu-115x115.png 115w, https:\/\/granatmed.md\/wp-content\/uploads\/2024\/09\/granat_patrat_alb-rosu-760x760.png 760w, https:\/\/granatmed.md\/wp-content\/uploads\/2024\/09\/granat_patrat_alb-rosu-145x145.png 145w, https:\/\/granatmed.md\/wp-content\/uploads\/2024\/09\/granat_patrat_alb-rosu-290x290.png 290w\" sizes=\"(max-width: 900px) 100vw, 900px\" \/>\t\t\t\t\t\t\t\t\t\t\t\t\t\t\t<\/div>\n\t\t\t\t<\/div>\n\t\t\t\t\t<\/div>\n\t\t\t\t<\/div>\n\t\t\t\t\t<\/div>\n\t\t<\/div>\n\t\t\t\t\t<\/div>\n\t\t<\/section>\n\t\t\t\t<\/div>","protected":false},"excerpt":{"rendered":"<p>Masaj Clasic Home MASAJ TERAPEUTIC &#038; RELAXARE Masaj Clasic Masajul Clasic reprezint\u0103 fundamentul terapiei manuale \u2014 o tehnic\u0103 complet\u0103 \u0219i echilibrat\u0103 care&hellip;<\/p>","protected":false},"author":1,"featured_media":0,"parent":0,"menu_order":0,"comment_status":"closed","ping_status":"closed","template":"elementor_header_footer","meta":{"_metasync_otto_title":"","_metasync_otto_description":"","_metasync_otto_keywords":"","_metasync_otto_og_title":"","_metasync_otto_og_description":"","_metasync_otto_twitter_title":"","_metasync_otto_twitter_description":"","rank_math_title":"","rank_math_description":"","_yoast_wpseo_title":"","_yoast_wpseo_metadesc":"","_aioseo_title":"","_aioseo_description":"","_metasync_seo_title":"","_metasync_seo_desc":"","_metasync_breadcrumb_title":"","_metasync_primary_category":0,"_metasync_primary_product_cat":0,"_metasync_otto_disabled":"","_metasync_hreflang":"","footnotes":""},"class_list":["post-5892","page","type-page","status-publish","hentry"],"_links":{"self":[{"href":"https:\/\/granatmed.md\/ru\/wp-json\/wp\/v2\/pages\/5892","targetHints":{"allow":["GET"]}}],"collection":[{"href":"https:\/\/granatmed.md\/ru\/wp-json\/wp\/v2\/pages"}],"about":[{"href":"https:\/\/granatmed.md\/ru\/wp-json\/wp\/v2\/types\/page"}],"author":[{"embeddable":true,"href":"https:\/\/granatmed.md\/ru\/wp-json\/wp\/v2\/users\/1"}],"replies":[{"embeddable":true,"href":"https:\/\/granatmed.md\/ru\/wp-json\/wp\/v2\/comments?post=5892"}],"version-history":[{"count":4,"href":"https:\/\/granatmed.md\/ru\/wp-json\/wp\/v2\/pages\/5892\/revisions"}],"predecessor-version":[{"id":5902,"href":"https:\/\/granatmed.md\/ru\/wp-json\/wp\/v2\/pages\/5892\/revisions\/5902"}],"wp:attachment":[{"href":"https:\/\/granatmed.md\/ru\/wp-json\/wp\/v2\/media?parent=5892"}],"curies":[{"name":"wp","href":"https:\/\/api.w.org\/{rel}","templated":true}]}}