{"id":5914,"date":"2026-05-06T14:44:27","date_gmt":"2026-05-06T14:44:27","guid":{"rendered":"https:\/\/granatmed.md\/?page_id=5914"},"modified":"2026-05-06T14:48:00","modified_gmt":"2026-05-06T14:48:00","slug":"premium-recovery-ritual","status":"publish","type":"page","link":"https:\/\/granatmed.md\/ru\/premium-recovery-ritual\/","title":{"rendered":"Premium Recovery Ritual"},"content":{"rendered":"<div data-elementor-type=\"wp-page\" data-elementor-id=\"5914\" class=\"elementor elementor-5914\" data-elementor-post-type=\"page\">\n\t\t\t\t\t\t<section class=\"elementor-section elementor-top-section elementor-element elementor-element-4947518 elementor-section-full_width elementor-section-height-default elementor-section-height-default\" data-id=\"4947518\" data-element_type=\"section\" data-e-type=\"section\">\n\t\t\t\t\t\t<div class=\"elementor-container elementor-column-gap-no\">\n\t\t\t\t\t<div class=\"elementor-column elementor-col-100 elementor-top-column elementor-element elementor-element-f725318\" data-id=\"f725318\" data-element_type=\"column\" data-e-type=\"column\">\n\t\t\t<div class=\"elementor-widget-wrap elementor-element-populated\">\n\t\t\t\t\t\t<div class=\"elementor-element elementor-element-2ca6c6f elementor-widget elementor-widget-ideapark-page-header\" data-id=\"2ca6c6f\" data-element_type=\"widget\" data-e-type=\"widget\" data-widget_type=\"ideapark-page-header.default\">\n\t\t\t\t<div class=\"elementor-widget-container\">\n\t\t\t\t\t\t<header\n\t\tclass=\"l-section c-page-header c-page-header--header-type-1 c-page-header--default c-page-header--low\"\n\t\t>\n\n\t\t\t\t\t<div class=\"c-page-header__wrap\">\n\t\t\t\t\t\t\t\t\t<h1 class=\"c-page-header__title\">Premium Recovery Ritual<\/h1>\n\t\t\t\t\t\t\t<\/div>\n\t\t\t\t<nav aria-label=\"breadcrumbs\" class=\"rank-math-breadcrumb c-breadcrumbs\"><div class=\"c-breadcrumbs__list\"><span class=\"last\">\u0413\u043b\u0430\u0432\u043d\u0430\u044f<\/span><\/div><\/nav>\t<\/header>\n\t\t\t\t<\/div>\n\t\t\t\t<\/div>\n\t\t\t\t\t<\/div>\n\t\t<\/div>\n\t\t\t\t\t<\/div>\n\t\t<\/section>\n\t\t\t\t<section class=\"elementor-section elementor-top-section elementor-element elementor-element-cf20db0 h-banner-1 elementor-section-boxed elementor-section-height-default elementor-section-height-default\" data-id=\"cf20db0\" data-element_type=\"section\" data-e-type=\"section\" data-settings=\"{&quot;background_background&quot;:&quot;classic&quot;}\">\n\t\t\t\t\t\t<div class=\"elementor-container elementor-column-gap-no\">\n\t\t\t\t\t<div class=\"elementor-column elementor-col-50 elementor-top-column elementor-element elementor-element-98d7108\" data-id=\"98d7108\" data-element_type=\"column\" data-e-type=\"column\" data-settings=\"{&quot;background_background&quot;:&quot;classic&quot;}\">\n\t\t\t<div class=\"elementor-widget-wrap elementor-element-populated\">\n\t\t\t\t\t\t<div class=\"elementor-element elementor-element-897c5c8 elementor-widget elementor-widget-ideapark-heading\" data-id=\"897c5c8\" data-element_type=\"widget\" data-e-type=\"widget\" data-widget_type=\"ideapark-heading.default\">\n\t\t\t\t<div class=\"elementor-widget-container\">\n\t\t\t\t\t<div class=\"c-ip-heading c-ip-heading--small c-ip-heading--center c-ip-heading--bullet-after\"><span class=\"c-ip-heading__inner\">MASAJ TERAPEUTIC & RELAXARE<\/span><\/div>\t\t\t\t<\/div>\n\t\t\t\t<\/div>\n\t\t\t\t<div class=\"elementor-element elementor-element-e8d27a2 elementor-widget elementor-widget-ideapark-heading\" data-id=\"e8d27a2\" data-element_type=\"widget\" data-e-type=\"widget\" data-widget_type=\"ideapark-heading.default\">\n\t\t\t\t<div class=\"elementor-widget-container\">\n\t\t\t\t\t<div class=\"c-ip-heading c-ip-heading--medium c-ip-heading--center c-ip-heading--bullet-hide\"><span class=\"c-ip-heading__inner\">Premium Recovery Ritual<\/span><\/div>\t\t\t\t<\/div>\n\t\t\t\t<\/div>\n\t\t\t\t<div class=\"elementor-element elementor-element-f24e736 elementor-widget__width-inherit elementor-widget elementor-widget-text-editor\" data-id=\"f24e736\" data-element_type=\"widget\" data-e-type=\"widget\" data-widget_type=\"text-editor.default\">\n\t\t\t\t<div class=\"elementor-widget-container\">\n\t\t\t\t\t\t\t\t\t<p class=\"p1\">Premium Recovery Ritual este cea mai complet\u0103 \u0219i rafinat\u0103 experien\u021b\u0103 oferit\u0103 \u00een cabinetul nostru \u2014 un ritual de recuperare profund\u0103 conceput pentru cei care doresc s\u0103 investeasc\u0103 \u00een regenerarea total\u0103 a corpului \u0219i min\u021bii. Aceast\u0103 sesiune exclusiv\u0103 de 90 de minute combin\u0103 cele mai eficiente tehnici terapeutice \u00eentr-un protocol personalizat \u0219i atent structurat.<\/p><p class=\"p1\">Tratamentul debuteaz\u0103 cu o evaluare scurt\u0103 a nevoilor individuale, urmat\u0103 de un masaj cu abordare holistic\u0103 ce integreaz\u0103 tehnici suedeze, de presopunctur\u0103 \u0219i de drenaj, adaptate \u00een timp real la r\u0103spunsul corpului. Rezultatul este o relaxare profund\u0103, o regenerare muscular\u0103 complet\u0103 \u0219i o stare de bine care persist\u0103 timp de mai multe zile.<\/p><p class=\"p1\"><strong><span class=\"s1\"><span style=\"color: #ef4444;\">Recomandat ca experien\u021b\u0103 de lux pentru recuperare complet\u0103, \u00eenainte sau dup\u0103 evenimente importante, sau ca ritual periodic de \u00eengrijire premium.<\/span><\/span><\/strong><\/p><p>\u00a0<\/p>\t\t\t\t\t\t\t\t<\/div>\n\t\t\t\t<\/div>\n\t\t\t\t<div class=\"elementor-element elementor-element-92dfa8f elementor-widget elementor-widget-ideapark-pricing\" data-id=\"92dfa8f\" data-element_type=\"widget\" data-e-type=\"widget\" data-widget_type=\"ideapark-pricing.default\">\n\t\t\t\t<div class=\"elementor-widget-container\">\n\t\t\t\t\t\t\t<div class=\"c-ip-pricing\">\n\t\t\t<div class=\"c-ip-pricing__wrap\">\n\t\t\t\t<div class=\"c-ip-pricing__list\">\n\t\t\t\t\t\t\t\t\t\t\t<div class=\"c-ip-pricing__item\">\n\t\t\t\t\t\t\t\t\t\t\t\t\t\t\t\t\t\t\t\t\t<div class=\"c-ip-pricing__content\">\n\t\t\t\t\t\t\t\t<div class=\"c-ip-pricing__top-row\">\n\t\t\t\t\t\t\t\t\t\t\t\t\t\t\t\t\t\t\t<div class=\"c-ip-pricing__title\">\n\t\t\t\t\t\t\t\t\t\t\t\t\t\t\t\t\t\t\t\t\t\t\t\u0426\u0435\u043d\u0430\t\t\t\t\t\t\t\t\t\t\t\t\t\t\t\t\t\t\t\t\t\t<\/div>\n\t\t\t\t\t\t\t\t\t\t\t\t\t\t\t\t\t\t\t\t\t\t\t\t\t\t\t\t<div\n\t\t\t\t\t\t\t\t\t\t\tclass=\"c-ip-pricing__price c-ip-pricing__price--desktop\">1000 MDL<\/div>\n\t\t\t\t\t\t\t\t\t\t\t\t\t\t\t\t\t<\/div>\n\t\t\t\t\t\t\t\t\t\t\t\t\t\t\t\t\t<div\n\t\t\t\t\t\t\t\t\t\tclass=\"c-ip-pricing__price c-ip-pricing__price--mobile\">1000 MDL<\/div>\n\t\t\t\t\t\t\t\t\t\t\t\t\t\t\t\t\t\t\t\t\t\t\t\t\t<div\n\t\t\t\t\t\t\t\t\t\tclass=\"c-ip-pricing__description\">Experien\u021b\u0103 complet\u0103   | Durat\u0103 - 90 min<\/div>\n\t\t\t\t\t\t\t\t\t\t\t\t\t\t\t\t<div class=\"c-ip-pricing__space\"><\/div>\n\n\t\t\t\t\t\t\t<\/div>\n\n\t\t\t\t\t\t<\/div>\n\t\t\t\t\t\t\t\t\t\t<\/div>\n\t\t\t<\/div>\n\t\t<\/div>\n\t\t\t\t\t\t<\/div>\n\t\t\t\t<\/div>\n\t\t\t\t<div class=\"elementor-element elementor-element-95f375d elementor-widget__width-inherit elementor-widget elementor-widget-text-editor\" data-id=\"95f375d\" data-element_type=\"widget\" data-e-type=\"widget\" data-widget_type=\"text-editor.default\">\n\t\t\t\t<div class=\"elementor-widget-container\">\n\t\t\t\t\t\t\t\t\t<p>Cabinetul este dotat cu du\u0219, prosoape \u0219i lenjerie de unic\u0103 folosin\u021b\u0103. La solicitare, durata \u0219i tipul masajului pot fi adaptate.<\/p>\t\t\t\t\t\t\t\t<\/div>\n\t\t\t\t<\/div>\n\t\t\t\t<div class=\"elementor-element elementor-element-7238d0d elementor-align-center elementor-mobile-align-left elementor-widget elementor-widget-ideapark-button\" data-id=\"7238d0d\" data-element_type=\"widget\" data-e-type=\"widget\" data-widget_type=\"ideapark-button.default\">\n\t\t\t\t<div class=\"elementor-widget-container\">\n\t\t\t\t\t\t\t<div class=\"c-ip-button__wrap\">\n\t\t\t<a href=\"https:\/\/b823702.alteg.io\/company\/773461\/personal\/menu?o=\" class=\"c-button c-ip-button c-button--default\" role=\"button\">\n\t\t\t\t\t\t\t\t<span class=\"c-ip-button__text\">\u0417\u0430\u043f\u0438\u0441\u0430\u0442\u044c\u0441\u044f<\/span>\n\t\t\t\t\t\t\t<\/a>\n\t\t<\/div>\n\t\t\t\t\t\t<\/div>\n\t\t\t\t<\/div>\n\t\t\t\t\t<\/div>\n\t\t<\/div>\n\t\t\t\t<div class=\"elementor-column elementor-col-50 elementor-top-column elementor-element elementor-element-d8f6c60 h-banner-1__column-left\" data-id=\"d8f6c60\" data-element_type=\"column\" data-e-type=\"column\" data-settings=\"{&quot;background_background&quot;:&quot;classic&quot;}\">\n\t\t\t<div class=\"elementor-widget-wrap elementor-element-populated\">\n\t\t\t\t\t\t<div class=\"elementor-element elementor-element-7f8a5c7 elementor-widget elementor-widget-spacer\" data-id=\"7f8a5c7\" data-element_type=\"widget\" data-e-type=\"widget\" data-widget_type=\"spacer.default\">\n\t\t\t\t<div class=\"elementor-widget-container\">\n\t\t\t\t\t\t\t<div class=\"elementor-spacer\">\n\t\t\t<div class=\"elementor-spacer-inner\"><\/div>\n\t\t<\/div>\n\t\t\t\t\t\t<\/div>\n\t\t\t\t<\/div>\n\t\t\t\t\t<\/div>\n\t\t<\/div>\n\t\t\t\t\t<\/div>\n\t\t<\/section>\n\t\t\t\t<section class=\"elementor-section elementor-top-section elementor-element elementor-element-eb676eb elementor-section-boxed elementor-section-height-default elementor-section-height-default\" data-id=\"eb676eb\" data-element_type=\"section\" data-e-type=\"section\">\n\t\t\t\t\t\t<div class=\"elementor-container elementor-column-gap-no\">\n\t\t\t\t\t<div class=\"elementor-column elementor-col-25 elementor-top-column elementor-element elementor-element-72705cd\" data-id=\"72705cd\" data-element_type=\"column\" data-e-type=\"column\">\n\t\t\t<div class=\"elementor-widget-wrap elementor-element-populated\">\n\t\t\t\t<div class=\"elementor-element elementor-element-c47d7bc e-flex e-con-boxed e-con e-parent\" data-id=\"c47d7bc\" data-element_type=\"container\" data-e-type=\"container\">\n\t\t\t\t\t<div class=\"e-con-inner\">\n\t\t\t\t<div class=\"elementor-element elementor-element-90ff927 elementor-widget elementor-widget-image\" data-id=\"90ff927\" data-element_type=\"widget\" data-e-type=\"widget\" data-widget_type=\"image.default\">\n\t\t\t\t<div class=\"elementor-widget-container\">\n\t\t\t\t\t\t\t\t\t\t\t\t\t\t\t<img fetchpriority=\"high\" decoding=\"async\" width=\"434\" height=\"434\" src=\"https:\/\/granatmed.md\/wp-content\/uploads\/2026\/05\/premium-recovery-ritual.png\" class=\"attachment-large size-large wp-image-5841\" alt=\"\" srcset=\"https:\/\/granatmed.md\/wp-content\/uploads\/2026\/05\/premium-recovery-ritual.png 434w, https:\/\/granatmed.md\/wp-content\/uploads\/2026\/05\/premium-recovery-ritual-115x115.png 115w, https:\/\/granatmed.md\/wp-content\/uploads\/2026\/05\/premium-recovery-ritual-12x12.png 12w, https:\/\/granatmed.md\/wp-content\/uploads\/2026\/05\/premium-recovery-ritual-145x145.png 145w, https:\/\/granatmed.md\/wp-content\/uploads\/2026\/05\/premium-recovery-ritual-290x290.png 290w\" sizes=\"(max-width: 434px) 100vw, 434px\" \/>\t\t\t\t\t\t\t\t\t\t\t\t\t\t\t<\/div>\n\t\t\t\t<\/div>\n\t\t\t\t\t<\/div>\n\t\t\t\t<\/div>\n\t\t\t\t\t<\/div>\n\t\t<\/div>\n\t\t\t\t<div class=\"elementor-column elementor-col-25 elementor-top-column elementor-element elementor-element-9dd9501\" data-id=\"9dd9501\" data-element_type=\"column\" data-e-type=\"column\">\n\t\t\t<div class=\"elementor-widget-wrap elementor-element-populated\">\n\t\t\t\t<div class=\"elementor-element elementor-element-680fb55 e-flex e-con-boxed e-con e-parent\" data-id=\"680fb55\" data-element_type=\"container\" data-e-type=\"container\">\n\t\t\t\t\t<div class=\"e-con-inner\">\n\t\t\t\t<div class=\"elementor-element elementor-element-e6d9204 elementor-widget elementor-widget-image\" data-id=\"e6d9204\" data-element_type=\"widget\" data-e-type=\"widget\" data-widget_type=\"image.default\">\n\t\t\t\t<div class=\"elementor-widget-container\">\n\t\t\t\t\t\t\t\t\t\t\t\t\t\t\t<img decoding=\"async\" width=\"434\" height=\"434\" src=\"https:\/\/granatmed.md\/wp-content\/uploads\/2026\/05\/express_office_massage.png\" class=\"attachment-large size-large wp-image-5854\" alt=\"\" srcset=\"https:\/\/granatmed.md\/wp-content\/uploads\/2026\/05\/express_office_massage.png 434w, https:\/\/granatmed.md\/wp-content\/uploads\/2026\/05\/express_office_massage-115x115.png 115w, https:\/\/granatmed.md\/wp-content\/uploads\/2026\/05\/express_office_massage-12x12.png 12w, https:\/\/granatmed.md\/wp-content\/uploads\/2026\/05\/express_office_massage-145x145.png 145w, https:\/\/granatmed.md\/wp-content\/uploads\/2026\/05\/express_office_massage-290x290.png 290w\" sizes=\"(max-width: 434px) 100vw, 434px\" \/>\t\t\t\t\t\t\t\t\t\t\t\t\t\t\t<\/div>\n\t\t\t\t<\/div>\n\t\t\t\t\t<\/div>\n\t\t\t\t<\/div>\n\t\t\t\t\t<\/div>\n\t\t<\/div>\n\t\t\t\t<div class=\"elementor-column elementor-col-25 elementor-top-column elementor-element elementor-element-429b1d9\" data-id=\"429b1d9\" data-element_type=\"column\" data-e-type=\"column\">\n\t\t\t<div class=\"elementor-widget-wrap elementor-element-populated\">\n\t\t\t\t<div class=\"elementor-element elementor-element-840e49d e-con-full e-flex e-con e-child\" data-id=\"840e49d\" data-element_type=\"container\" data-e-type=\"container\">\n\t\t\t\t<div class=\"elementor-element elementor-element-8751d39 elementor-widget elementor-widget-image\" data-id=\"8751d39\" data-element_type=\"widget\" data-e-type=\"widget\" data-widget_type=\"image.default\">\n\t\t\t\t<div class=\"elementor-widget-container\">\n\t\t\t\t\t\t\t\t\t\t\t\t\t\t\t<img decoding=\"async\" width=\"434\" height=\"434\" src=\"https:\/\/granatmed.md\/wp-content\/uploads\/2026\/05\/masaj-de-drenaj-limfatic.png\" class=\"attachment-large size-large wp-image-5843\" alt=\"\" srcset=\"https:\/\/granatmed.md\/wp-content\/uploads\/2026\/05\/masaj-de-drenaj-limfatic.png 434w, https:\/\/granatmed.md\/wp-content\/uploads\/2026\/05\/masaj-de-drenaj-limfatic-115x115.png 115w, https:\/\/granatmed.md\/wp-content\/uploads\/2026\/05\/masaj-de-drenaj-limfatic-12x12.png 12w, https:\/\/granatmed.md\/wp-content\/uploads\/2026\/05\/masaj-de-drenaj-limfatic-145x145.png 145w, https:\/\/granatmed.md\/wp-content\/uploads\/2026\/05\/masaj-de-drenaj-limfatic-290x290.png 290w\" sizes=\"(max-width: 434px) 100vw, 434px\" \/>\t\t\t\t\t\t\t\t\t\t\t\t\t\t\t<\/div>\n\t\t\t\t<\/div>\n\t\t\t\t<\/div>\n\t\t\t\t\t<\/div>\n\t\t<\/div>\n\t\t\t\t<div class=\"elementor-column elementor-col-25 elementor-top-column elementor-element elementor-element-6b21275\" data-id=\"6b21275\" data-element_type=\"column\" data-e-type=\"column\">\n\t\t\t<div class=\"elementor-widget-wrap elementor-element-populated\">\n\t\t\t\t<div class=\"elementor-element elementor-element-3cdfe1e e-flex e-con-boxed e-con e-parent\" data-id=\"3cdfe1e\" data-element_type=\"container\" data-e-type=\"container\">\n\t\t\t\t\t<div class=\"e-con-inner\">\n\t\t\t\t<div class=\"elementor-element elementor-element-40b83b5 elementor-widget elementor-widget-image\" data-id=\"40b83b5\" data-element_type=\"widget\" data-e-type=\"widget\" data-widget_type=\"image.default\">\n\t\t\t\t<div class=\"elementor-widget-container\">\n\t\t\t\t\t\t\t\t\t\t\t\t\t\t\t<img loading=\"lazy\" decoding=\"async\" width=\"900\" height=\"900\" src=\"https:\/\/granatmed.md\/wp-content\/uploads\/2024\/09\/granat_patrat_alb-rosu.png\" class=\"attachment-large size-large wp-image-3666\" alt=\"\" srcset=\"https:\/\/granatmed.md\/wp-content\/uploads\/2024\/09\/granat_patrat_alb-rosu.png 900w, https:\/\/granatmed.md\/wp-content\/uploads\/2024\/09\/granat_patrat_alb-rosu-460x460.png 460w, https:\/\/granatmed.md\/wp-content\/uploads\/2024\/09\/granat_patrat_alb-rosu-115x115.png 115w, https:\/\/granatmed.md\/wp-content\/uploads\/2024\/09\/granat_patrat_alb-rosu-760x760.png 760w, https:\/\/granatmed.md\/wp-content\/uploads\/2024\/09\/granat_patrat_alb-rosu-145x145.png 145w, https:\/\/granatmed.md\/wp-content\/uploads\/2024\/09\/granat_patrat_alb-rosu-290x290.png 290w\" sizes=\"(max-width: 900px) 100vw, 900px\" \/>\t\t\t\t\t\t\t\t\t\t\t\t\t\t\t<\/div>\n\t\t\t\t<\/div>\n\t\t\t\t\t<\/div>\n\t\t\t\t<\/div>\n\t\t\t\t\t<\/div>\n\t\t<\/div>\n\t\t\t\t\t<\/div>\n\t\t<\/section>\n\t\t\t\t<\/div>","protected":false},"excerpt":{"rendered":"<p>Premium Recovery Ritual Home MASAJ TERAPEUTIC &#038; RELAXARE Premium Recovery Ritual Premium Recovery Ritual este cea mai complet\u0103 \u0219i rafinat\u0103 experien\u021b\u0103 oferit\u0103&hellip;<\/p>","protected":false},"author":1,"featured_media":0,"parent":0,"menu_order":0,"comment_status":"closed","ping_status":"closed","template":"elementor_header_footer","meta":{"_metasync_otto_title":"","_metasync_otto_description":"","_metasync_otto_keywords":"","_metasync_otto_og_title":"","_metasync_otto_og_description":"","_metasync_otto_twitter_title":"","_metasync_otto_twitter_description":"","rank_math_title":"","rank_math_description":"","_yoast_wpseo_title":"","_yoast_wpseo_metadesc":"","_aioseo_title":"","_aioseo_description":"","_metasync_seo_title":"","_metasync_seo_desc":"","_metasync_breadcrumb_title":"","_metasync_primary_category":0,"_metasync_primary_product_cat":0,"_metasync_otto_disabled":"","_metasync_hreflang":"","footnotes":""},"class_list":["post-5914","page","type-page","status-publish","hentry"],"_links":{"self":[{"href":"https:\/\/granatmed.md\/ru\/wp-json\/wp\/v2\/pages\/5914","targetHints":{"allow":["GET"]}}],"collection":[{"href":"https:\/\/granatmed.md\/ru\/wp-json\/wp\/v2\/pages"}],"about":[{"href":"https:\/\/granatmed.md\/ru\/wp-json\/wp\/v2\/types\/page"}],"author":[{"embeddable":true,"href":"https:\/\/granatmed.md\/ru\/wp-json\/wp\/v2\/users\/1"}],"replies":[{"embeddable":true,"href":"https:\/\/granatmed.md\/ru\/wp-json\/wp\/v2\/comments?post=5914"}],"version-history":[{"count":7,"href":"https:\/\/granatmed.md\/ru\/wp-json\/wp\/v2\/pages\/5914\/revisions"}],"predecessor-version":[{"id":5926,"href":"https:\/\/granatmed.md\/ru\/wp-json\/wp\/v2\/pages\/5914\/revisions\/5926"}],"wp:attachment":[{"href":"https:\/\/granatmed.md\/ru\/wp-json\/wp\/v2\/media?parent=5914"}],"curies":[{"name":"wp","href":"https:\/\/api.w.org\/{rel}","templated":true}]}}