{"id":4528,"date":"2024-11-22T10:28:19","date_gmt":"2024-11-22T10:28:19","guid":{"rendered":"https:\/\/granatmed.md\/?post_type=product&#038;p=4528"},"modified":"2025-08-06T07:49:15","modified_gmt":"2025-08-06T07:49:15","slug":"foam","status":"publish","type":"product","link":"https:\/\/granatmed.md\/ru\/shop\/foam\/","title":{"rendered":"Set cadou"},"content":{"rendered":"<div data-elementor-type=\"product-post\" data-elementor-id=\"4528\" class=\"elementor elementor-4528\" data-elementor-post-type=\"product\">\n\t\t\t\t<div class=\"elementor-element elementor-element-7d276322 e-flex e-con-boxed e-con e-parent\" data-id=\"7d276322\" data-element_type=\"container\">\n\t\t\t\t\t<div class=\"e-con-inner\">\n\t\t\t\t<div class=\"elementor-element elementor-element-743f8df5 elementor-widget elementor-widget-text-editor\" data-id=\"743f8df5\" data-element_type=\"widget\" data-widget_type=\"text-editor.default\">\n\t\t\t\t<div class=\"elementor-widget-container\">\n\t\t\t\t\t\t\t\t\t<p>Surprinde pe cineva drag cu un cadou personalizat, alc\u0103tuit din produsele premium GranatMed! Acum ai libertatea de a combina orice produse din gama noastr\u0103 \u2013 de la <strong>\u041f\u0435\u043d\u043a\u0430 \u0434\u043b\u044f \u0443\u043c\u044b\u0432\u0430\u043d\u0438\u044f<\/strong> \u0438 <strong>\u0413\u043e\u043c\u043c\u0430\u0436 \u0434\u043b\u044f \u0442\u0435\u043b\u0430<\/strong>, p\u00e2n\u0103 la <strong>\u0422\u043e\u043d\u0438\u043a<\/strong> \u0438\u043b\u0438 <strong>\u0413\u0435\u043b\u0435\u0432\u0430\u044f \u0441\u044b\u0432\u043e\u0440\u043e\u0442\u043a\u0430 \u0434\u043b\u044f \u043b\u0438\u0446\u0430<\/strong> \u2013 \u0219i noi ne ocup\u0103m de restul.<\/p><p><strong>Ce oferim?<\/strong><br \/>\u2728 Ambalare elegant\u0103 \u0219i rafinat\u0103, perfect\u0103 pentru a face o impresie de neuitat.<br \/>\u2728 Posibilitatea de livrare rapid\u0103 la adresa dorit\u0103, pentru confortul t\u0103u.<br \/>\u2728 Op\u021biunea de a comanda online direct de pe site-ul nostru, simplu \u0219i rapid.<\/p><p>Fie c\u0103 alegi acest cadou pentru o aniversare, o s\u0103rb\u0103toare special\u0103 sau pur \u0219i simplu pentru a ar\u0103ta c\u00e2t de mult apreciezi pe cineva, produsele GranatMed sunt alegerea ideal\u0103 pentru a aduce bucurie \u0219i r\u0103sf\u0103\u021b.<\/p><p>\ud83d\udca1 <strong>\u041a\u0430\u043a \u044d\u0442\u043e \u0440\u0430\u0431\u043e\u0442\u0430\u0435\u0442?<\/strong><\/p><ol><li>Selecteaz\u0103 produsele preferate din colec\u021bia noastr\u0103.<\/li><li>Noi le ambal\u0103m cu grij\u0103 \u00eentr-un pachet cadou elegant.<\/li><li>Op\u021bional, oferim livrare direct\u0103 la destinatar, pentru o surpriz\u0103 perfect\u0103.<\/li><\/ol><p>Transform\u0103 fiecare cadou \u00eentr-o experien\u021b\u0103 unic\u0103 de lux \u0219i grij\u0103 cu GranatMed. \ud83c\udf1f<\/p><p><strong>Comand\u0103 acum \u0219i ofer\u0103 frumuse\u021be \u0219i \u00eengrijire \u00eentr-un mod cu totul special!<\/strong><\/p>\t\t\t\t\t\t\t\t<\/div>\n\t\t\t\t<\/div>\n\t\t\t\t\t<\/div>\n\t\t\t\t<\/div>\n\t\t<div class=\"elementor-element elementor-element-676ab9a e-flex e-con-boxed e-con e-parent\" data-id=\"676ab9a\" data-element_type=\"container\">\n\t\t\t\t\t<div class=\"e-con-inner\">\n\t\t\t\t<div class=\"elementor-element elementor-element-7b1f3ff elementor-widget elementor-widget-button\" data-id=\"7b1f3ff\" data-element_type=\"widget\" data-widget_type=\"button.default\">\n\t\t\t\t<div class=\"elementor-widget-container\">\n\t\t\t\t\t\t\t\t\t<div class=\"elementor-button-wrapper\">\n\t\t\t\t\t<a class=\"elementor-button elementor-button-link elementor-size-sm\" href=\"#\">\n\t\t\t\t\t\t<span class=\"elementor-button-content-wrapper\">\n\t\t\t\t\t\t\t\t\t<span class=\"elementor-button-text\">D\u0103 clic aici<\/span>\n\t\t\t\t\t<\/span>\n\t\t\t\t\t<\/a>\n\t\t\t\t<\/div>\n\t\t\t\t\t\t\t\t<\/div>\n\t\t\t\t<\/div>\n\t\t\t\t\t<\/div>\n\t\t\t\t<\/div>\n\t\t\t\t<\/div>","protected":false},"excerpt":{"rendered":"<p>Surprinde pe cineva drag cu un cadou personalizat, alc\u0103tuit din produsele premium GranatMed! Acum ai libertatea de a combina orice produse din&hellip;<\/p>","protected":false},"featured_media":4679,"comment_status":"open","ping_status":"closed","template":"","meta":[],"product_cat":[61],"product_tag":[103],"class_list":{"0":"post-4528","1":"product","2":"type-product","3":"status-publish","4":"has-post-thumbnail","6":"product_cat-ingrijire-a-pielii","7":"product_tag-cadou","8":"pa_brands-granath-esthetic-med","10":"first","11":"instock","12":"shipping-taxable","13":"product-type-simple"},"_links":{"self":[{"href":"https:\/\/granatmed.md\/ru\/wp-json\/wp\/v2\/product\/4528","targetHints":{"allow":["GET"]}}],"collection":[{"href":"https:\/\/granatmed.md\/ru\/wp-json\/wp\/v2\/product"}],"about":[{"href":"https:\/\/granatmed.md\/ru\/wp-json\/wp\/v2\/types\/product"}],"replies":[{"embeddable":true,"href":"https:\/\/granatmed.md\/ru\/wp-json\/wp\/v2\/comments?post=4528"}],"version-history":[{"count":12,"href":"https:\/\/granatmed.md\/ru\/wp-json\/wp\/v2\/product\/4528\/revisions"}],"predecessor-version":[{"id":4564,"href":"https:\/\/granatmed.md\/ru\/wp-json\/wp\/v2\/product\/4528\/revisions\/4564"}],"wp:featuredmedia":[{"embeddable":true,"href":"https:\/\/granatmed.md\/ru\/wp-json\/wp\/v2\/media\/4679"}],"wp:attachment":[{"href":"https:\/\/granatmed.md\/ru\/wp-json\/wp\/v2\/media?parent=4528"}],"wp:term":[{"taxonomy":"product_cat","embeddable":true,"href":"https:\/\/granatmed.md\/ru\/wp-json\/wp\/v2\/product_cat?post=4528"},{"taxonomy":"product_tag","embeddable":true,"href":"https:\/\/granatmed.md\/ru\/wp-json\/wp\/v2\/product_tag?post=4528"}],"curies":[{"name":"wp","href":"https:\/\/api.w.org\/{rel}","templated":true}]}}