{"id":4537,"date":"2024-11-25T09:59:51","date_gmt":"2024-11-25T09:59:51","guid":{"rendered":"https:\/\/granatmed.md\/?post_type=product&#038;p=4537"},"modified":"2025-08-09T18:17:54","modified_gmt":"2025-08-09T18:17:54","slug":"https-granatmed-md-shop-spuma-curatare-ten-sensibil","status":"publish","type":"product","link":"https:\/\/granatmed.md\/ru\/shop\/https-granatmed-md-shop-spuma-curatare-ten-sensibil\/","title":{"rendered":"Foam Cleanser &#8211; Spum\u0103 cur\u0103\u021bare ten sensibil"},"content":{"rendered":"<p data-start=\"862\" data-end=\"1195\"><strong data-start=\"862\" data-end=\"930\">Spum\u0103 cur\u0103\u021bare ten sensibil \u2013 cur\u0103\u021bare delicat\u0103 \u0219i eficient\u0103<\/strong><br data-start=\"930\" data-end=\"933\" \/>Spum\u0103 cur\u0103\u021bare ten sensibil este creat\u0103 special pentru persoanele cu piele delicat\u0103, predispus\u0103 la irita\u021bii sau ro\u0219ea\u021b\u0103. Formula sa bl\u00e2nd\u0103 cur\u0103\u021b\u0103 \u00een profunzime f\u0103r\u0103 s\u0103 afecteze bariera natural\u0103 de protec\u021bie a pielii, l\u0103s\u00e2nd tenul proasp\u0103t, hidratat \u0219i catifelat.<\/p>\n<p data-start=\"1197\" data-end=\"1361\"><strong data-start=\"1197\" data-end=\"1236\">Ingrediente active \u0219i beneficii<\/strong><br data-start=\"1236\" data-end=\"1239\" \/>Aceast\u0103 spum\u0103 con\u021bine ingrediente atent selec\u021bionate pentru a oferi at\u00e2t cur\u0103\u021bare eficient\u0103, c\u00e2t \u0219i \u00eengrijire intensiv\u0103.<\/p>\n<p data-start=\"1363\" data-end=\"1384\"><strong data-start=\"1363\" data-end=\"1382\">Niacinamid\u0103<\/strong><\/p>\n<ul data-start=\"1385\" data-end=\"1490\">\n<li data-start=\"1385\" data-end=\"1419\">\n<p data-start=\"1387\" data-end=\"1419\">Calmeaz\u0103 ro\u0219ea\u021ba \u0219i irita\u021biile<\/p>\n<\/li>\n<li data-start=\"1420\" data-end=\"1458\">\n<p data-start=\"1422\" data-end=\"1458\">\u00cembun\u0103t\u0103\u021be\u0219te elasticitatea pielii<\/p>\n<\/li>\n<li data-start=\"1459\" data-end=\"1490\">\n<p data-start=\"1461\" data-end=\"1490\">Uniformizeaz\u0103 tonul tenului<\/p>\n<\/li>\n<\/ul>\n<p data-start=\"1492\" data-end=\"1513\"><strong data-start=\"1492\" data-end=\"1511\">\u0414-\u041f\u0430\u043d\u0442\u0435\u043d\u043e\u043b<\/strong><\/p>\n<ul data-start=\"1514\" data-end=\"1652\">\n<li data-start=\"1514\" data-end=\"1570\">\n<p data-start=\"1516\" data-end=\"1570\">Hidrateaz\u0103 intens \u0219i men\u021bine echilibrul de umiditate<\/p>\n<\/li>\n<li data-start=\"1571\" data-end=\"1605\">\n<p data-start=\"1573\" data-end=\"1605\">Accelereaz\u0103 regenerarea pielii<\/p>\n<\/li>\n<li data-start=\"1606\" data-end=\"1652\">\n<p data-start=\"1608\" data-end=\"1652\">Reduce senza\u021bia de usc\u0103ciune \u0219i disconfort<\/p>\n<\/li>\n<\/ul>\n<p data-start=\"1654\" data-end=\"1983\"><strong data-start=\"1654\" data-end=\"1678\">Alte ingrediente<\/strong><br data-start=\"1678\" data-end=\"1681\" \/>Aqua, Emollients, Emulgators, Emulsifiers, Moisturizing Agents, Complexing Agents, Amfoteric Surfactant, Nonionic Surfactant, Anionic Surfactant, Natural Cosmetic Preservative.<br data-start=\"1857\" data-end=\"1860\" \/>Aceast\u0103 combina\u021bie asigur\u0103 o cur\u0103\u021bare complet\u0103, protec\u021bie \u00eempotriva factorilor de mediu \u0219i men\u021binerea unei pieli s\u0103n\u0103toase.<\/p>\n<hr data-start=\"1985\" data-end=\"1988\" \/>\n<p data-start=\"1990\" data-end=\"2207\"><strong data-start=\"1990\" data-end=\"2014\">Mod de utilizare<\/strong><br data-start=\"2014\" data-end=\"2017\" \/>Aplic\u0103 o cantitate mic\u0103 de spum\u0103 pe pielea umed\u0103 a fe\u021bei, maseaz\u0103 u\u0219or cu mi\u0219c\u0103ri circulare, apoi cl\u0103te\u0219te cu ap\u0103 c\u0103ldu\u021b\u0103. Se recomand\u0103 utilizarea diminea\u021ba \u0219i seara pentru rezultate optime.<\/p>\n<hr data-start=\"2209\" data-end=\"2212\" \/>\n<p data-start=\"2214\" data-end=\"2266\"><strong data-start=\"2214\" data-end=\"2264\">De ce s\u0103 alegi Spum\u0103 cur\u0103\u021bare ten sensibil<\/strong><\/p>\n<ul data-start=\"2267\" data-end=\"2489\">\n<li data-start=\"2267\" data-end=\"2315\">\n<p data-start=\"2269\" data-end=\"2315\">Formula hipoalergenic\u0103, testat\u0103 dermatologic<\/p>\n<\/li>\n<li data-start=\"2316\" data-end=\"2367\">\n<p data-start=\"2318\" data-end=\"2367\">Potrivit\u0103 pentru toate tipurile de ten sensibil<\/p>\n<\/li>\n<li data-start=\"2368\" data-end=\"2420\">\n<p data-start=\"2370\" data-end=\"2420\">F\u0103r\u0103 parabeni, sulfa\u021bi sau coloran\u021bi artificiali<\/p>\n<\/li>\n<li data-start=\"2421\" data-end=\"2489\">\n<p data-start=\"2423\" data-end=\"2489\">Eficient\u0103 chiar \u0219i pentru pielea predispus\u0103 la acnee sau rozacee<\/p>\n<\/li>\n<\/ul>\n<hr data-start=\"2491\" data-end=\"2494\" \/>\n<p data-start=\"2496\" data-end=\"2694\"><strong data-start=\"2496\" data-end=\"2522\">Rezultate vizibile<\/strong><br data-start=\"2522\" data-end=\"2525\" \/>Dup\u0103 prima utilizare, pielea devine mai curat\u0103, mai luminoas\u0103 \u0219i mai catifelat\u0103. Cu utilizare zilnic\u0103, se observ\u0103 reducerea irita\u021biilor \u0219i \u00eembun\u0103t\u0103\u021birea texturii pielii.<\/p>\n<hr data-start=\"2696\" data-end=\"2699\" \/>\n<p data-start=\"2701\" data-end=\"3067\"><strong data-start=\"2701\" data-end=\"2732\">Recomand\u0103ri de asociere<\/strong><br data-start=\"2732\" data-end=\"2735\" \/>Pentru rezultate maxime, folose\u0219te aceast\u0103 spum\u0103 \u00eempreun\u0103 cu <strong data-start=\"2796\" data-end=\"2882\"><a class=\"cursor-pointer\" target=\"_new\" rel=\"noopener\" data-start=\"2798\" data-end=\"2880\">Ser hidratant cu acid hialuronic: https:\/\/granatmed.md\/shop\/serum-gel\/\u00a0<\/a><\/strong><br data-start=\"2897\" data-end=\"2900\" \/>Pentru mai multe informa\u021bii despre beneficiile Niacinamidei, vezi acest <strong data-start=\"2972\" data-end=\"3052\"><a class=\"cursor-pointer\" target=\"_new\" rel=\"noopener\" data-start=\"2974\" data-end=\"3050\">studiu dermatologic.<\/a><\/strong><\/p>","protected":false},"excerpt":{"rendered":"<p data-start=\"526\" data-end=\"732\">Spum\u0103 cur\u0103\u021bare ten sensibil cu Niacinamid\u0103 \u0219i D-Panthenol, ideal\u0103 pentru pielea delicat\u0103. Cur\u0103\u021b\u0103 eficient, hidrateaz\u0103 \u0219i protejeaz\u0103 bariera cutanat\u0103.<\/p>\n<p><strong>\u0424\u041e\u0420\u041c\u0423\u041b\u0410: <\/strong>\u041d\u0438\u0430\u0446\u0438\u043d\u0430\u043c\u0438\u0434 + \u0414-\u043f\u0430\u043d\u0442\u0435\u043d\u043e\u043b<\/p>","protected":false},"featured_media":4686,"comment_status":"open","ping_status":"closed","template":"","meta":[],"product_cat":[61],"product_tag":[84],"class_list":{"0":"post-4537","1":"product","2":"type-product","3":"status-publish","4":"has-post-thumbnail","6":"product_cat-ingrijire-a-pielii","7":"product_tag-cleanser","8":"pa_brands-granath-esthetic-med","10":"first","11":"instock","12":"shipping-taxable","13":"purchasable","14":"product-type-simple"},"_links":{"self":[{"href":"https:\/\/granatmed.md\/ru\/wp-json\/wp\/v2\/product\/4537","targetHints":{"allow":["GET"]}}],"collection":[{"href":"https:\/\/granatmed.md\/ru\/wp-json\/wp\/v2\/product"}],"about":[{"href":"https:\/\/granatmed.md\/ru\/wp-json\/wp\/v2\/types\/product"}],"replies":[{"embeddable":true,"href":"https:\/\/granatmed.md\/ru\/wp-json\/wp\/v2\/comments?post=4537"}],"version-history":[{"count":11,"href":"https:\/\/granatmed.md\/ru\/wp-json\/wp\/v2\/product\/4537\/revisions"}],"predecessor-version":[{"id":4747,"href":"https:\/\/granatmed.md\/ru\/wp-json\/wp\/v2\/product\/4537\/revisions\/4747"}],"wp:featuredmedia":[{"embeddable":true,"href":"https:\/\/granatmed.md\/ru\/wp-json\/wp\/v2\/media\/4686"}],"wp:attachment":[{"href":"https:\/\/granatmed.md\/ru\/wp-json\/wp\/v2\/media?parent=4537"}],"wp:term":[{"taxonomy":"product_cat","embeddable":true,"href":"https:\/\/granatmed.md\/ru\/wp-json\/wp\/v2\/product_cat?post=4537"},{"taxonomy":"product_tag","embeddable":true,"href":"https:\/\/granatmed.md\/ru\/wp-json\/wp\/v2\/product_tag?post=4537"}],"curies":[{"name":"wp","href":"https:\/\/api.w.org\/{rel}","templated":true}]}}